{"id":2873,"date":"2024-01-09T17:51:16","date_gmt":"2024-01-09T17:51:16","guid":{"rendered":"https:\/\/vipur.at\/?page_id=2873"},"modified":"2026-04-01T16:59:28","modified_gmt":"2026-04-01T16:59:28","slug":"micromedia","status":"publish","type":"page","link":"https:\/\/vipur.at\/en\/micromedia\/","title":{"rendered":"Micromedia"},"content":{"rendered":"<div data-elementor-type=\"wp-page\" data-elementor-id=\"2873\" class=\"elementor elementor-2873\" data-elementor-post-type=\"page\">\n\t\t\t\t<div class=\"elementor-element elementor-element-90b08a0 e-flex e-con-boxed e-con e-parent\" data-id=\"90b08a0\" data-element_type=\"container\" data-e-type=\"container\" data-settings=\"{&quot;background_background&quot;:&quot;classic&quot;}\">\n\t\t\t\t\t<div class=\"e-con-inner\">\n\t\t\t\t<div class=\"elementor-element elementor-element-55812e4 elementor-widget elementor-widget-heading\" data-id=\"55812e4\" data-element_type=\"widget\" data-e-type=\"widget\" data-widget_type=\"heading.default\">\n\t\t\t\t<div class=\"elementor-widget-container\">\n\t\t\t\t\t<h1 class=\"elementor-heading-title elementor-size-default\">MICROMEDIA\u00ae<\/h1>\t\t\t\t<\/div>\n\t\t\t\t<\/div>\n\t\t\t\t\t<\/div>\n\t\t\t\t<\/div>\n\t\t<div class=\"elementor-element elementor-element-78f0baa e-flex e-con-boxed e-con e-parent\" data-id=\"78f0baa\" data-element_type=\"container\" data-e-type=\"container\">\n\t\t\t\t\t<div class=\"e-con-inner\">\n\t\t\t\t<div class=\"elementor-element elementor-element-3f50f1a elementor-widget elementor-widget-global elementor-global-630 elementor-widget-spacer\" data-id=\"3f50f1a\" data-element_type=\"widget\" data-e-type=\"widget\" data-widget_type=\"spacer.default\">\n\t\t\t\t<div class=\"elementor-widget-container\">\n\t\t\t\t\t\t\t<div class=\"elementor-spacer\">\n\t\t\t<div class=\"elementor-spacer-inner\"><\/div>\n\t\t<\/div>\n\t\t\t\t\t\t<\/div>\n\t\t\t\t<\/div>\n\t\t\t\t\t<\/div>\n\t\t\t\t<\/div>\n\t\t<div class=\"elementor-element elementor-element-a353c3d e-flex e-con-boxed e-con e-parent\" data-id=\"a353c3d\" data-element_type=\"container\" data-e-type=\"container\">\n\t\t\t\t\t<div class=\"e-con-inner\">\n\t\t<div class=\"elementor-element elementor-element-d442ef5 e-con-full e-flex e-con e-child\" data-id=\"d442ef5\" data-element_type=\"container\" data-e-type=\"container\">\n\t\t\t\t<div class=\"elementor-element elementor-element-35c9d5a elementor-widget elementor-widget-heading\" data-id=\"35c9d5a\" data-element_type=\"widget\" data-e-type=\"widget\" data-widget_type=\"heading.default\">\n\t\t\t\t<div class=\"elementor-widget-container\">\n\t\t\t\t\t<h2 class=\"elementor-heading-title elementor-size-default\">Details<\/h2>\t\t\t\t<\/div>\n\t\t\t\t<\/div>\n\t\t\t\t<div class=\"elementor-element elementor-element-be17712 elementor-widget elementor-widget-text-editor\" data-id=\"be17712\" data-element_type=\"widget\" data-e-type=\"widget\" data-widget_type=\"text-editor.default\">\n\t\t\t\t<div class=\"elementor-widget-container\">\n\t\t\t\t\t\t\t\t\t<p class=\"p1\"><span class=\"s1\">The addition of filter aids and wet strength resin differentiates MicroMedia\u00ae depth filter sheets from the AlphaMedia\u2122 Series, but the differences do not end there.<span class=\"Apple-converted-space\">\u00a0<\/span><\/span><\/p><p class=\"p1\"><span class=\"s1\">The addition of these ingredients improves retention efficiency by increasing internal surface area and the positive charge known as zeta potential. Zeta potential is the positively charged site within the matrix of fibers and filter aids that attracts negatively charged particles that may be smaller than the pore sizes available in the filter pad.<\/span><\/p><p class=\"p1\"><span class=\"s1\">Wet strength resins can be steam sterilized and are all free of formaldehyde. The filter aids used are perlite and\/or diatomaceous earth, which also help to improve filtration efficiency.<\/span><\/p><p class=\"p1 translation-block\">MicroMedia\u00ae depth filter sheets are formulated with cellulose, wet strength resin and diatomaceous\nearth and\/or perlite and are specifically designed for use in critical applications. All components of\nErtelAlsop MicroMedia\u00ae depth filter sheets are listed in the CFR as generally recognized as safe for\nfood contact in accordance with 21 CFR 176.170.<\/p>\t\t\t\t\t\t\t\t<\/div>\n\t\t\t\t<\/div>\n\t\t\t\t<\/div>\n\t\t<div class=\"elementor-element elementor-element-fb61831 e-con-full e-flex e-con e-child\" data-id=\"fb61831\" data-element_type=\"container\" data-e-type=\"container\">\n\t\t\t\t<div class=\"elementor-element elementor-element-af2db26 elementor-widget elementor-widget-image\" data-id=\"af2db26\" data-element_type=\"widget\" data-e-type=\"widget\" data-widget_type=\"image.default\">\n\t\t\t\t<div class=\"elementor-widget-container\">\n\t\t\t\t\t\t\t\t\t\t\t\t\t\t\t<img fetchpriority=\"high\" decoding=\"async\" width=\"800\" height=\"600\" src=\"https:\/\/vipur.at\/wp-content\/uploads\/2024\/01\/Flat_Stock_ErtelAlsop_vipur-1024x768.jpg\" class=\"attachment-large size-large wp-image-4251\" alt=\"MicroMedia\u00ae depth filter sheets\" srcset=\"https:\/\/vipur.at\/wp-content\/uploads\/2024\/01\/Flat_Stock_ErtelAlsop_vipur-1024x768.jpg 1024w, https:\/\/vipur.at\/wp-content\/uploads\/2024\/01\/Flat_Stock_ErtelAlsop_vipur-300x225.jpg 300w, https:\/\/vipur.at\/wp-content\/uploads\/2024\/01\/Flat_Stock_ErtelAlsop_vipur-768x576.jpg 768w, https:\/\/vipur.at\/wp-content\/uploads\/2024\/01\/Flat_Stock_ErtelAlsop_vipur-16x12.jpg 16w, https:\/\/vipur.at\/wp-content\/uploads\/2024\/01\/Flat_Stock_ErtelAlsop_vipur.jpg 1080w\" sizes=\"(max-width: 800px) 100vw, 800px\" \/>\t\t\t\t\t\t\t\t\t\t\t\t\t\t\t<\/div>\n\t\t\t\t<\/div>\n\t\t\t\t<\/div>\n\t\t\t\t\t<\/div>\n\t\t\t\t<\/div>\n\t\t<div class=\"elementor-element elementor-element-3f4605e e-flex e-con-boxed e-con e-parent\" data-id=\"3f4605e\" data-element_type=\"container\" data-e-type=\"container\">\n\t\t\t\t\t<div class=\"e-con-inner\">\n\t\t<div class=\"elementor-element elementor-element-60a1e22 e-flex e-con-boxed e-con e-child\" data-id=\"60a1e22\" data-element_type=\"container\" data-e-type=\"container\">\n\t\t\t\t\t<div class=\"e-con-inner\">\n\t\t\t\t<div class=\"elementor-element elementor-element-e280f76 elementor-widget elementor-widget-global elementor-global-640 elementor-widget-spacer\" data-id=\"e280f76\" data-element_type=\"widget\" data-e-type=\"widget\" data-widget_type=\"spacer.default\">\n\t\t\t\t<div class=\"elementor-widget-container\">\n\t\t\t\t\t\t\t<div class=\"elementor-spacer\">\n\t\t\t<div class=\"elementor-spacer-inner\"><\/div>\n\t\t<\/div>\n\t\t\t\t\t\t<\/div>\n\t\t\t\t<\/div>\n\t\t\t\t<div class=\"elementor-element elementor-element-e1767f9 elementor-tabs-view-horizontal elementor-widget elementor-widget-tabs\" data-id=\"e1767f9\" data-element_type=\"widget\" data-e-type=\"widget\" data-widget_type=\"tabs.default\">\n\t\t\t\t<div class=\"elementor-widget-container\">\n\t\t\t\t\t\t\t<div class=\"elementor-tabs\">\n\t\t\t<div class=\"elementor-tabs-wrapper\" role=\"tablist\" >\n\t\t\t\t\t\t\t\t\t<div id=\"elementor-tab-title-2361\" class=\"elementor-tab-title elementor-tab-desktop-title\" aria-selected=\"true\" data-tab=\"1\" role=\"tab\" tabindex=\"0\" aria-controls=\"elementor-tab-content-2361\" aria-expanded=\"false\">MicroMedia\u00ae L<\/div>\n\t\t\t\t\t\t\t\t\t<div id=\"elementor-tab-title-2362\" class=\"elementor-tab-title elementor-tab-desktop-title\" aria-selected=\"false\" data-tab=\"2\" role=\"tab\" tabindex=\"-1\" aria-controls=\"elementor-tab-content-2362\" aria-expanded=\"false\">MicroMedia\u00ae XL<\/div>\n\t\t\t\t\t\t\t\t\t<div id=\"elementor-tab-title-2363\" class=\"elementor-tab-title elementor-tab-desktop-title\" aria-selected=\"false\" data-tab=\"3\" role=\"tab\" tabindex=\"-1\" aria-controls=\"elementor-tab-content-2363\" aria-expanded=\"false\">MicroMedia\u00ae LXL<\/div>\n\t\t\t\t\t\t\t\t\t<div id=\"elementor-tab-title-2364\" class=\"elementor-tab-title elementor-tab-desktop-title\" aria-selected=\"false\" data-tab=\"4\" role=\"tab\" tabindex=\"-1\" aria-controls=\"elementor-tab-content-2364\" aria-expanded=\"false\">MicroMedia\u00ae PXL<\/div>\n\t\t\t\t\t\t\t<\/div>\n\t\t\t<div class=\"elementor-tabs-content-wrapper\" role=\"tablist\" aria-orientation=\"vertical\">\n\t\t\t\t\t\t\t\t\t<div class=\"elementor-tab-title elementor-tab-mobile-title\" aria-selected=\"true\" data-tab=\"1\" role=\"tab\" tabindex=\"0\" aria-controls=\"elementor-tab-content-2361\" aria-expanded=\"false\">MicroMedia\u00ae L<\/div>\n\t\t\t\t\t<div id=\"elementor-tab-content-2361\" class=\"elementor-tab-content elementor-clearfix\" data-tab=\"1\" role=\"tabpanel\" aria-labelledby=\"elementor-tab-title-2361\" tabindex=\"0\" hidden=\"false\"><p class=\"p1 translation-block\">To reduce the occurrence of \"false positives\" due to 1,3-beta-D-glucans in cellulose, MicroMedia\u00ae L Series depth filters are manufactured from high purity cellulose.<\/p><p class=\"p1 translation-block\">MicroMedia\u00ae L Series filter sheets are specifically designed for use in applications where proteins are present, such as blood fractionation or products derived from recombinant DNA. These particular types of applications require special controls of pyrogens and extractables. Physical properties unique to these applications can lower the surface tension of the media and cause them to release extractables. This can cause problems with the LAL tests. These extractables can lead to \"false positives\" by reacting with a factor G in the LAL reagent and cellulose components.<\/p><p class=\"p1\">One particular source of extractables is the 1,3-\u00df-D-glucan impurity in cellulose. Cellulose is a major component of depth filter products. The degree of reactivity depends on the amount of 1,3-\u00df-D-glucans released during the production of the filter medium and the amount of factor G in the LAL reagent, which varies depending on the manufacturer.<\/p><p class=\"p1 translation-block\">Using a unique process, ErtelAlsop minimizes the 1,3-\u00df-D-glucan content in the cellulose pulp prior to the production of the depth filter medium. This minimizes the effects of 1,3 \u00df-D-glucans and enables the validation of the product's LAL test.<\/p><p><a style=\"text-transform: uppercase; font-weight: 500; letter-spacing: 1px; color: #b4008c; display: block;\" href=\"https:\/\/vipur.at\/wp-content\/uploads\/2024\/02\/MicroMedia_L_Series_Filter_Media_ErtelAlsop-vipur.pdf\" target=\"_blank\" rel=\"noopener\">Download technical data sheet<\/a><\/p><\/div>\n\t\t\t\t\t\t\t\t\t<div class=\"elementor-tab-title elementor-tab-mobile-title\" aria-selected=\"false\" data-tab=\"2\" role=\"tab\" tabindex=\"-1\" aria-controls=\"elementor-tab-content-2362\" aria-expanded=\"false\">MicroMedia\u00ae XL<\/div>\n\t\t\t\t\t<div id=\"elementor-tab-content-2362\" class=\"elementor-tab-content elementor-clearfix\" data-tab=\"2\" role=\"tabpanel\" aria-labelledby=\"elementor-tab-title-2362\" tabindex=\"0\" hidden=\"hidden\"><p class=\"p1\">MicroMedia\u00ae XL Series depth filter sheets are made from cellulose, wet strength resin and a special diatomaceous earth which is specially formulated for usage in critical applications.<\/p>\n<p class=\"p1\">MicroMedia\u00ae XL Series depth filter sheets offer improved turbidity reduction and higher throughput.<span class=\"Apple-converted-space\">\u00a0<\/span><\/p>\n<a style=\"text-transform: uppercase; font-weight: 500; letter-spacing: 1px; color: #b4008c; display: block;\" href=\"https:\/\/vipur.at\/wp-content\/uploads\/2024\/02\/MicroMediaXL_Series_ErtelAlsop-vipur.pdf\" target=\"_blank\" rel=\"noopener\">Download technical data sheet<\/a><\/div>\n\t\t\t\t\t\t\t\t\t<div class=\"elementor-tab-title elementor-tab-mobile-title\" aria-selected=\"false\" data-tab=\"3\" role=\"tab\" tabindex=\"-1\" aria-controls=\"elementor-tab-content-2363\" aria-expanded=\"false\">MicroMedia\u00ae LXL<\/div>\n\t\t\t\t\t<div id=\"elementor-tab-content-2363\" class=\"elementor-tab-content elementor-clearfix\" data-tab=\"3\" role=\"tabpanel\" aria-labelledby=\"elementor-tab-title-2363\" tabindex=\"0\" hidden=\"hidden\"><p class=\"p1\">For the highest possible quality assurance, ErtelAlsop's MicroMedia\u00ae LXL Series filter sheets are formulated from both high purity cellulose and high-quality diatomaceous earth.<\/p>\n<p class=\"p1\">Nine different grades of MicroMedia\u00ae LXL Series filter sheets offer the combined benefits of the ultra-pure diatomaceous earth of the XL-Series and the low beta-glucan cellulose fibers of the L-Series.<\/p>\n<a style=\"text-transform: uppercase; font-weight: 500; letter-spacing: 1px; color: #b4008c; display: block;\" href=\"https:\/\/vipur.at\/wp-content\/uploads\/2024\/02\/MicroMedia_L_Series_Filter_Media_ErtelAlsop-vipur.pdf\" target=\"_blank\" rel=\"noopener\">Download technical data sheet<\/a><\/div>\n\t\t\t\t\t\t\t\t\t<div class=\"elementor-tab-title elementor-tab-mobile-title\" aria-selected=\"false\" data-tab=\"4\" role=\"tab\" tabindex=\"-1\" aria-controls=\"elementor-tab-content-2364\" aria-expanded=\"false\">MicroMedia\u00ae PXL<\/div>\n\t\t\t\t\t<div id=\"elementor-tab-content-2364\" class=\"elementor-tab-content elementor-clearfix\" data-tab=\"4\" role=\"tabpanel\" aria-labelledby=\"elementor-tab-title-2364\" tabindex=\"0\" hidden=\"hidden\"><p class=\"p1\">PXL Media is a complex of filter media that provides significantly improved throughput and excellent contaminant retention in high solids loading processes. PXL Media is specifically designed for use as an initial pre-filter or clarifier and is ideal for protecting downstream process steps.<\/p>\n<a style=\"text-transform: uppercase; font-weight: 500; letter-spacing: 1px; color: #b4008c; display: block;\" href=\"https:\/\/vipur.at\/wp-content\/uploads\/2024\/02\/MicroMediaPXL_Series_ErtelAlsop-vipur.pdf\" target=\"_blank\" rel=\"noopener\">Download technical data sheet<\/a><\/div>\n\t\t\t\t\t\t\t<\/div>\n\t\t<\/div>\n\t\t\t\t\t\t<\/div>\n\t\t\t\t<\/div>\n\t\t\t\t<div class=\"elementor-element elementor-element-86a68b0 elementor-widget elementor-widget-global elementor-global-630 elementor-widget-spacer\" data-id=\"86a68b0\" data-element_type=\"widget\" data-e-type=\"widget\" data-widget_type=\"spacer.default\">\n\t\t\t\t<div class=\"elementor-widget-container\">\n\t\t\t\t\t\t\t<div class=\"elementor-spacer\">\n\t\t\t<div class=\"elementor-spacer-inner\"><\/div>\n\t\t<\/div>\n\t\t\t\t\t\t<\/div>\n\t\t\t\t<\/div>\n\t\t\t\t\t<\/div>\n\t\t\t\t<\/div>\n\t\t\t\t\t<\/div>\n\t\t\t\t<\/div>\n\t\t<div class=\"elementor-element elementor-element-ee84e7f e-flex e-con-boxed e-con e-parent\" data-id=\"ee84e7f\" data-element_type=\"container\" data-e-type=\"container\">\n\t\t\t\t\t<div class=\"e-con-inner\">\n\t\t<div class=\"elementor-element elementor-element-9d91310 e-con-full e-flex e-con e-child\" data-id=\"9d91310\" data-element_type=\"container\" data-e-type=\"container\">\n\t\t\t\t<div class=\"elementor-element elementor-element-15e932c elementor-widget elementor-widget-heading\" data-id=\"15e932c\" data-element_type=\"widget\" data-e-type=\"widget\" data-widget_type=\"heading.default\">\n\t\t\t\t<div class=\"elementor-widget-container\">\n\t\t\t\t\t<h2 class=\"elementor-heading-title elementor-size-default\">Suppliers<\/h2>\t\t\t\t<\/div>\n\t\t\t\t<\/div>\n\t\t\t\t<div class=\"elementor-element elementor-element-74b71e6 elementor-widget elementor-widget-text-editor\" data-id=\"74b71e6\" data-element_type=\"widget\" data-e-type=\"widget\" data-widget_type=\"text-editor.default\">\n\t\t\t\t<div class=\"elementor-widget-container\">\n\t\t\t\t\t\t\t\t\t<p>We maintain intensive and personal contacts with our global suppliers - synergies and reliability are very important to us.<\/p>\t\t\t\t\t\t\t\t<\/div>\n\t\t\t\t<\/div>\n\t\t\t\t<div class=\"elementor-element elementor-element-5f4ed83 elementor-widget elementor-widget-image\" data-id=\"5f4ed83\" data-element_type=\"widget\" data-e-type=\"widget\" data-widget_type=\"image.default\">\n\t\t\t\t<div class=\"elementor-widget-container\">\n\t\t\t\t\t\t\t\t\t\t\t\t\t\t\t<img decoding=\"async\" width=\"800\" height=\"118\" src=\"https:\/\/vipur.at\/wp-content\/uploads\/2023\/12\/ErtelAlsop_Logo_Orange.png\" class=\"attachment-large size-large wp-image-1959\" alt=\"Logo of ErtelAlsop, Partner of vipur - vienna purification.\" srcset=\"https:\/\/vipur.at\/wp-content\/uploads\/2023\/12\/ErtelAlsop_Logo_Orange.png 1000w, https:\/\/vipur.at\/wp-content\/uploads\/2023\/12\/ErtelAlsop_Logo_Orange-300x44.png 300w, https:\/\/vipur.at\/wp-content\/uploads\/2023\/12\/ErtelAlsop_Logo_Orange-768x114.png 768w, https:\/\/vipur.at\/wp-content\/uploads\/2023\/12\/ErtelAlsop_Logo_Orange-18x3.png 18w\" sizes=\"(max-width: 800px) 100vw, 800px\" \/>\t\t\t\t\t\t\t\t\t\t\t\t\t\t\t<\/div>\n\t\t\t\t<\/div>\n\t\t\t\t<\/div>\n\t\t<div class=\"elementor-element elementor-element-4c3f883 e-con-full e-flex e-con e-child\" data-id=\"4c3f883\" data-element_type=\"container\" data-e-type=\"container\" data-settings=\"{&quot;background_background&quot;:&quot;classic&quot;}\">\n\t\t\t\t<div class=\"elementor-element elementor-element-6ba45b8 elementor-widget elementor-widget-heading\" data-id=\"6ba45b8\" data-element_type=\"widget\" data-e-type=\"widget\" data-widget_type=\"heading.default\">\n\t\t\t\t<div class=\"elementor-widget-container\">\n\t\t\t\t\t<h3 class=\"elementor-heading-title elementor-size-default\">Contact us here.<\/h3>\t\t\t\t<\/div>\n\t\t\t\t<\/div>\n\t\t\t\t<div class=\"elementor-element elementor-element-1960f77 elementor-align-center elementor-widget elementor-widget-button\" data-id=\"1960f77\" data-element_type=\"widget\" data-e-type=\"widget\" data-widget_type=\"button.default\">\n\t\t\t\t<div class=\"elementor-widget-container\">\n\t\t\t\t\t\t\t\t\t<div class=\"elementor-button-wrapper\">\n\t\t\t\t\t<a class=\"elementor-button elementor-button-link elementor-size-sm\" href=\"https:\/\/vipur.at\/en\/contact\/\">\n\t\t\t\t\t\t<span class=\"elementor-button-content-wrapper\">\n\t\t\t\t\t\t\t\t\t<span class=\"elementor-button-text\">Contact<\/span>\n\t\t\t\t\t<\/span>\n\t\t\t\t\t<\/a>\n\t\t\t\t<\/div>\n\t\t\t\t\t\t\t\t<\/div>\n\t\t\t\t<\/div>\n\t\t\t\t<\/div>\n\t\t\t\t\t<\/div>\n\t\t\t\t<\/div>\n\t\t<div class=\"elementor-element elementor-element-eaa8df1 e-flex e-con-boxed e-con e-parent\" data-id=\"eaa8df1\" data-element_type=\"container\" data-e-type=\"container\">\n\t\t\t\t\t<div class=\"e-con-inner\">\n\t\t\t\t<div class=\"elementor-element elementor-element-057e1fa elementor-widget elementor-widget-global elementor-global-630 elementor-widget-spacer\" data-id=\"057e1fa\" data-element_type=\"widget\" data-e-type=\"widget\" data-widget_type=\"spacer.default\">\n\t\t\t\t<div class=\"elementor-widget-container\">\n\t\t\t\t\t\t\t<div class=\"elementor-spacer\">\n\t\t\t<div class=\"elementor-spacer-inner\"><\/div>\n\t\t<\/div>\n\t\t\t\t\t\t<\/div>\n\t\t\t\t<\/div>\n\t\t\t\t\t<\/div>\n\t\t\t\t<\/div>\n\t\t\t\t<\/div>","protected":false},"excerpt":{"rendered":"<p>MICROMEDIA\u00ae Details Durch den Zusatz von Filterhilfsmitteln und nassfestem Harz unterscheiden sich MicroMedia\u00ae-Tiefenfilterschichten von der AlphaMedia\u2122-Serie.\u00a0 Die Zugabe dieser Inhaltsstoffe verbessert die R\u00fcckhalteeffizienz durch die Erh\u00f6hung der inneren Oberfl\u00e4che und der positiven Ladung, die als Zeta-Potential bekannt ist. Zeta-Potential ist die positiv geladene Stelle innerhalb der Matrix aus Fasern und Filterhilfsmittel, die negativ geladene Partikel [&hellip;]<\/p>\n","protected":false},"author":2,"featured_media":0,"parent":0,"menu_order":0,"comment_status":"closed","ping_status":"closed","template":"","meta":{"_seopress_robots_primary_cat":"","_seopress_titles_title":"Micromedia Tiefenfilterschichten - vipur","_seopress_titles_desc":"vipur bietet Tiefenfilterschichten aus Zellulose, nassfestem Harz, Perlit, Kieselgur. Speziell f\u00fcr kritischen Anwendungen und Blutfraktionierung konzipiert.","_seopress_robots_index":"","footnotes":""},"class_list":["post-2873","page","type-page","status-publish","hentry"],"_links":{"self":[{"href":"https:\/\/vipur.at\/en\/wp-json\/wp\/v2\/pages\/2873","targetHints":{"allow":["GET"]}}],"collection":[{"href":"https:\/\/vipur.at\/en\/wp-json\/wp\/v2\/pages"}],"about":[{"href":"https:\/\/vipur.at\/en\/wp-json\/wp\/v2\/types\/page"}],"author":[{"embeddable":true,"href":"https:\/\/vipur.at\/en\/wp-json\/wp\/v2\/users\/2"}],"replies":[{"embeddable":true,"href":"https:\/\/vipur.at\/en\/wp-json\/wp\/v2\/comments?post=2873"}],"version-history":[{"count":127,"href":"https:\/\/vipur.at\/en\/wp-json\/wp\/v2\/pages\/2873\/revisions"}],"predecessor-version":[{"id":8668,"href":"https:\/\/vipur.at\/en\/wp-json\/wp\/v2\/pages\/2873\/revisions\/8668"}],"wp:attachment":[{"href":"https:\/\/vipur.at\/en\/wp-json\/wp\/v2\/media?parent=2873"}],"curies":[{"name":"wp","href":"https:\/\/api.w.org\/{rel}","templated":true}]}}