{"id":2907,"date":"2024-01-09T18:01:01","date_gmt":"2024-01-09T18:01:01","guid":{"rendered":"https:\/\/vipur.at\/?page_id=2907"},"modified":"2026-03-15T20:08:20","modified_gmt":"2026-03-15T20:08:20","slug":"microclear","status":"publish","type":"page","link":"https:\/\/vipur.at\/en\/microclear\/","title":{"rendered":"MicroClear"},"content":{"rendered":"<div data-elementor-type=\"wp-page\" data-elementor-id=\"2907\" class=\"elementor elementor-2907\" data-elementor-post-type=\"page\">\n\t\t\t\t<div class=\"elementor-element elementor-element-90b08a0 e-flex e-con-boxed e-con e-parent\" data-id=\"90b08a0\" data-element_type=\"container\" data-e-type=\"container\" data-settings=\"{&quot;background_background&quot;:&quot;classic&quot;}\">\n\t\t\t\t\t<div class=\"e-con-inner\">\n\t\t\t\t<div class=\"elementor-element elementor-element-55812e4 elementor-widget elementor-widget-heading\" data-id=\"55812e4\" data-element_type=\"widget\" data-e-type=\"widget\" data-widget_type=\"heading.default\">\n\t\t\t\t<div class=\"elementor-widget-container\">\n\t\t\t\t\t<h1 class=\"elementor-heading-title elementor-size-default\">MICROCLEAR\u2122<\/h1>\t\t\t\t<\/div>\n\t\t\t\t<\/div>\n\t\t\t\t\t<\/div>\n\t\t\t\t<\/div>\n\t\t<div class=\"elementor-element elementor-element-78f0baa e-flex e-con-boxed e-con e-parent\" data-id=\"78f0baa\" data-element_type=\"container\" data-e-type=\"container\">\n\t\t\t\t\t<div class=\"e-con-inner\">\n\t\t\t\t<div class=\"elementor-element elementor-element-3f50f1a elementor-widget elementor-widget-global elementor-global-630 elementor-widget-spacer\" data-id=\"3f50f1a\" data-element_type=\"widget\" data-e-type=\"widget\" data-widget_type=\"spacer.default\">\n\t\t\t\t<div class=\"elementor-widget-container\">\n\t\t\t\t\t\t\t<div class=\"elementor-spacer\">\n\t\t\t<div class=\"elementor-spacer-inner\"><\/div>\n\t\t<\/div>\n\t\t\t\t\t\t<\/div>\n\t\t\t\t<\/div>\n\t\t\t\t\t<\/div>\n\t\t\t\t<\/div>\n\t\t<div class=\"elementor-element elementor-element-a353c3d e-flex e-con-boxed e-con e-parent\" data-id=\"a353c3d\" data-element_type=\"container\" data-e-type=\"container\">\n\t\t\t\t\t<div class=\"e-con-inner\">\n\t\t<div class=\"elementor-element elementor-element-d442ef5 e-con-full e-flex e-con e-child\" data-id=\"d442ef5\" data-element_type=\"container\" data-e-type=\"container\">\n\t\t\t\t<div class=\"elementor-element elementor-element-35c9d5a elementor-widget elementor-widget-heading\" data-id=\"35c9d5a\" data-element_type=\"widget\" data-e-type=\"widget\" data-widget_type=\"heading.default\">\n\t\t\t\t<div class=\"elementor-widget-container\">\n\t\t\t\t\t<h2 class=\"elementor-heading-title elementor-size-default\">Details<\/h2>\t\t\t\t<\/div>\n\t\t\t\t<\/div>\n\t\t\t\t<div class=\"elementor-element elementor-element-be17712 elementor-widget elementor-widget-text-editor\" data-id=\"be17712\" data-element_type=\"widget\" data-e-type=\"widget\" data-widget_type=\"text-editor.default\">\n\t\t\t\t<div class=\"elementor-widget-container\">\n\t\t\t\t\t\t\t\t\t<p class=\"p1\">Activated carbon is a form of carbon that has been treated to create millions of tiny pores between the carbon atoms, resulting in an increased surface area.<span class=\"Apple-converted-space\">\u00a0<\/span><\/p><p class=\"p1\">This surface area of activated carbon makes the material suitable for adsorption, a process by which impurities are removed from liquids.<span class=\"Apple-converted-space\">\u00a0<\/span><\/p><p class=\"p1 translation-block\">The most common application is decolorization and cleaning in the API area (Active Pharmaceutical Ingredient).\nErtelAlsop can choose from a variety of different activated carbons. If customer requests, the use of a specified type is also possible. <br> ErtelAlsop has a wide range of activated carbons in its portfolio.<\/p>\t\t\t\t\t\t\t\t<\/div>\n\t\t\t\t<\/div>\n\t\t\t\t<div class=\"elementor-element elementor-element-f0f7c4e elementor-align-left elementor-widget elementor-widget-button\" data-id=\"f0f7c4e\" data-element_type=\"widget\" data-e-type=\"widget\" data-widget_type=\"button.default\">\n\t\t\t\t<div class=\"elementor-widget-container\">\n\t\t\t\t\t\t\t\t\t<div class=\"elementor-button-wrapper\">\n\t\t\t\t\t<a class=\"elementor-button elementor-button-link elementor-size-sm\" href=\"https:\/\/vipur.at\/wp-content\/uploads\/2024\/02\/MicroClear_Filter_Media_ErtelAlsop-vipur.pdf\" target=\"_blank\">\n\t\t\t\t\t\t<span class=\"elementor-button-content-wrapper\">\n\t\t\t\t\t\t\t\t\t<span class=\"elementor-button-text\">Download technical data sheet<\/span>\n\t\t\t\t\t<\/span>\n\t\t\t\t\t<\/a>\n\t\t\t\t<\/div>\n\t\t\t\t\t\t\t\t<\/div>\n\t\t\t\t<\/div>\n\t\t\t\t<\/div>\n\t\t<div class=\"elementor-element elementor-element-fb61831 e-con-full e-flex e-con e-child\" data-id=\"fb61831\" data-element_type=\"container\" data-e-type=\"container\">\n\t\t\t\t<div class=\"elementor-element elementor-element-af2db26 elementor-widget elementor-widget-image\" data-id=\"af2db26\" data-element_type=\"widget\" data-e-type=\"widget\" data-widget_type=\"image.default\">\n\t\t\t\t<div class=\"elementor-widget-container\">\n\t\t\t\t\t\t\t\t\t\t\t\t\t\t\t<img fetchpriority=\"high\" decoding=\"async\" width=\"800\" height=\"600\" src=\"https:\/\/vipur.at\/wp-content\/uploads\/2024\/01\/Carbon_Flat_Stock_Detail_ErtelAlsop_vipur-1024x768.jpg\" class=\"attachment-large size-large wp-image-4211\" alt=\"MicroClear Activated carbon\" srcset=\"https:\/\/vipur.at\/wp-content\/uploads\/2024\/01\/Carbon_Flat_Stock_Detail_ErtelAlsop_vipur-1024x768.jpg 1024w, https:\/\/vipur.at\/wp-content\/uploads\/2024\/01\/Carbon_Flat_Stock_Detail_ErtelAlsop_vipur-300x225.jpg 300w, https:\/\/vipur.at\/wp-content\/uploads\/2024\/01\/Carbon_Flat_Stock_Detail_ErtelAlsop_vipur-768x576.jpg 768w, https:\/\/vipur.at\/wp-content\/uploads\/2024\/01\/Carbon_Flat_Stock_Detail_ErtelAlsop_vipur-16x12.jpg 16w, https:\/\/vipur.at\/wp-content\/uploads\/2024\/01\/Carbon_Flat_Stock_Detail_ErtelAlsop_vipur.jpg 1080w\" sizes=\"(max-width: 800px) 100vw, 800px\" \/>\t\t\t\t\t\t\t\t\t\t\t\t\t\t\t<\/div>\n\t\t\t\t<\/div>\n\t\t\t\t<\/div>\n\t\t\t\t\t<\/div>\n\t\t\t\t<\/div>\n\t\t<div class=\"elementor-element elementor-element-3f4605e e-flex e-con-boxed e-con e-parent\" data-id=\"3f4605e\" data-element_type=\"container\" data-e-type=\"container\">\n\t\t\t\t\t<div class=\"e-con-inner\">\n\t\t<div class=\"elementor-element elementor-element-60a1e22 e-flex e-con-boxed e-con e-child\" data-id=\"60a1e22\" data-element_type=\"container\" data-e-type=\"container\">\n\t\t\t\t\t<div class=\"e-con-inner\">\n\t\t\t\t<div class=\"elementor-element elementor-element-86a68b0 elementor-widget elementor-widget-global elementor-global-630 elementor-widget-spacer\" data-id=\"86a68b0\" data-element_type=\"widget\" data-e-type=\"widget\" data-widget_type=\"spacer.default\">\n\t\t\t\t<div class=\"elementor-widget-container\">\n\t\t\t\t\t\t\t<div class=\"elementor-spacer\">\n\t\t\t<div class=\"elementor-spacer-inner\"><\/div>\n\t\t<\/div>\n\t\t\t\t\t\t<\/div>\n\t\t\t\t<\/div>\n\t\t\t\t\t<\/div>\n\t\t\t\t<\/div>\n\t\t\t\t\t<\/div>\n\t\t\t\t<\/div>\n\t\t<div class=\"elementor-element elementor-element-ee84e7f e-flex e-con-boxed e-con e-parent\" data-id=\"ee84e7f\" data-element_type=\"container\" data-e-type=\"container\">\n\t\t\t\t\t<div class=\"e-con-inner\">\n\t\t<div class=\"elementor-element elementor-element-9d91310 e-con-full e-flex e-con e-child\" data-id=\"9d91310\" data-element_type=\"container\" data-e-type=\"container\">\n\t\t\t\t<div class=\"elementor-element elementor-element-15e932c elementor-widget elementor-widget-heading\" data-id=\"15e932c\" data-element_type=\"widget\" data-e-type=\"widget\" data-widget_type=\"heading.default\">\n\t\t\t\t<div class=\"elementor-widget-container\">\n\t\t\t\t\t<h2 class=\"elementor-heading-title elementor-size-default\">Suppliers<\/h2>\t\t\t\t<\/div>\n\t\t\t\t<\/div>\n\t\t\t\t<div class=\"elementor-element elementor-element-74b71e6 elementor-widget elementor-widget-text-editor\" data-id=\"74b71e6\" data-element_type=\"widget\" data-e-type=\"widget\" data-widget_type=\"text-editor.default\">\n\t\t\t\t<div class=\"elementor-widget-container\">\n\t\t\t\t\t\t\t\t\t<p>We maintain intensive and personal contacts with our global suppliers - synergies and reliability are very important to us.<\/p>\t\t\t\t\t\t\t\t<\/div>\n\t\t\t\t<\/div>\n\t\t\t\t<div class=\"elementor-element elementor-element-5f4ed83 elementor-widget elementor-widget-image\" data-id=\"5f4ed83\" data-element_type=\"widget\" data-e-type=\"widget\" data-widget_type=\"image.default\">\n\t\t\t\t<div class=\"elementor-widget-container\">\n\t\t\t\t\t\t\t\t\t\t\t\t\t\t\t<img decoding=\"async\" width=\"800\" height=\"118\" src=\"https:\/\/vipur.at\/wp-content\/uploads\/2023\/12\/ErtelAlsop_Logo_Orange.png\" class=\"attachment-large size-large wp-image-1959\" alt=\"Logo of ErtelAlsop, Partner of vipur - vienna purification.\" srcset=\"https:\/\/vipur.at\/wp-content\/uploads\/2023\/12\/ErtelAlsop_Logo_Orange.png 1000w, https:\/\/vipur.at\/wp-content\/uploads\/2023\/12\/ErtelAlsop_Logo_Orange-300x44.png 300w, https:\/\/vipur.at\/wp-content\/uploads\/2023\/12\/ErtelAlsop_Logo_Orange-768x114.png 768w, https:\/\/vipur.at\/wp-content\/uploads\/2023\/12\/ErtelAlsop_Logo_Orange-18x3.png 18w\" sizes=\"(max-width: 800px) 100vw, 800px\" \/>\t\t\t\t\t\t\t\t\t\t\t\t\t\t\t<\/div>\n\t\t\t\t<\/div>\n\t\t\t\t<\/div>\n\t\t<div class=\"elementor-element elementor-element-4c3f883 e-con-full e-flex e-con e-child\" data-id=\"4c3f883\" data-element_type=\"container\" data-e-type=\"container\" data-settings=\"{&quot;background_background&quot;:&quot;classic&quot;}\">\n\t\t\t\t<div class=\"elementor-element elementor-element-6ba45b8 elementor-widget elementor-widget-heading\" data-id=\"6ba45b8\" data-element_type=\"widget\" data-e-type=\"widget\" data-widget_type=\"heading.default\">\n\t\t\t\t<div class=\"elementor-widget-container\">\n\t\t\t\t\t<h3 class=\"elementor-heading-title elementor-size-default\">Contact us here.<\/h3>\t\t\t\t<\/div>\n\t\t\t\t<\/div>\n\t\t\t\t<div class=\"elementor-element elementor-element-1960f77 elementor-align-center elementor-widget elementor-widget-button\" data-id=\"1960f77\" data-element_type=\"widget\" data-e-type=\"widget\" data-widget_type=\"button.default\">\n\t\t\t\t<div class=\"elementor-widget-container\">\n\t\t\t\t\t\t\t\t\t<div class=\"elementor-button-wrapper\">\n\t\t\t\t\t<a class=\"elementor-button elementor-button-link elementor-size-sm\" href=\"https:\/\/vipur.at\/en\/contact\/\">\n\t\t\t\t\t\t<span class=\"elementor-button-content-wrapper\">\n\t\t\t\t\t\t\t\t\t<span class=\"elementor-button-text\">Contact<\/span>\n\t\t\t\t\t<\/span>\n\t\t\t\t\t<\/a>\n\t\t\t\t<\/div>\n\t\t\t\t\t\t\t\t<\/div>\n\t\t\t\t<\/div>\n\t\t\t\t<\/div>\n\t\t\t\t\t<\/div>\n\t\t\t\t<\/div>\n\t\t<div class=\"elementor-element elementor-element-eaa8df1 e-flex e-con-boxed e-con e-parent\" data-id=\"eaa8df1\" data-element_type=\"container\" data-e-type=\"container\">\n\t\t\t\t\t<div class=\"e-con-inner\">\n\t\t\t\t<div class=\"elementor-element elementor-element-057e1fa elementor-widget elementor-widget-global elementor-global-630 elementor-widget-spacer\" data-id=\"057e1fa\" data-element_type=\"widget\" data-e-type=\"widget\" data-widget_type=\"spacer.default\">\n\t\t\t\t<div class=\"elementor-widget-container\">\n\t\t\t\t\t\t\t<div class=\"elementor-spacer\">\n\t\t\t<div class=\"elementor-spacer-inner\"><\/div>\n\t\t<\/div>\n\t\t\t\t\t\t<\/div>\n\t\t\t\t<\/div>\n\t\t\t\t\t<\/div>\n\t\t\t\t<\/div>\n\t\t\t\t<\/div>","protected":false},"excerpt":{"rendered":"<p>MICROCLEAR\u2122 Details Aktivkohle ist eine Form von Kohlenstoff, die so verarbeitet wurde, dass Millionen winziger Poren zwischen den Kohlenstoffatomen entstehen, was wiederum zu einer vergr\u00f6\u00dferten Oberfl\u00e4che f\u00fchrt.\u00a0 Diese Oberfl\u00e4che von Aktivkohle macht das Material f\u00fcr die Adsorption geeignet, einen Prozess, bei dem Verunreinigungen aus Fl\u00fcssigkeiten entfernt werden.\u00a0 Die g\u00e4ngigste Anwendung ist die Entf\u00e4rbung und Reinigung [&hellip;]<\/p>\n","protected":false},"author":2,"featured_media":0,"parent":0,"menu_order":0,"comment_status":"closed","ping_status":"closed","template":"","meta":{"_seopress_robots_primary_cat":"","_seopress_titles_title":"MicroClear Aktivkohle - vipur","_seopress_titles_desc":"vipur bietet unterschiedliche Filtermedien, Filtermodule und Filtercapsulen aus Aktivkohle. hohe Adsorptionskapazit\u00e4t \u2714 gute Entf\u00e4rbung und Reinigung \u2714 API \u2714","_seopress_robots_index":"","footnotes":""},"class_list":["post-2907","page","type-page","status-publish","hentry"],"_links":{"self":[{"href":"https:\/\/vipur.at\/en\/wp-json\/wp\/v2\/pages\/2907","targetHints":{"allow":["GET"]}}],"collection":[{"href":"https:\/\/vipur.at\/en\/wp-json\/wp\/v2\/pages"}],"about":[{"href":"https:\/\/vipur.at\/en\/wp-json\/wp\/v2\/types\/page"}],"author":[{"embeddable":true,"href":"https:\/\/vipur.at\/en\/wp-json\/wp\/v2\/users\/2"}],"replies":[{"embeddable":true,"href":"https:\/\/vipur.at\/en\/wp-json\/wp\/v2\/comments?post=2907"}],"version-history":[{"count":82,"href":"https:\/\/vipur.at\/en\/wp-json\/wp\/v2\/pages\/2907\/revisions"}],"predecessor-version":[{"id":8520,"href":"https:\/\/vipur.at\/en\/wp-json\/wp\/v2\/pages\/2907\/revisions\/8520"}],"wp:attachment":[{"href":"https:\/\/vipur.at\/en\/wp-json\/wp\/v2\/media?parent=2907"}],"curies":[{"name":"wp","href":"https:\/\/api.w.org\/{rel}","templated":true}]}}