{"id":2909,"date":"2024-01-09T18:07:02","date_gmt":"2024-01-09T18:07:02","guid":{"rendered":"https:\/\/vipur.at\/?page_id=2909"},"modified":"2026-03-15T20:10:12","modified_gmt":"2026-03-15T20:10:12","slug":"microcap","status":"publish","type":"page","link":"https:\/\/vipur.at\/en\/microcap\/","title":{"rendered":"Microcap"},"content":{"rendered":"<div data-elementor-type=\"wp-page\" data-elementor-id=\"2909\" class=\"elementor elementor-2909\" data-elementor-post-type=\"page\">\n\t\t\t\t<div class=\"elementor-element elementor-element-90b08a0 e-flex e-con-boxed e-con e-parent\" data-id=\"90b08a0\" data-element_type=\"container\" data-e-type=\"container\" data-settings=\"{&quot;background_background&quot;:&quot;classic&quot;}\">\n\t\t\t\t\t<div class=\"e-con-inner\">\n\t\t\t\t<div class=\"elementor-element elementor-element-55812e4 elementor-widget elementor-widget-heading\" data-id=\"55812e4\" data-element_type=\"widget\" data-e-type=\"widget\" data-widget_type=\"heading.default\">\n\t\t\t\t<div class=\"elementor-widget-container\">\n\t\t\t\t\t<h1 class=\"elementor-heading-title elementor-size-default\">MICROCAP\u2122<\/h1>\t\t\t\t<\/div>\n\t\t\t\t<\/div>\n\t\t\t\t\t<\/div>\n\t\t\t\t<\/div>\n\t\t<div class=\"elementor-element elementor-element-78f0baa e-flex e-con-boxed e-con e-parent\" data-id=\"78f0baa\" data-element_type=\"container\" data-e-type=\"container\">\n\t\t\t\t\t<div class=\"e-con-inner\">\n\t\t\t\t<div class=\"elementor-element elementor-element-3f50f1a elementor-widget elementor-widget-global elementor-global-630 elementor-widget-spacer\" data-id=\"3f50f1a\" data-element_type=\"widget\" data-e-type=\"widget\" data-widget_type=\"spacer.default\">\n\t\t\t\t<div class=\"elementor-widget-container\">\n\t\t\t\t\t\t\t<div class=\"elementor-spacer\">\n\t\t\t<div class=\"elementor-spacer-inner\"><\/div>\n\t\t<\/div>\n\t\t\t\t\t\t<\/div>\n\t\t\t\t<\/div>\n\t\t\t\t\t<\/div>\n\t\t\t\t<\/div>\n\t\t<div class=\"elementor-element elementor-element-a353c3d e-flex e-con-boxed e-con e-parent\" data-id=\"a353c3d\" data-element_type=\"container\" data-e-type=\"container\">\n\t\t\t\t\t<div class=\"e-con-inner\">\n\t\t<div class=\"elementor-element elementor-element-d442ef5 e-con-full e-flex e-con e-child\" data-id=\"d442ef5\" data-element_type=\"container\" data-e-type=\"container\">\n\t\t\t\t<div class=\"elementor-element elementor-element-35c9d5a elementor-widget elementor-widget-heading\" data-id=\"35c9d5a\" data-element_type=\"widget\" data-e-type=\"widget\" data-widget_type=\"heading.default\">\n\t\t\t\t<div class=\"elementor-widget-container\">\n\t\t\t\t\t<h2 class=\"elementor-heading-title elementor-size-default\">Details<\/h2>\t\t\t\t<\/div>\n\t\t\t\t<\/div>\n\t\t\t\t<div class=\"elementor-element elementor-element-be17712 elementor-widget elementor-widget-text-editor\" data-id=\"be17712\" data-element_type=\"widget\" data-e-type=\"widget\" data-widget_type=\"text-editor.default\">\n\t\t\t\t<div class=\"elementor-widget-container\">\n\t\t\t\t\t\t\t\t\t<p class=\"p1 translation-block\">MicroCap\u2122 depth filter capsules are a series of Single-Use depth filter products designed to optimize scale-up and scale-down studies.\nSeveral laboratory-scale capsule sizes and three different 16\" depth filter capsules are available for use in pilot plant and production scale for CHO, E. coli or blood fractionation.<\/p><p class=\"p1 translation-block\">MicroCap\u2122 depth filter capsules are available in 6 different sizes (1\", 2,5\", 5\", 10\", 20\" and 30\") with an effective filter area of 22,5cm\u00b2 to 2.880cm\u00b2: with single- or double-layer depth filter layer in all ErtelAlsop media.<br>\nThe MicroCap\u2122 type MC1 is used for filtration tests on a laboratory scale. With this 22,5cm\u00b2 depth filter capsule, filtration studies can be carried out easily and reliably on a lab scale from 0,5 to 3 liters.<br>\nThe MC2 to MC30 Single-Use capsules are available for larger volumes.<\/p><p class=\"p1\"><span class=\"s1\">All ErtelAlsop depth filter media, whether single-layer or double-layer, with or without activated carbon, are available as MicroCap\u2122 depth filter capsules.<\/span><\/p>\t\t\t\t\t\t\t\t<\/div>\n\t\t\t\t<\/div>\n\t\t\t\t<div class=\"elementor-element elementor-element-f0f7c4e elementor-align-left elementor-widget elementor-widget-button\" data-id=\"f0f7c4e\" data-element_type=\"widget\" data-e-type=\"widget\" data-widget_type=\"button.default\">\n\t\t\t\t<div class=\"elementor-widget-container\">\n\t\t\t\t\t\t\t\t\t<div class=\"elementor-button-wrapper\">\n\t\t\t\t\t<a class=\"elementor-button elementor-button-link elementor-size-sm\" href=\"https:\/\/vipur.at\/wp-content\/uploads\/2024\/03\/MicroCap_Series_ErtelAlsop-vipur.pdf\" target=\"_blank\">\n\t\t\t\t\t\t<span class=\"elementor-button-content-wrapper\">\n\t\t\t\t\t\t\t\t\t<span class=\"elementor-button-text\">Download technical data sheet<\/span>\n\t\t\t\t\t<\/span>\n\t\t\t\t\t<\/a>\n\t\t\t\t<\/div>\n\t\t\t\t\t\t\t\t<\/div>\n\t\t\t\t<\/div>\n\t\t\t\t<\/div>\n\t\t<div class=\"elementor-element elementor-element-fb61831 e-con-full e-flex e-con e-child\" data-id=\"fb61831\" data-element_type=\"container\" data-e-type=\"container\">\n\t\t\t\t<div class=\"elementor-element elementor-element-af2db26 elementor-widget elementor-widget-image\" data-id=\"af2db26\" data-element_type=\"widget\" data-e-type=\"widget\" data-widget_type=\"image.default\">\n\t\t\t\t<div class=\"elementor-widget-container\">\n\t\t\t\t\t\t\t\t\t\t\t\t\t\t\t<img fetchpriority=\"high\" decoding=\"async\" width=\"800\" height=\"600\" src=\"https:\/\/vipur.at\/wp-content\/uploads\/2024\/03\/Microcap-vipur-1024x768.jpg\" class=\"attachment-large size-large wp-image-7320\" alt=\"MicroCap\u2122 depth filter capsules available in 6 different sizes\" srcset=\"https:\/\/vipur.at\/wp-content\/uploads\/2024\/03\/Microcap-vipur-1024x768.jpg 1024w, https:\/\/vipur.at\/wp-content\/uploads\/2024\/03\/Microcap-vipur-300x225.jpg 300w, https:\/\/vipur.at\/wp-content\/uploads\/2024\/03\/Microcap-vipur-768x576.jpg 768w, https:\/\/vipur.at\/wp-content\/uploads\/2024\/03\/Microcap-vipur-16x12.jpg 16w, https:\/\/vipur.at\/wp-content\/uploads\/2024\/03\/Microcap-vipur.jpg 1080w\" sizes=\"(max-width: 800px) 100vw, 800px\" \/>\t\t\t\t\t\t\t\t\t\t\t\t\t\t\t<\/div>\n\t\t\t\t<\/div>\n\t\t\t\t<\/div>\n\t\t\t\t\t<\/div>\n\t\t\t\t<\/div>\n\t\t<div class=\"elementor-element elementor-element-3f4605e e-flex e-con-boxed e-con e-parent\" data-id=\"3f4605e\" data-element_type=\"container\" data-e-type=\"container\">\n\t\t\t\t\t<div class=\"e-con-inner\">\n\t\t<div class=\"elementor-element elementor-element-60a1e22 e-flex e-con-boxed e-con e-child\" data-id=\"60a1e22\" data-element_type=\"container\" data-e-type=\"container\">\n\t\t\t\t\t<div class=\"e-con-inner\">\n\t\t\t\t<div class=\"elementor-element elementor-element-86a68b0 elementor-widget elementor-widget-global elementor-global-630 elementor-widget-spacer\" data-id=\"86a68b0\" data-element_type=\"widget\" data-e-type=\"widget\" data-widget_type=\"spacer.default\">\n\t\t\t\t<div class=\"elementor-widget-container\">\n\t\t\t\t\t\t\t<div class=\"elementor-spacer\">\n\t\t\t<div class=\"elementor-spacer-inner\"><\/div>\n\t\t<\/div>\n\t\t\t\t\t\t<\/div>\n\t\t\t\t<\/div>\n\t\t\t\t\t<\/div>\n\t\t\t\t<\/div>\n\t\t\t\t\t<\/div>\n\t\t\t\t<\/div>\n\t\t<div class=\"elementor-element elementor-element-ee84e7f e-flex e-con-boxed e-con e-parent\" data-id=\"ee84e7f\" data-element_type=\"container\" data-e-type=\"container\">\n\t\t\t\t\t<div class=\"e-con-inner\">\n\t\t<div class=\"elementor-element elementor-element-9d91310 e-con-full e-flex e-con e-child\" data-id=\"9d91310\" data-element_type=\"container\" data-e-type=\"container\">\n\t\t\t\t<div class=\"elementor-element elementor-element-15e932c elementor-widget elementor-widget-heading\" data-id=\"15e932c\" data-element_type=\"widget\" data-e-type=\"widget\" data-widget_type=\"heading.default\">\n\t\t\t\t<div class=\"elementor-widget-container\">\n\t\t\t\t\t<h2 class=\"elementor-heading-title elementor-size-default\">Suppliers<\/h2>\t\t\t\t<\/div>\n\t\t\t\t<\/div>\n\t\t\t\t<div class=\"elementor-element elementor-element-74b71e6 elementor-widget elementor-widget-text-editor\" data-id=\"74b71e6\" data-element_type=\"widget\" data-e-type=\"widget\" data-widget_type=\"text-editor.default\">\n\t\t\t\t<div class=\"elementor-widget-container\">\n\t\t\t\t\t\t\t\t\t<p>We maintain intensive and personal contacts with our global suppliers - synergies and reliability are very important to us.<\/p>\t\t\t\t\t\t\t\t<\/div>\n\t\t\t\t<\/div>\n\t\t\t\t<div class=\"elementor-element elementor-element-5f4ed83 elementor-widget elementor-widget-image\" data-id=\"5f4ed83\" data-element_type=\"widget\" data-e-type=\"widget\" data-widget_type=\"image.default\">\n\t\t\t\t<div class=\"elementor-widget-container\">\n\t\t\t\t\t\t\t\t\t\t\t\t\t\t\t<img decoding=\"async\" width=\"800\" height=\"118\" src=\"https:\/\/vipur.at\/wp-content\/uploads\/2023\/12\/ErtelAlsop_Logo_Orange.png\" class=\"attachment-large size-large wp-image-1959\" alt=\"Logo of ErtelAlsop, Partner of vipur - vienna purification.\" srcset=\"https:\/\/vipur.at\/wp-content\/uploads\/2023\/12\/ErtelAlsop_Logo_Orange.png 1000w, https:\/\/vipur.at\/wp-content\/uploads\/2023\/12\/ErtelAlsop_Logo_Orange-300x44.png 300w, https:\/\/vipur.at\/wp-content\/uploads\/2023\/12\/ErtelAlsop_Logo_Orange-768x114.png 768w, https:\/\/vipur.at\/wp-content\/uploads\/2023\/12\/ErtelAlsop_Logo_Orange-18x3.png 18w\" sizes=\"(max-width: 800px) 100vw, 800px\" \/>\t\t\t\t\t\t\t\t\t\t\t\t\t\t\t<\/div>\n\t\t\t\t<\/div>\n\t\t\t\t<\/div>\n\t\t<div class=\"elementor-element elementor-element-4c3f883 e-con-full e-flex e-con e-child\" data-id=\"4c3f883\" data-element_type=\"container\" data-e-type=\"container\" data-settings=\"{&quot;background_background&quot;:&quot;classic&quot;}\">\n\t\t\t\t<div class=\"elementor-element elementor-element-6ba45b8 elementor-widget elementor-widget-heading\" data-id=\"6ba45b8\" data-element_type=\"widget\" data-e-type=\"widget\" data-widget_type=\"heading.default\">\n\t\t\t\t<div class=\"elementor-widget-container\">\n\t\t\t\t\t<h3 class=\"elementor-heading-title elementor-size-default\">Contact us here.<\/h3>\t\t\t\t<\/div>\n\t\t\t\t<\/div>\n\t\t\t\t<div class=\"elementor-element elementor-element-1960f77 elementor-align-center elementor-widget elementor-widget-button\" data-id=\"1960f77\" data-element_type=\"widget\" data-e-type=\"widget\" data-widget_type=\"button.default\">\n\t\t\t\t<div class=\"elementor-widget-container\">\n\t\t\t\t\t\t\t\t\t<div class=\"elementor-button-wrapper\">\n\t\t\t\t\t<a class=\"elementor-button elementor-button-link elementor-size-sm\" href=\"https:\/\/vipur.at\/en\/contact\/\">\n\t\t\t\t\t\t<span class=\"elementor-button-content-wrapper\">\n\t\t\t\t\t\t\t\t\t<span class=\"elementor-button-text\">Contact<\/span>\n\t\t\t\t\t<\/span>\n\t\t\t\t\t<\/a>\n\t\t\t\t<\/div>\n\t\t\t\t\t\t\t\t<\/div>\n\t\t\t\t<\/div>\n\t\t\t\t<\/div>\n\t\t\t\t\t<\/div>\n\t\t\t\t<\/div>\n\t\t<div class=\"elementor-element elementor-element-eaa8df1 e-flex e-con-boxed e-con e-parent\" data-id=\"eaa8df1\" data-element_type=\"container\" data-e-type=\"container\">\n\t\t\t\t\t<div class=\"e-con-inner\">\n\t\t\t\t<div class=\"elementor-element elementor-element-057e1fa elementor-widget elementor-widget-global elementor-global-630 elementor-widget-spacer\" data-id=\"057e1fa\" data-element_type=\"widget\" data-e-type=\"widget\" data-widget_type=\"spacer.default\">\n\t\t\t\t<div class=\"elementor-widget-container\">\n\t\t\t\t\t\t\t<div class=\"elementor-spacer\">\n\t\t\t<div class=\"elementor-spacer-inner\"><\/div>\n\t\t<\/div>\n\t\t\t\t\t\t<\/div>\n\t\t\t\t<\/div>\n\t\t\t\t\t<\/div>\n\t\t\t\t<\/div>\n\t\t\t\t<\/div>","protected":false},"excerpt":{"rendered":"<p>MICROCAP\u2122 Details MicroCap\u2122-Tiefenfiltercapsulen sind eine Baureihe von Single-Use-Tiefenfilterprodukten, die zur Optimierung von Scale-Up- und Scale-Down-Studien entwickelt wurden.Mehrere Capsulengr\u00f6\u00dfen im Laborma\u00dfstab und drei unterschiedliche 16\u201c-Tiefenfiltercapsulen f\u00fcr die Anwendung im Pilot Plant- und Produktionsma\u00dfstab von CHO, E. coli oder in der Blutfraktionierung zur Verf\u00fcgung. MicroCap\u2122\u00a0Tiefenfiltercapsulen\u00a0sind in 6 verschiedenen Gr\u00f6\u00dfen (1\u201c, 2,5\u201c, 5\u201c, 10\u201c, 20\u201c und 30\u201c) mit [&hellip;]<\/p>\n","protected":false},"author":2,"featured_media":0,"parent":0,"menu_order":0,"comment_status":"closed","ping_status":"closed","template":"","meta":{"_seopress_robots_primary_cat":"","_seopress_titles_title":"MicroCap Single-Use-Tiefenfiltercapsulen | vipur","_seopress_titles_desc":"Single-Use-Tiefenfiltercapsulen bieten: Optimierung von Scale-Up und Scale-Down-Studien. Blutfraktionierung \u2714 Filtrationsversuche von CHO \u2714 E. coli \u2714","_seopress_robots_index":"","footnotes":""},"class_list":["post-2909","page","type-page","status-publish","hentry"],"_links":{"self":[{"href":"https:\/\/vipur.at\/en\/wp-json\/wp\/v2\/pages\/2909","targetHints":{"allow":["GET"]}}],"collection":[{"href":"https:\/\/vipur.at\/en\/wp-json\/wp\/v2\/pages"}],"about":[{"href":"https:\/\/vipur.at\/en\/wp-json\/wp\/v2\/types\/page"}],"author":[{"embeddable":true,"href":"https:\/\/vipur.at\/en\/wp-json\/wp\/v2\/users\/2"}],"replies":[{"embeddable":true,"href":"https:\/\/vipur.at\/en\/wp-json\/wp\/v2\/comments?post=2909"}],"version-history":[{"count":97,"href":"https:\/\/vipur.at\/en\/wp-json\/wp\/v2\/pages\/2909\/revisions"}],"predecessor-version":[{"id":8529,"href":"https:\/\/vipur.at\/en\/wp-json\/wp\/v2\/pages\/2909\/revisions\/8529"}],"wp:attachment":[{"href":"https:\/\/vipur.at\/en\/wp-json\/wp\/v2\/media?parent=2909"}],"curies":[{"name":"wp","href":"https:\/\/api.w.org\/{rel}","templated":true}]}}