{"id":3683,"date":"2024-01-18T21:28:05","date_gmt":"2024-01-18T21:28:05","guid":{"rendered":"https:\/\/vipur.at\/?page_id=3683"},"modified":"2024-03-09T12:38:00","modified_gmt":"2024-03-09T12:38:00","slug":"filtration-service","status":"publish","type":"page","link":"https:\/\/vipur.at\/en\/filtrationsservice\/","title":{"rendered":"Filtration Service"},"content":{"rendered":"<div data-elementor-type=\"wp-page\" data-elementor-id=\"3683\" class=\"elementor elementor-3683\" data-elementor-post-type=\"page\">\n\t\t\t\t<div class=\"elementor-element elementor-element-c8225f2 e-flex e-con-boxed e-con e-parent\" data-id=\"c8225f2\" data-element_type=\"container\" data-e-type=\"container\" data-settings=\"{&quot;background_background&quot;:&quot;classic&quot;}\">\n\t\t\t\t\t<div class=\"e-con-inner\">\n\t\t\t\t<div class=\"elementor-element elementor-element-bde18f9 elementor-widget elementor-widget-heading\" data-id=\"bde18f9\" data-element_type=\"widget\" data-e-type=\"widget\" data-widget_type=\"heading.default\">\n\t\t\t\t<div class=\"elementor-widget-container\">\n\t\t\t\t\t<h1 class=\"elementor-heading-title elementor-size-default\">Filtration Service<\/h1>\t\t\t\t<\/div>\n\t\t\t\t<\/div>\n\t\t\t\t\t<\/div>\n\t\t\t\t<\/div>\n\t\t<div class=\"elementor-element elementor-element-c9dd4f4 e-flex e-con-boxed e-con e-parent\" data-id=\"c9dd4f4\" data-element_type=\"container\" data-e-type=\"container\">\n\t\t\t\t\t<div class=\"e-con-inner\">\n\t\t\t\t<div class=\"elementor-element elementor-element-cbb8cae elementor-widget elementor-widget-global elementor-global-630 elementor-widget-spacer\" data-id=\"cbb8cae\" data-element_type=\"widget\" data-e-type=\"widget\" data-widget_type=\"spacer.default\">\n\t\t\t\t<div class=\"elementor-widget-container\">\n\t\t\t\t\t\t\t<div class=\"elementor-spacer\">\n\t\t\t<div class=\"elementor-spacer-inner\"><\/div>\n\t\t<\/div>\n\t\t\t\t\t\t<\/div>\n\t\t\t\t<\/div>\n\t\t\t\t\t<\/div>\n\t\t\t\t<\/div>\n\t\t<div class=\"elementor-element elementor-element-35f3715 e-flex e-con-boxed e-con e-parent\" data-id=\"35f3715\" data-element_type=\"container\" data-e-type=\"container\">\n\t\t\t\t\t<div class=\"e-con-inner\">\n\t\t<div class=\"elementor-element elementor-element-a4cb634 e-con-full e-flex e-con e-child\" data-id=\"a4cb634\" data-element_type=\"container\" data-e-type=\"container\">\n\t\t\t\t<div class=\"elementor-element elementor-element-a98c107 elementor-widget elementor-widget-heading\" data-id=\"a98c107\" data-element_type=\"widget\" data-e-type=\"widget\" data-widget_type=\"heading.default\">\n\t\t\t\t<div class=\"elementor-widget-container\">\n\t\t\t\t\t<h2 class=\"elementor-heading-title elementor-size-default\">Filtration Service - our Service<\/h2>\t\t\t\t<\/div>\n\t\t\t\t<\/div>\n\t\t\t\t<div class=\"elementor-element elementor-element-82ec8f1 elementor-widget elementor-widget-text-editor\" data-id=\"82ec8f1\" data-element_type=\"widget\" data-e-type=\"widget\" data-widget_type=\"text-editor.default\">\n\t\t\t\t<div class=\"elementor-widget-container\">\n\t\t\t\t\t\t\t\t\t<p class=\"p1 translation-block\">The selection of suitable filters in terms of throughput, cost-effectiveness and\/or availability is one of our services at vipur.<br>\nWe have been dealing with filtration and separation solutions for more than 25 years and can therefore draw on a corresponding knowledge of the properties of cellulose based depth filters, prefilters and sterile filters for the pharmaceutical, biotechnology and blood fractionation sectors.<br>\nWe carry out tests throughout Europe with our mobile filtration equipment. <br>\nThe hardware is available locally and the test samples in the vipur warehouse are always well equipped and available.<\/p><p class=\"p1\"><span class=\"s1\">Our filtration experience in the field of cellulose based depth filtration is certainly special - we would even say unique. More than 100 trials in lab, pilot plant and production scale with a wide variety of media in different areas have left their mark on us. Despite the existing knowledge and experience, we are still very happy to face the challenges that each new application brings with it after such a long time.<\/span><\/p><p class=\"p1\"><span class=\"s1\">The basic framework we have acquired, consisting of our routine, our know-how and the corresponding filtration products, very often helps us to achieve the best customer solution. Success is rarely dependent on just one factor, because for us success involves the interaction of several different and complementary components. That's why we come together as a vipur team for every filtration test because we appreciate being on site at the customer's premises and testing the functionality of our filters in relation to the customer's products.<\/span><\/p>\t\t\t\t\t\t\t\t<\/div>\n\t\t\t\t<\/div>\n\t\t\t\t<div class=\"elementor-element elementor-element-22c57b7 elementor-widget elementor-widget-global elementor-global-640 elementor-widget-spacer\" data-id=\"22c57b7\" data-element_type=\"widget\" data-e-type=\"widget\" data-widget_type=\"spacer.default\">\n\t\t\t\t<div class=\"elementor-widget-container\">\n\t\t\t\t\t\t\t<div class=\"elementor-spacer\">\n\t\t\t<div class=\"elementor-spacer-inner\"><\/div>\n\t\t<\/div>\n\t\t\t\t\t\t<\/div>\n\t\t\t\t<\/div>\n\t\t\t\t<div class=\"elementor-element elementor-element-90633f6 elementor-widget elementor-widget-heading\" data-id=\"90633f6\" data-element_type=\"widget\" data-e-type=\"widget\" data-widget_type=\"heading.default\">\n\t\t\t\t<div class=\"elementor-widget-container\">\n\t\t\t\t\t<h3 class=\"elementor-heading-title elementor-size-default\">The vipur Filtration Service includes:<\/h3>\t\t\t\t<\/div>\n\t\t\t\t<\/div>\n\t\t\t\t<\/div>\n\t\t<div class=\"elementor-element elementor-element-6c572a3 e-con-full elementor-hidden-tablet elementor-hidden-mobile e-flex e-con e-child\" data-id=\"6c572a3\" data-element_type=\"container\" data-e-type=\"container\">\n\t\t\t\t<div class=\"elementor-element elementor-element-fde9db7 elementor-widget elementor-widget-image\" data-id=\"fde9db7\" data-element_type=\"widget\" data-e-type=\"widget\" data-widget_type=\"image.default\">\n\t\t\t\t<div class=\"elementor-widget-container\">\n\t\t\t\t\t\t\t\t\t\t\t\t\t\t\t<img fetchpriority=\"high\" decoding=\"async\" width=\"800\" height=\"800\" src=\"https:\/\/vipur.at\/wp-content\/uploads\/2024\/01\/Filterationsservice-1024x1024.png\" class=\"attachment-large size-large wp-image-4001\" alt=\"Filtration Service by vipur\" srcset=\"https:\/\/vipur.at\/wp-content\/uploads\/2024\/01\/Filterationsservice-1024x1024.png 1024w, https:\/\/vipur.at\/wp-content\/uploads\/2024\/01\/Filterationsservice-300x300.png 300w, https:\/\/vipur.at\/wp-content\/uploads\/2024\/01\/Filterationsservice-150x150.png 150w, https:\/\/vipur.at\/wp-content\/uploads\/2024\/01\/Filterationsservice-768x768.png 768w, https:\/\/vipur.at\/wp-content\/uploads\/2024\/01\/Filterationsservice-12x12.png 12w, https:\/\/vipur.at\/wp-content\/uploads\/2024\/01\/Filterationsservice.png 1080w\" sizes=\"(max-width: 800px) 100vw, 800px\" \/>\t\t\t\t\t\t\t\t\t\t\t\t\t\t\t<\/div>\n\t\t\t\t<\/div>\n\t\t\t\t<\/div>\n\t\t\t\t\t<\/div>\n\t\t\t\t<\/div>\n\t\t<div class=\"elementor-element elementor-element-bc589f2 e-flex e-con-boxed e-con e-parent\" data-id=\"bc589f2\" data-element_type=\"container\" data-e-type=\"container\">\n\t\t\t\t\t<div class=\"e-con-inner\">\n\t\t<div class=\"elementor-element elementor-element-22ee8c6 e-flex e-con-boxed e-con e-child\" data-id=\"22ee8c6\" data-element_type=\"container\" data-e-type=\"container\">\n\t\t\t\t\t<div class=\"e-con-inner\">\n\t\t\t\t<div class=\"elementor-element elementor-element-49068e2 elementor-widget elementor-widget-global elementor-global-738 elementor-widget-spacer\" data-id=\"49068e2\" data-element_type=\"widget\" data-e-type=\"widget\" data-widget_type=\"spacer.default\">\n\t\t\t\t<div class=\"elementor-widget-container\">\n\t\t\t\t\t\t\t<div class=\"elementor-spacer\">\n\t\t\t<div class=\"elementor-spacer-inner\"><\/div>\n\t\t<\/div>\n\t\t\t\t\t\t<\/div>\n\t\t\t\t<\/div>\n\t\t\t\t<div class=\"elementor-element elementor-element-cd01e99 elementor-tabs-view-horizontal elementor-widget elementor-widget-tabs\" data-id=\"cd01e99\" data-element_type=\"widget\" data-e-type=\"widget\" data-widget_type=\"tabs.default\">\n\t\t\t\t<div class=\"elementor-widget-container\">\n\t\t\t\t\t\t\t<div class=\"elementor-tabs\">\n\t\t\t<div class=\"elementor-tabs-wrapper\" role=\"tablist\" >\n\t\t\t\t\t\t\t\t\t<div id=\"elementor-tab-title-2141\" class=\"elementor-tab-title elementor-tab-desktop-title\" aria-selected=\"true\" data-tab=\"1\" role=\"tab\" tabindex=\"0\" aria-controls=\"elementor-tab-content-2141\" aria-expanded=\"false\">Filtration Proposal<\/div>\n\t\t\t\t\t\t\t\t\t<div id=\"elementor-tab-title-2142\" class=\"elementor-tab-title elementor-tab-desktop-title\" aria-selected=\"false\" data-tab=\"2\" role=\"tab\" tabindex=\"-1\" aria-controls=\"elementor-tab-content-2142\" aria-expanded=\"false\">Filtration Test<\/div>\n\t\t\t\t\t\t\t\t\t<div id=\"elementor-tab-title-2143\" class=\"elementor-tab-title elementor-tab-desktop-title\" aria-selected=\"false\" data-tab=\"3\" role=\"tab\" tabindex=\"-1\" aria-controls=\"elementor-tab-content-2143\" aria-expanded=\"false\">Filtration Report<\/div>\n\t\t\t\t\t\t\t\t\t<div id=\"elementor-tab-title-2144\" class=\"elementor-tab-title elementor-tab-desktop-title\" aria-selected=\"false\" data-tab=\"4\" role=\"tab\" tabindex=\"-1\" aria-controls=\"elementor-tab-content-2144\" aria-expanded=\"false\">Final Meeting<\/div>\n\t\t\t\t\t\t\t<\/div>\n\t\t\t<div class=\"elementor-tabs-content-wrapper\" role=\"tablist\" aria-orientation=\"vertical\">\n\t\t\t\t\t\t\t\t\t<div class=\"elementor-tab-title elementor-tab-mobile-title\" aria-selected=\"true\" data-tab=\"1\" role=\"tab\" tabindex=\"0\" aria-controls=\"elementor-tab-content-2141\" aria-expanded=\"false\">Filtration Proposal<\/div>\n\t\t\t\t\t<div id=\"elementor-tab-content-2141\" class=\"elementor-tab-content elementor-clearfix\" data-tab=\"1\" role=\"tabpanel\" aria-labelledby=\"elementor-tab-title-2141\" tabindex=\"0\" hidden=\"false\"><p class=\"p1\"><span class=\"s1\">With our vipur filtration proposal, we illustrate to the customer how to proceed with the customer's inquiry. This may include, for example, which possible filters or filter combinations would be useful in order to obtain the best filtration solutions.<\/span><\/p><\/div>\n\t\t\t\t\t\t\t\t\t<div class=\"elementor-tab-title elementor-tab-mobile-title\" aria-selected=\"false\" data-tab=\"2\" role=\"tab\" tabindex=\"-1\" aria-controls=\"elementor-tab-content-2142\" aria-expanded=\"false\">Filtration Test<\/div>\n\t\t\t\t\t<div id=\"elementor-tab-content-2142\" class=\"elementor-tab-content elementor-clearfix\" data-tab=\"2\" role=\"tabpanel\" aria-labelledby=\"elementor-tab-title-2142\" tabindex=\"0\" hidden=\"hidden\"><p class=\"p1 translation-block\">The on-site filtration test is carried out by our team after consultation with the customer. A test is carried out according to the defined parameters in accordance with the filtration protocol.<\/p><p class=\"p1\"><span class=\"s1\">The duration of a filtration test depends on the customer's situation and can last from one to several days.<\/span><\/p><\/div>\n\t\t\t\t\t\t\t\t\t<div class=\"elementor-tab-title elementor-tab-mobile-title\" aria-selected=\"false\" data-tab=\"3\" role=\"tab\" tabindex=\"-1\" aria-controls=\"elementor-tab-content-2143\" aria-expanded=\"false\">Filtration Report<\/div>\n\t\t\t\t\t<div id=\"elementor-tab-content-2143\" class=\"elementor-tab-content elementor-clearfix\" data-tab=\"3\" role=\"tabpanel\" aria-labelledby=\"elementor-tab-title-2143\" tabindex=\"0\" hidden=\"hidden\"><p class=\"p1\"><span class=\"s1\">The filtration report forms the main part of our filtration service. Our aim is to provide the customer with a well-founded scientific report.<span class=\"Apple-converted-space\">\u00a0<\/span><\/span><\/p><p class=\"p1\"><span class=\"s1\">Due to its complexity, the preparation takes approximately 1,5 weeks.<\/span><\/p><\/div>\n\t\t\t\t\t\t\t\t\t<div class=\"elementor-tab-title elementor-tab-mobile-title\" aria-selected=\"false\" data-tab=\"4\" role=\"tab\" tabindex=\"-1\" aria-controls=\"elementor-tab-content-2144\" aria-expanded=\"false\">Final Meeting<\/div>\n\t\t\t\t\t<div id=\"elementor-tab-content-2144\" class=\"elementor-tab-content elementor-clearfix\" data-tab=\"4\" role=\"tabpanel\" aria-labelledby=\"elementor-tab-title-2144\" tabindex=\"0\" hidden=\"hidden\"><p class=\"p1\"><span class=\"s1\">During the joint final meeting, the filtration test and the filtration report are discussed in detail with the customer. The aim is to discuss the filtration test and the evaluation with the customer and to define the next steps.<\/span><\/p><\/div>\n\t\t\t\t\t\t\t<\/div>\n\t\t<\/div>\n\t\t\t\t\t\t<\/div>\n\t\t\t\t<\/div>\n\t\t\t\t<div class=\"elementor-element elementor-element-67392d1 elementor-widget elementor-widget-global elementor-global-630 elementor-widget-spacer\" data-id=\"67392d1\" data-element_type=\"widget\" data-e-type=\"widget\" data-widget_type=\"spacer.default\">\n\t\t\t\t<div class=\"elementor-widget-container\">\n\t\t\t\t\t\t\t<div class=\"elementor-spacer\">\n\t\t\t<div class=\"elementor-spacer-inner\"><\/div>\n\t\t<\/div>\n\t\t\t\t\t\t<\/div>\n\t\t\t\t<\/div>\n\t\t\t\t\t<\/div>\n\t\t\t\t<\/div>\n\t\t\t\t\t<\/div>\n\t\t\t\t<\/div>\n\t\t<div class=\"elementor-element elementor-element-ae5479f e-flex e-con-boxed e-con e-parent\" data-id=\"ae5479f\" data-element_type=\"container\" data-e-type=\"container\">\n\t\t\t\t\t<div class=\"e-con-inner\">\n\t\t<div class=\"elementor-element elementor-element-0755e4c e-flex e-con-boxed e-con e-child\" data-id=\"0755e4c\" data-element_type=\"container\" data-e-type=\"container\" data-settings=\"{&quot;background_background&quot;:&quot;classic&quot;}\">\n\t\t\t\t\t<div class=\"e-con-inner\">\n\t\t\t\t<div class=\"elementor-element elementor-element-a15646d elementor-widget elementor-widget-heading\" data-id=\"a15646d\" data-element_type=\"widget\" data-e-type=\"widget\" data-widget_type=\"heading.default\">\n\t\t\t\t<div class=\"elementor-widget-container\">\n\t\t\t\t\t<h3 class=\"elementor-heading-title elementor-size-default\">Contact us here.<\/h3>\t\t\t\t<\/div>\n\t\t\t\t<\/div>\n\t\t\t\t<div class=\"elementor-element elementor-element-6adb9f9 elementor-align-center elementor-widget elementor-widget-button\" data-id=\"6adb9f9\" data-element_type=\"widget\" data-e-type=\"widget\" data-widget_type=\"button.default\">\n\t\t\t\t<div class=\"elementor-widget-container\">\n\t\t\t\t\t\t\t\t\t<div class=\"elementor-button-wrapper\">\n\t\t\t\t\t<a class=\"elementor-button elementor-button-link elementor-size-sm\" href=\"https:\/\/vipur.at\/en\/contact\/\">\n\t\t\t\t\t\t<span class=\"elementor-button-content-wrapper\">\n\t\t\t\t\t\t\t\t\t<span class=\"elementor-button-text\">Contact<\/span>\n\t\t\t\t\t<\/span>\n\t\t\t\t\t<\/a>\n\t\t\t\t<\/div>\n\t\t\t\t\t\t\t\t<\/div>\n\t\t\t\t<\/div>\n\t\t\t\t\t<\/div>\n\t\t\t\t<\/div>\n\t\t\t\t<div class=\"elementor-element elementor-element-301d355 elementor-widget elementor-widget-global elementor-global-630 elementor-widget-spacer\" data-id=\"301d355\" data-element_type=\"widget\" data-e-type=\"widget\" data-widget_type=\"spacer.default\">\n\t\t\t\t<div class=\"elementor-widget-container\">\n\t\t\t\t\t\t\t<div class=\"elementor-spacer\">\n\t\t\t<div class=\"elementor-spacer-inner\"><\/div>\n\t\t<\/div>\n\t\t\t\t\t\t<\/div>\n\t\t\t\t<\/div>\n\t\t\t\t\t<\/div>\n\t\t\t\t<\/div>\n\t\t\t\t<\/div>","protected":false},"excerpt":{"rendered":"<p>Filtrationsservice Filtrationsservice \u2013 unsere Leistung Die Auswahl im Bereich Durchsatz, Wirtschaftlichkeit und\/oder Verf\u00fcgbarkeit der geeigneten Filter ist eines unserer Service von vipur.Wir besch\u00e4ftigen uns seit mehr als 25 Jahren mit Filtrations- und Separationsl\u00f6sungen und k\u00f6nnen dadurch auf ein entsprechendes Wissen betreffend der Eigenschaften von Tiefenfilter auf Zellulosebasis, Vorfilter und Sterilfilter f\u00fcr die Bereiche Pharma-, Biotechnologie [&hellip;]<\/p>\n","protected":false},"author":2,"featured_media":0,"parent":0,"menu_order":0,"comment_status":"closed","ping_status":"closed","template":"","meta":{"_seopress_robots_primary_cat":"","_seopress_titles_title":"Filtrationsservice, Proposal, Versuch, Report | vipur","_seopress_titles_desc":"Das vipur Filtrationsservice bietet: Filtrationsproposal \u2714 Filtrationsversuch \u2714 Filtrationsreport \u2714 Abschlussgespr\u00e4ch \u2714","_seopress_robots_index":"","footnotes":""},"class_list":["post-3683","page","type-page","status-publish","hentry"],"_links":{"self":[{"href":"https:\/\/vipur.at\/en\/wp-json\/wp\/v2\/pages\/3683","targetHints":{"allow":["GET"]}}],"collection":[{"href":"https:\/\/vipur.at\/en\/wp-json\/wp\/v2\/pages"}],"about":[{"href":"https:\/\/vipur.at\/en\/wp-json\/wp\/v2\/types\/page"}],"author":[{"embeddable":true,"href":"https:\/\/vipur.at\/en\/wp-json\/wp\/v2\/users\/2"}],"replies":[{"embeddable":true,"href":"https:\/\/vipur.at\/en\/wp-json\/wp\/v2\/comments?post=3683"}],"version-history":[{"count":73,"href":"https:\/\/vipur.at\/en\/wp-json\/wp\/v2\/pages\/3683\/revisions"}],"predecessor-version":[{"id":6941,"href":"https:\/\/vipur.at\/en\/wp-json\/wp\/v2\/pages\/3683\/revisions\/6941"}],"wp:attachment":[{"href":"https:\/\/vipur.at\/en\/wp-json\/wp\/v2\/media?parent=3683"}],"curies":[{"name":"wp","href":"https:\/\/api.w.org\/{rel}","templated":true}]}}