{"id":4294,"date":"2024-01-26T16:50:36","date_gmt":"2024-01-26T16:50:36","guid":{"rendered":"https:\/\/vipur.at\/?page_id=4294"},"modified":"2026-03-15T20:10:22","modified_gmt":"2026-03-15T20:10:22","slug":"microcappro","status":"publish","type":"page","link":"https:\/\/vipur.at\/en\/microcappro\/","title":{"rendered":"MicrocapPro"},"content":{"rendered":"<div data-elementor-type=\"wp-page\" data-elementor-id=\"4294\" class=\"elementor elementor-4294\" data-elementor-post-type=\"page\">\n\t\t\t\t<div class=\"elementor-element elementor-element-90b08a0 e-flex e-con-boxed e-con e-parent\" data-id=\"90b08a0\" data-element_type=\"container\" data-e-type=\"container\" data-settings=\"{&quot;background_background&quot;:&quot;classic&quot;}\">\n\t\t\t\t\t<div class=\"e-con-inner\">\n\t\t\t\t<div class=\"elementor-element elementor-element-55812e4 elementor-widget elementor-widget-heading\" data-id=\"55812e4\" data-element_type=\"widget\" data-e-type=\"widget\" data-widget_type=\"heading.default\">\n\t\t\t\t<div class=\"elementor-widget-container\">\n\t\t\t\t\t<h1 class=\"elementor-heading-title elementor-size-default\">MICROCAP PRO\u2122<\/h1>\t\t\t\t<\/div>\n\t\t\t\t<\/div>\n\t\t\t\t\t<\/div>\n\t\t\t\t<\/div>\n\t\t<div class=\"elementor-element elementor-element-78f0baa e-flex e-con-boxed e-con e-parent\" data-id=\"78f0baa\" data-element_type=\"container\" data-e-type=\"container\">\n\t\t\t\t\t<div class=\"e-con-inner\">\n\t\t\t\t<div class=\"elementor-element elementor-element-3f50f1a elementor-widget elementor-widget-global elementor-global-630 elementor-widget-spacer\" data-id=\"3f50f1a\" data-element_type=\"widget\" data-e-type=\"widget\" data-widget_type=\"spacer.default\">\n\t\t\t\t<div class=\"elementor-widget-container\">\n\t\t\t\t\t\t\t<div class=\"elementor-spacer\">\n\t\t\t<div class=\"elementor-spacer-inner\"><\/div>\n\t\t<\/div>\n\t\t\t\t\t\t<\/div>\n\t\t\t\t<\/div>\n\t\t\t\t\t<\/div>\n\t\t\t\t<\/div>\n\t\t<div class=\"elementor-element elementor-element-a353c3d e-flex e-con-boxed e-con e-parent\" data-id=\"a353c3d\" data-element_type=\"container\" data-e-type=\"container\">\n\t\t\t\t\t<div class=\"e-con-inner\">\n\t\t<div class=\"elementor-element elementor-element-d442ef5 e-con-full e-flex e-con e-child\" data-id=\"d442ef5\" data-element_type=\"container\" data-e-type=\"container\">\n\t\t\t\t<div class=\"elementor-element elementor-element-35c9d5a elementor-widget elementor-widget-heading\" data-id=\"35c9d5a\" data-element_type=\"widget\" data-e-type=\"widget\" data-widget_type=\"heading.default\">\n\t\t\t\t<div class=\"elementor-widget-container\">\n\t\t\t\t\t<h2 class=\"elementor-heading-title elementor-size-default\">Details<\/h2>\t\t\t\t<\/div>\n\t\t\t\t<\/div>\n\t\t\t\t<div class=\"elementor-element elementor-element-be17712 elementor-widget elementor-widget-text-editor\" data-id=\"be17712\" data-element_type=\"widget\" data-e-type=\"widget\" data-widget_type=\"text-editor.default\">\n\t\t\t\t<div class=\"elementor-widget-container\">\n\t\t\t\t\t\t\t\t\t<p class=\"p1 translation-block\">The MicroCap Pro\u2122 Single-Use capsule system is the alternative to Pak\u00ae depth filter modules on a\nproduction scale. It is specifically designed for large scale microfiltration in the blood fractionation,\nbiotech, and pharmaceutical industries. <br><br>MicroCap Pro\u2122 is a versatile solution for the processing of CHO, E. coli or in blood fractionation in\npilot plant, production scale and\/or for conversion to a Single-Use system.\nAvailable in three different sizes\/filter areas, the system offers easy scalability and therefore a perfect\ntransition from lab scale to production scale.<br><br>All ErtelAlsop depth filter media, whether single or double-layered, with or without activated carbon,\nare available as MicroCap Pro\u2122 depth filter capsules.\nErtelAlsop is therefore one of the few manufacturers in the world that can also supply 16\" depth filter\ncapsules with activated carbon layers.<\/p>\t\t\t\t\t\t\t\t<\/div>\n\t\t\t\t<\/div>\n\t\t\t\t<div class=\"elementor-element elementor-element-f0f7c4e elementor-align-left elementor-widget elementor-widget-button\" data-id=\"f0f7c4e\" data-element_type=\"widget\" data-e-type=\"widget\" data-widget_type=\"button.default\">\n\t\t\t\t<div class=\"elementor-widget-container\">\n\t\t\t\t\t\t\t\t\t<div class=\"elementor-button-wrapper\">\n\t\t\t\t\t<a class=\"elementor-button elementor-button-link elementor-size-sm\" href=\"https:\/\/vipur.at\/wp-content\/uploads\/2024\/02\/MicroCap_Pro_Series_ErtelAlsop-vipur.pdf\" target=\"_blank\">\n\t\t\t\t\t\t<span class=\"elementor-button-content-wrapper\">\n\t\t\t\t\t\t\t\t\t<span class=\"elementor-button-text\">Download technical data sheet<\/span>\n\t\t\t\t\t<\/span>\n\t\t\t\t\t<\/a>\n\t\t\t\t<\/div>\n\t\t\t\t\t\t\t\t<\/div>\n\t\t\t\t<\/div>\n\t\t\t\t<\/div>\n\t\t<div class=\"elementor-element elementor-element-fb61831 e-con-full e-flex e-con e-child\" data-id=\"fb61831\" data-element_type=\"container\" data-e-type=\"container\">\n\t\t\t\t<div class=\"elementor-element elementor-element-af2db26 elementor-widget elementor-widget-image\" data-id=\"af2db26\" data-element_type=\"widget\" data-e-type=\"widget\" data-widget_type=\"image.default\">\n\t\t\t\t<div class=\"elementor-widget-container\">\n\t\t\t\t\t\t\t\t\t\t\t\t\t\t\t<img fetchpriority=\"high\" decoding=\"async\" width=\"800\" height=\"600\" src=\"https:\/\/vipur.at\/wp-content\/uploads\/2024\/01\/MIcrocapPro_vipur-1024x768.jpg\" class=\"attachment-large size-large wp-image-4283\" alt=\"MicroCap Pro\u2122 Single-Use capsule system\" srcset=\"https:\/\/vipur.at\/wp-content\/uploads\/2024\/01\/MIcrocapPro_vipur-1024x768.jpg 1024w, https:\/\/vipur.at\/wp-content\/uploads\/2024\/01\/MIcrocapPro_vipur-300x225.jpg 300w, https:\/\/vipur.at\/wp-content\/uploads\/2024\/01\/MIcrocapPro_vipur-768x576.jpg 768w, https:\/\/vipur.at\/wp-content\/uploads\/2024\/01\/MIcrocapPro_vipur-16x12.jpg 16w, https:\/\/vipur.at\/wp-content\/uploads\/2024\/01\/MIcrocapPro_vipur.jpg 1080w\" sizes=\"(max-width: 800px) 100vw, 800px\" \/>\t\t\t\t\t\t\t\t\t\t\t\t\t\t\t<\/div>\n\t\t\t\t<\/div>\n\t\t\t\t<\/div>\n\t\t\t\t\t<\/div>\n\t\t\t\t<\/div>\n\t\t<div class=\"elementor-element elementor-element-3f4605e e-flex e-con-boxed e-con e-parent\" data-id=\"3f4605e\" data-element_type=\"container\" data-e-type=\"container\">\n\t\t\t\t\t<div class=\"e-con-inner\">\n\t\t<div class=\"elementor-element elementor-element-60a1e22 e-flex e-con-boxed e-con e-child\" data-id=\"60a1e22\" data-element_type=\"container\" data-e-type=\"container\">\n\t\t\t\t\t<div class=\"e-con-inner\">\n\t\t\t\t<div class=\"elementor-element elementor-element-40e19d3 elementor-widget elementor-widget-spacer\" data-id=\"40e19d3\" data-element_type=\"widget\" data-e-type=\"widget\" data-widget_type=\"spacer.default\">\n\t\t\t\t<div class=\"elementor-widget-container\">\n\t\t\t\t\t\t\t<div class=\"elementor-spacer\">\n\t\t\t<div class=\"elementor-spacer-inner\"><\/div>\n\t\t<\/div>\n\t\t\t\t\t\t<\/div>\n\t\t\t\t<\/div>\n\t\t\t\t\t<\/div>\n\t\t\t\t<\/div>\n\t\t\t\t\t<\/div>\n\t\t\t\t<\/div>\n\t\t<div class=\"elementor-element elementor-element-354e363 e-flex e-con-boxed e-con e-parent\" data-id=\"354e363\" data-element_type=\"container\" data-e-type=\"container\">\n\t\t\t\t\t<div class=\"e-con-inner\">\n\t\t<div class=\"elementor-element elementor-element-7ce1296 e-con-full e-flex e-con e-child\" data-id=\"7ce1296\" data-element_type=\"container\" data-e-type=\"container\">\n\t\t\t\t<div class=\"elementor-element elementor-element-849d7f9 elementor-widget elementor-widget-heading\" data-id=\"849d7f9\" data-element_type=\"widget\" data-e-type=\"widget\" data-widget_type=\"heading.default\">\n\t\t\t\t<div class=\"elementor-widget-container\">\n\t\t\t\t\t<h2 class=\"elementor-heading-title elementor-size-default\">Video about MicroCap Pro\u2122 Single-Use Filtration System<\/h2>\t\t\t\t<\/div>\n\t\t\t\t<\/div>\n\t\t\t\t<div class=\"elementor-element elementor-element-06bd09f elementor-widget elementor-widget-text-editor\" data-id=\"06bd09f\" data-element_type=\"widget\" data-e-type=\"widget\" data-widget_type=\"text-editor.default\">\n\t\t\t\t<div class=\"elementor-widget-container\">\n\t\t\t\t\t\t\t\t\t<p class=\"p1\">This video is primarily intended to illustrate the MicroCap Pro\u2122 Single-Use product portfolio.<br>The respective filter holders for the laboratory area\/MCP-F, pilot plant\/MCP-S and production\narea\/MCP-L are presented. In the video you can see a demo of the handling of the filter capsules and,\nif necessary, the manifolds.<br>These illustrations serve to demonstrate how easy it is to use a capsule system for depth filters in\npractice. We would particularly like to emphasise that the laboratory holder\/MCP-F can be operated\nwithout the use of manifolds.<\/p>\t\t\t\t\t\t\t\t<\/div>\n\t\t\t\t<\/div>\n\t\t\t\t<\/div>\n\t\t<div class=\"elementor-element elementor-element-d7e9506 e-con-full e-flex e-con e-child\" data-id=\"d7e9506\" data-element_type=\"container\" data-e-type=\"container\">\n\t\t\t\t<div class=\"elementor-element elementor-element-94874ee elementor-widget elementor-widget-video\" data-id=\"94874ee\" data-element_type=\"widget\" data-e-type=\"widget\" data-settings=\"{&quot;youtube_url&quot;:&quot;https:\\\/\\\/www.youtube.com\\\/watch?v=wvZS2sbSAuw&quot;,&quot;video_type&quot;:&quot;youtube&quot;,&quot;controls&quot;:&quot;yes&quot;}\" data-widget_type=\"video.default\">\n\t\t\t\t<div class=\"elementor-widget-container\">\n\t\t\t\t\t\t\t<div class=\"elementor-wrapper elementor-open-inline\">\n\t\t\t<div class=\"elementor-video\"> <div class=\"brlbs-cmpnt-container brlbs-cmpnt-content-blocker brlbs-cmpnt-with-individual-styles\" data-borlabs-cookie-content-blocker-id=\"youtube-content-blocker\" data-borlabs-cookie-content=\"PHNjcmlwdD4KKGZ1bmN0aW9uKCkgewogICAgbGV0IGQgPSBudWxsOwoKICAgIC8vIGlmIHdlIGFyZSBpbiBhIGxvb3AsIHdlIG5lZWQgdG8gc2VsZWN0IHRoZSBjb3JyZWN0IHZpZGVvIGVsZW1lbnQsIHNpbmNlIFdpZGdldCBJRCBvY2N1cnMgbXVsdGlwbGUgdGltZXMgb24gcGFnZQogICAgY29uc3QgZWxlbXNJbkxvb3AgPSBkb2N1bWVudC5xdWVyeVNlbGVjdG9yQWxsKCdkaXZbZGF0YS1lbGVtZW50b3ItdHlwZT0ibG9vcC1pdGVtIl0gZGl2LmVsZW1lbnRvci1lbGVtZW50LTk0ODc0ZWUnKTsKICAgIGlmIChlbGVtc0luTG9vcC5sZW5ndGggPT09IDEpIHsKICAgICAgICBkID0gZWxlbXNJbkxvb3BbMF07CiAgICB9IGVsc2UgaWYgKGVsZW1zSW5Mb29wLmxlbmd0aCA+IDEpIHsKICAgICAgICBpZiAodHlwZW9mIGRvY3VtZW50LmN1cnJlbnRTY3JpcHQgPT09ICd1bmRlZmluZWQnIHx8IGRvY3VtZW50LmN1cnJlbnRTY3JpcHQgPT0gbnVsbCkgewogICAgICAgICAgICByZXR1cm47CiAgICAgICAgfQogICAgICAgIGNvbnN0IHRtcFZpZGVvV2lkZ2V0ID0gZG9jdW1lbnQuY3VycmVudFNjcmlwdC5jbG9zZXN0KCdbZGF0YS13aWRnZXRfdHlwZT0iYnJsYnNfdmlkZW8uZGVmYXVsdCJdJyk7CiAgICAgICAgaWYgKHRtcFZpZGVvV2lkZ2V0KSB7CiAgICAgICAgICAgIGQgPSB0bXBWaWRlb1dpZGdldDsKICAgICAgICB9CiAgICB9CgogICAgaWYgKGQgPT0gbnVsbCkgewogICAgICAgIGQgPSBkb2N1bWVudC5xdWVyeVNlbGVjdG9yKCdkaXYuZWxlbWVudG9yLWVsZW1lbnQtOTQ4NzRlZScpOwogICAgfQoKICAgIGlmIChkID09IG51bGwpIHsKICAgICAgICByZXR1cm47CiAgICB9CiAgICBkLmRhdGFzZXQud2lkZ2V0X3R5cGUgPSBkLmRhdGFzZXQud2lkZ2V0X3R5cGUucmVwbGFjZSgnYnJsYnNfJywgJycpOwogICAgZC5kYXRhc2V0LmJybGJzVW5ibG9ja2VkID0gJ3RydWUnOwoKICAgIGNvbnN0IGludGVydmFsID0gc2V0SW50ZXJ2YWwoKCkgPT4gewogICAgICAgIGlmICh0eXBlb2YgZWxlbWVudG9yRnJvbnRlbmQgIT09ICd1bmRlZmluZWQnICYmIHR5cGVvZiBlbGVtZW50b3JGcm9udGVuZC5ob29rcyAhPT0gJ3VuZGVmaW5lZCcpIHsKICAgICAgICAgICAgY2xlYXJJbnRlcnZhbChpbnRlcnZhbCk7CiAgICAgICAgICAgIGVsZW1lbnRvckZyb250ZW5kLmhvb2tzLmRvQWN0aW9uKCdmcm9udGVuZC9lbGVtZW50X3JlYWR5L3ZpZGVvLmRlZmF1bHQnLCBqUXVlcnkoZCksIGpRdWVyeSkKICAgICAgICB9CiAgICB9LCAzMCkKfSkoKTsKPC9zY3JpcHQ+\"><div class=\"brlbs-cmpnt-cb-preset-c brlbs-cmpnt-cb-youtube\"> <div class=\"brlbs-cmpnt-cb-thumbnail\" style=\"background-image: url('https:\/\/vipur.at\/wp-content\/uploads\/borlabs-cookie\/1\/yt_wvZS2sbSAuw_hqdefault.jpg')\"><\/div> <div class=\"brlbs-cmpnt-cb-main\"> <div class=\"brlbs-cmpnt-cb-play-button\"><\/div> <div class=\"brlbs-cmpnt-cb-content\"> <p class=\"brlbs-cmpnt-cb-description\">You are currently viewing a placeholder content from <strong>YouTube<\/strong>. To access the actual content, click the button below. Please note that doing so will share data with third-party providers.<\/p> <a class=\"brlbs-cmpnt-cb-provider-toggle\" href=\"#\" data-borlabs-cookie-show-provider-information role=\"button\">More Information<\/a> <\/div> <div class=\"brlbs-cmpnt-cb-buttons\"> <a class=\"brlbs-cmpnt-cb-btn\" href=\"#\" data-borlabs-cookie-unblock role=\"button\">Unblock content<\/a> <a class=\"brlbs-cmpnt-cb-btn\" href=\"#\" data-borlabs-cookie-accept-service role=\"button\" style=\"display: inherit\">Accept required service and unblock content<\/a> <\/div> <\/div> <\/div><\/div><\/div>\t\t<\/div>\n\t\t\t\t\t\t<\/div>\n\t\t\t\t<\/div>\n\t\t\t\t<\/div>\n\t\t\t\t\t<\/div>\n\t\t\t\t<\/div>\n\t\t<div class=\"elementor-element elementor-element-f00430e e-flex e-con-boxed e-con e-parent\" data-id=\"f00430e\" data-element_type=\"container\" data-e-type=\"container\">\n\t\t\t\t\t<div class=\"e-con-inner\">\n\t\t<div class=\"elementor-element elementor-element-639e664 e-flex e-con-boxed e-con e-child\" data-id=\"639e664\" data-element_type=\"container\" data-e-type=\"container\">\n\t\t\t\t\t<div class=\"e-con-inner\">\n\t\t\t\t<div class=\"elementor-element elementor-element-d2aa1e8 elementor-widget elementor-widget-spacer\" data-id=\"d2aa1e8\" data-element_type=\"widget\" data-e-type=\"widget\" data-widget_type=\"spacer.default\">\n\t\t\t\t<div class=\"elementor-widget-container\">\n\t\t\t\t\t\t\t<div class=\"elementor-spacer\">\n\t\t\t<div class=\"elementor-spacer-inner\"><\/div>\n\t\t<\/div>\n\t\t\t\t\t\t<\/div>\n\t\t\t\t<\/div>\n\t\t\t\t\t<\/div>\n\t\t\t\t<\/div>\n\t\t\t\t\t<\/div>\n\t\t\t\t<\/div>\n\t\t<div class=\"elementor-element elementor-element-ee84e7f e-flex e-con-boxed e-con e-parent\" data-id=\"ee84e7f\" data-element_type=\"container\" data-e-type=\"container\">\n\t\t\t\t\t<div class=\"e-con-inner\">\n\t\t<div class=\"elementor-element elementor-element-9d91310 e-con-full e-flex e-con e-child\" data-id=\"9d91310\" data-element_type=\"container\" data-e-type=\"container\">\n\t\t\t\t<div class=\"elementor-element elementor-element-15e932c elementor-widget elementor-widget-heading\" data-id=\"15e932c\" data-element_type=\"widget\" data-e-type=\"widget\" data-widget_type=\"heading.default\">\n\t\t\t\t<div class=\"elementor-widget-container\">\n\t\t\t\t\t<h2 class=\"elementor-heading-title elementor-size-default\">Suppliers<\/h2>\t\t\t\t<\/div>\n\t\t\t\t<\/div>\n\t\t\t\t<div class=\"elementor-element elementor-element-74b71e6 elementor-widget elementor-widget-text-editor\" data-id=\"74b71e6\" data-element_type=\"widget\" data-e-type=\"widget\" data-widget_type=\"text-editor.default\">\n\t\t\t\t<div class=\"elementor-widget-container\">\n\t\t\t\t\t\t\t\t\t<p>We maintain intensive and personal contacts with our global suppliers - synergies and reliability are very important to us.<\/p>\t\t\t\t\t\t\t\t<\/div>\n\t\t\t\t<\/div>\n\t\t\t\t<div class=\"elementor-element elementor-element-5f4ed83 elementor-widget elementor-widget-image\" data-id=\"5f4ed83\" data-element_type=\"widget\" data-e-type=\"widget\" data-widget_type=\"image.default\">\n\t\t\t\t<div class=\"elementor-widget-container\">\n\t\t\t\t\t\t\t\t\t\t\t\t\t\t\t<img decoding=\"async\" width=\"800\" height=\"118\" src=\"https:\/\/vipur.at\/wp-content\/uploads\/2023\/12\/ErtelAlsop_Logo_Orange.png\" class=\"attachment-large size-large wp-image-1959\" alt=\"Logo of ErtelAlsop, Partner of vipur - vienna purification.\" srcset=\"https:\/\/vipur.at\/wp-content\/uploads\/2023\/12\/ErtelAlsop_Logo_Orange.png 1000w, https:\/\/vipur.at\/wp-content\/uploads\/2023\/12\/ErtelAlsop_Logo_Orange-300x44.png 300w, https:\/\/vipur.at\/wp-content\/uploads\/2023\/12\/ErtelAlsop_Logo_Orange-768x114.png 768w, https:\/\/vipur.at\/wp-content\/uploads\/2023\/12\/ErtelAlsop_Logo_Orange-18x3.png 18w\" sizes=\"(max-width: 800px) 100vw, 800px\" \/>\t\t\t\t\t\t\t\t\t\t\t\t\t\t\t<\/div>\n\t\t\t\t<\/div>\n\t\t\t\t<\/div>\n\t\t<div class=\"elementor-element elementor-element-4c3f883 e-con-full e-flex e-con e-child\" data-id=\"4c3f883\" data-element_type=\"container\" data-e-type=\"container\" data-settings=\"{&quot;background_background&quot;:&quot;classic&quot;}\">\n\t\t\t\t<div class=\"elementor-element elementor-element-6ba45b8 elementor-widget elementor-widget-heading\" data-id=\"6ba45b8\" data-element_type=\"widget\" data-e-type=\"widget\" data-widget_type=\"heading.default\">\n\t\t\t\t<div class=\"elementor-widget-container\">\n\t\t\t\t\t<h3 class=\"elementor-heading-title elementor-size-default\">Contact us here.<\/h3>\t\t\t\t<\/div>\n\t\t\t\t<\/div>\n\t\t\t\t<div class=\"elementor-element elementor-element-1960f77 elementor-align-center elementor-widget elementor-widget-button\" data-id=\"1960f77\" data-element_type=\"widget\" data-e-type=\"widget\" data-widget_type=\"button.default\">\n\t\t\t\t<div class=\"elementor-widget-container\">\n\t\t\t\t\t\t\t\t\t<div class=\"elementor-button-wrapper\">\n\t\t\t\t\t<a class=\"elementor-button elementor-button-link elementor-size-sm\" href=\"https:\/\/vipur.at\/en\/contact\/\">\n\t\t\t\t\t\t<span class=\"elementor-button-content-wrapper\">\n\t\t\t\t\t\t\t\t\t<span class=\"elementor-button-text\">Contact<\/span>\n\t\t\t\t\t<\/span>\n\t\t\t\t\t<\/a>\n\t\t\t\t<\/div>\n\t\t\t\t\t\t\t\t<\/div>\n\t\t\t\t<\/div>\n\t\t\t\t<\/div>\n\t\t\t\t\t<\/div>\n\t\t\t\t<\/div>\n\t\t<div class=\"elementor-element elementor-element-eaa8df1 e-flex e-con-boxed e-con e-parent\" data-id=\"eaa8df1\" data-element_type=\"container\" data-e-type=\"container\">\n\t\t\t\t\t<div class=\"e-con-inner\">\n\t\t\t\t<div class=\"elementor-element elementor-element-057e1fa elementor-widget elementor-widget-global elementor-global-630 elementor-widget-spacer\" data-id=\"057e1fa\" data-element_type=\"widget\" data-e-type=\"widget\" data-widget_type=\"spacer.default\">\n\t\t\t\t<div class=\"elementor-widget-container\">\n\t\t\t\t\t\t\t<div class=\"elementor-spacer\">\n\t\t\t<div class=\"elementor-spacer-inner\"><\/div>\n\t\t<\/div>\n\t\t\t\t\t\t<\/div>\n\t\t\t\t<\/div>\n\t\t\t\t\t<\/div>\n\t\t\t\t<\/div>\n\t\t\t\t<\/div>","protected":false},"excerpt":{"rendered":"<p>MICROCAP PRO\u2122 Details Das Single-Use-Capsulensystem MicroCap Pro\u2122 ist die Alternative zu Pak\u00ae-Tiefenfiltermodulen im Produktionsma\u00dfstab. Es wurde speziell f\u00fcr die Mikrofiltration im gro\u00dfen Ma\u00dfstab in der Blutfraktionierung, Biotech- und Pharmaindustrie konzipiert.MicroCap Pro\u2122 stellt eine vielseitige L\u00f6sung f\u00fcr die Aufarbeitung von CHO, E. coli oder in der Blutfraktionierung im Pilot Plant-, im Produktionsma\u00dfstab und\/oder zur Umstellung auf [&hellip;]<\/p>\n","protected":false},"author":2,"featured_media":0,"parent":0,"menu_order":0,"comment_status":"closed","ping_status":"closed","template":"","meta":{"_seopress_robots_primary_cat":"","_seopress_titles_title":"MicroCap Pro 16\u201c-Tiefenfiltercapsulen | vipur","_seopress_titles_desc":"vipur bietet 16\u201c-Tiefenfiltercapsulen f\u00fcr den Einsatzbereich: Blutfraktionierung \u2714 Filtration von CHO \u2714 E. coli \u2714 \u00fcberdurchschnittliche Reinheit \u2714 Aktivkohle \u2714","_seopress_robots_index":"","footnotes":""},"class_list":["post-4294","page","type-page","status-publish","hentry"],"_links":{"self":[{"href":"https:\/\/vipur.at\/en\/wp-json\/wp\/v2\/pages\/4294","targetHints":{"allow":["GET"]}}],"collection":[{"href":"https:\/\/vipur.at\/en\/wp-json\/wp\/v2\/pages"}],"about":[{"href":"https:\/\/vipur.at\/en\/wp-json\/wp\/v2\/types\/page"}],"author":[{"embeddable":true,"href":"https:\/\/vipur.at\/en\/wp-json\/wp\/v2\/users\/2"}],"replies":[{"embeddable":true,"href":"https:\/\/vipur.at\/en\/wp-json\/wp\/v2\/comments?post=4294"}],"version-history":[{"count":80,"href":"https:\/\/vipur.at\/en\/wp-json\/wp\/v2\/pages\/4294\/revisions"}],"predecessor-version":[{"id":8532,"href":"https:\/\/vipur.at\/en\/wp-json\/wp\/v2\/pages\/4294\/revisions\/8532"}],"wp:attachment":[{"href":"https:\/\/vipur.at\/en\/wp-json\/wp\/v2\/media?parent=4294"}],"curies":[{"name":"wp","href":"https:\/\/api.w.org\/{rel}","templated":true}]}}