{"id":4790,"date":"2024-02-21T20:18:22","date_gmt":"2024-02-21T20:18:22","guid":{"rendered":"https:\/\/vipur.at\/?page_id=4790"},"modified":"2026-04-01T17:01:03","modified_gmt":"2026-04-01T17:01:03","slug":"prefilters","status":"publish","type":"page","link":"https:\/\/vipur.at\/en\/vorfilter\/","title":{"rendered":"Prefilters"},"content":{"rendered":"<div data-elementor-type=\"wp-page\" data-elementor-id=\"4790\" class=\"elementor elementor-4790\" data-elementor-post-type=\"page\">\n\t\t\t\t<div class=\"elementor-element elementor-element-90b08a0 e-flex e-con-boxed e-con e-parent\" data-id=\"90b08a0\" data-element_type=\"container\" data-e-type=\"container\" data-settings=\"{&quot;background_background&quot;:&quot;classic&quot;}\">\n\t\t\t\t\t<div class=\"e-con-inner\">\n\t\t\t\t<div class=\"elementor-element elementor-element-55812e4 elementor-widget elementor-widget-heading\" data-id=\"55812e4\" data-element_type=\"widget\" data-e-type=\"widget\" data-widget_type=\"heading.default\">\n\t\t\t\t<div class=\"elementor-widget-container\">\n\t\t\t\t\t<h1 class=\"elementor-heading-title elementor-size-default\">Prefilters<\/h1>\t\t\t\t<\/div>\n\t\t\t\t<\/div>\n\t\t\t\t\t<\/div>\n\t\t\t\t<\/div>\n\t\t<div class=\"elementor-element elementor-element-78f0baa e-flex e-con-boxed e-con e-parent\" data-id=\"78f0baa\" data-element_type=\"container\" data-e-type=\"container\">\n\t\t\t\t\t<div class=\"e-con-inner\">\n\t\t\t\t<div class=\"elementor-element elementor-element-3f50f1a elementor-widget elementor-widget-global elementor-global-630 elementor-widget-spacer\" data-id=\"3f50f1a\" data-element_type=\"widget\" data-e-type=\"widget\" data-widget_type=\"spacer.default\">\n\t\t\t\t<div class=\"elementor-widget-container\">\n\t\t\t\t\t\t\t<div class=\"elementor-spacer\">\n\t\t\t<div class=\"elementor-spacer-inner\"><\/div>\n\t\t<\/div>\n\t\t\t\t\t\t<\/div>\n\t\t\t\t<\/div>\n\t\t\t\t\t<\/div>\n\t\t\t\t<\/div>\n\t\t<div class=\"elementor-element elementor-element-a353c3d e-flex e-con-boxed e-con e-parent\" data-id=\"a353c3d\" data-element_type=\"container\" data-e-type=\"container\">\n\t\t\t\t\t<div class=\"e-con-inner\">\n\t\t<div class=\"elementor-element elementor-element-d442ef5 e-con-full e-flex e-con e-child\" data-id=\"d442ef5\" data-element_type=\"container\" data-e-type=\"container\">\n\t\t\t\t<div class=\"elementor-element elementor-element-35c9d5a elementor-widget elementor-widget-heading\" data-id=\"35c9d5a\" data-element_type=\"widget\" data-e-type=\"widget\" data-widget_type=\"heading.default\">\n\t\t\t\t<div class=\"elementor-widget-container\">\n\t\t\t\t\t<h2 class=\"elementor-heading-title elementor-size-default\">Details<\/h2>\t\t\t\t<\/div>\n\t\t\t\t<\/div>\n\t\t\t\t<div class=\"elementor-element elementor-element-be17712 elementor-widget elementor-widget-text-editor\" data-id=\"be17712\" data-element_type=\"widget\" data-e-type=\"widget\" data-widget_type=\"text-editor.default\">\n\t\t\t\t<div class=\"elementor-widget-container\">\n\t\t\t\t\t\t\t\t\t<p class=\"p1\"><span class=\"s1\">Depending on the application, pre-filters made of polypropylene (PP) or glass fiber (GF) are used. The different functionality of these two materials on the filtrate should be determined in laboratory tests.<\/span><span class=\"s2\"><span class=\"Apple-converted-space\">\u00a0<\/span><\/span><\/p>\t\t\t\t\t\t\t\t<\/div>\n\t\t\t\t<\/div>\n\t\t\t\t<\/div>\n\t\t<div class=\"elementor-element elementor-element-fb61831 e-con-full e-flex e-con e-child\" data-id=\"fb61831\" data-element_type=\"container\" data-e-type=\"container\">\n\t\t\t\t<div class=\"elementor-element elementor-element-9c42550 elementor-widget elementor-widget-image\" data-id=\"9c42550\" data-element_type=\"widget\" data-e-type=\"widget\" data-widget_type=\"image.default\">\n\t\t\t\t<div class=\"elementor-widget-container\">\n\t\t\t\t\t\t\t\t\t\t\t\t\t\t\t<img fetchpriority=\"high\" decoding=\"async\" width=\"800\" height=\"600\" src=\"https:\/\/vipur.at\/wp-content\/uploads\/2026\/03\/Vorfilter-vipur-1024x768.jpg\" class=\"attachment-large size-large wp-image-8578\" alt=\"\" srcset=\"https:\/\/vipur.at\/wp-content\/uploads\/2026\/03\/Vorfilter-vipur-1024x768.jpg 1024w, https:\/\/vipur.at\/wp-content\/uploads\/2026\/03\/Vorfilter-vipur-300x225.jpg 300w, https:\/\/vipur.at\/wp-content\/uploads\/2026\/03\/Vorfilter-vipur-768x576.jpg 768w, https:\/\/vipur.at\/wp-content\/uploads\/2026\/03\/Vorfilter-vipur-16x12.jpg 16w, https:\/\/vipur.at\/wp-content\/uploads\/2026\/03\/Vorfilter-vipur.jpg 1080w\" sizes=\"(max-width: 800px) 100vw, 800px\" \/>\t\t\t\t\t\t\t\t\t\t\t\t\t\t\t<\/div>\n\t\t\t\t<\/div>\n\t\t\t\t<\/div>\n\t\t\t\t\t<\/div>\n\t\t\t\t<\/div>\n\t\t<div class=\"elementor-element elementor-element-3f4605e e-flex e-con-boxed e-con e-parent\" data-id=\"3f4605e\" data-element_type=\"container\" data-e-type=\"container\">\n\t\t\t\t\t<div class=\"e-con-inner\">\n\t\t<div class=\"elementor-element elementor-element-ef82162 e-con-full e-flex e-con e-child\" data-id=\"ef82162\" data-element_type=\"container\" data-e-type=\"container\">\n\t\t<div class=\"elementor-element elementor-element-fd9fed3 e-flex e-con-boxed e-con e-child\" data-id=\"fd9fed3\" data-element_type=\"container\" data-e-type=\"container\">\n\t\t\t\t\t<div class=\"e-con-inner\">\n\t\t\t\t<div class=\"elementor-element elementor-element-bdf5e95 elementor-widget elementor-widget-global elementor-global-640 elementor-widget-spacer\" data-id=\"bdf5e95\" data-element_type=\"widget\" data-e-type=\"widget\" data-widget_type=\"spacer.default\">\n\t\t\t\t<div class=\"elementor-widget-container\">\n\t\t\t\t\t\t\t<div class=\"elementor-spacer\">\n\t\t\t<div class=\"elementor-spacer-inner\"><\/div>\n\t\t<\/div>\n\t\t\t\t\t\t<\/div>\n\t\t\t\t<\/div>\n\t\t\t\t<div class=\"elementor-element elementor-element-0803969 elementor-tabs-view-horizontal elementor-widget elementor-widget-tabs\" data-id=\"0803969\" data-element_type=\"widget\" data-e-type=\"widget\" data-widget_type=\"tabs.default\">\n\t\t\t\t<div class=\"elementor-widget-container\">\n\t\t\t\t\t\t\t<div class=\"elementor-tabs\">\n\t\t\t<div class=\"elementor-tabs-wrapper\" role=\"tablist\" >\n\t\t\t\t\t\t\t\t\t<div id=\"elementor-tab-title-8401\" class=\"elementor-tab-title elementor-tab-desktop-title\" aria-selected=\"true\" data-tab=\"1\" role=\"tab\" tabindex=\"0\" aria-controls=\"elementor-tab-content-8401\" aria-expanded=\"false\">Polypropylene Prefilters<\/div>\n\t\t\t\t\t\t\t\t\t<div id=\"elementor-tab-title-8402\" class=\"elementor-tab-title elementor-tab-desktop-title\" aria-selected=\"false\" data-tab=\"2\" role=\"tab\" tabindex=\"-1\" aria-controls=\"elementor-tab-content-8402\" aria-expanded=\"false\">Glass Fiber Prefilters<\/div>\n\t\t\t\t\t\t\t<\/div>\n\t\t\t<div class=\"elementor-tabs-content-wrapper\" role=\"tablist\" aria-orientation=\"vertical\">\n\t\t\t\t\t\t\t\t\t<div class=\"elementor-tab-title elementor-tab-mobile-title\" aria-selected=\"true\" data-tab=\"1\" role=\"tab\" tabindex=\"0\" aria-controls=\"elementor-tab-content-8401\" aria-expanded=\"false\">Polypropylene Prefilters<\/div>\n\t\t\t\t\t<div id=\"elementor-tab-content-8401\" class=\"elementor-tab-content elementor-clearfix\" data-tab=\"1\" role=\"tabpanel\" aria-labelledby=\"elementor-tab-title-8401\" tabindex=\"0\" hidden=\"false\"><p class=\"p1\"><span class=\"s1\">vipur has access to an extensive range of different polypropylene (PP) filter media.<\/span><\/p>\n<p class=\"p1\" style=\"margin-bottom: 0.3em;\"><span class=\"s1\">We offer PP in the following versions:<\/span><\/p>\n\n<ul class=\"ul1\">\n \t<li class=\"li2\"><span class=\"s2\">double-layered or multi-layered<\/span><\/li>\n \t<li class=\"li2\"><span class=\"s2\">as a coarse or fine filter<\/span><\/li>\n \t<li class=\"li2\"><span class=\"s2\">in capsule design with different TC or hose barb connection sizes<span class=\"Apple-converted-space\">\u00a0<\/span><\/span><\/li>\n \t<li class=\"li2\"><span class=\"s2\">all possible filter cartridge adapter designs from mini to 40\"<\/span><\/li>\n<\/ul>\n<p style=\"margin-top:1em;\">vipur covers all possibilities with these product ranges.<\/p>\n<p class=\"p1 translation-block\">Technical data sheets and qualified validation guides are of course available for all products.\nDue to our extensive stock, we can carry out tests with the same material, starting with 47mm discs and ranging from 20cm\u00b2 to 180cm\u00b2 capsules.<\/p><\/div>\n\t\t\t\t\t\t\t\t\t<div class=\"elementor-tab-title elementor-tab-mobile-title\" aria-selected=\"false\" data-tab=\"2\" role=\"tab\" tabindex=\"-1\" aria-controls=\"elementor-tab-content-8402\" aria-expanded=\"false\">Glass Fiber Prefilters<\/div>\n\t\t\t\t\t<div id=\"elementor-tab-content-8402\" class=\"elementor-tab-content elementor-clearfix\" data-tab=\"2\" role=\"tabpanel\" aria-labelledby=\"elementor-tab-title-8402\" tabindex=\"0\" hidden=\"hidden\"><p class=\"p1\"><span class=\"s1\">vipur has access to an extensive range of different glass fiber (GF) filter media.<\/span><\/p>\n<p class=\"p1\" style=\"margin-bottom: 0.3em;\"><span class=\"s1\">We offer GF in the following versions:<\/span><\/p>\n\n<ul class=\"ul1\">\n \t<li class=\"li2\"><span class=\"s2\">in capsule design with different TC or hose barb connection sizes<span class=\"Apple-converted-space\">\u00a0<\/span><\/span><\/li>\n \t<li class=\"li2\"><span class=\"s2\">all possible filter cartridge adapter designs from mini to 40\"<\/span><\/li>\n<\/ul>\n<p style=\"margin-top:1em;\">vipur covers all possibilities with these product ranges.<\/p>\n<p class=\"p1 translation-block\">Technical data sheets and qualified validation guides are of course available for all products.\nDue to our extensive stock, we can carry out tests with the same material, starting with 47mm discs, through 20cm\u00b2 up to 180cm\u00b2 capsules.<\/p><\/div>\n\t\t\t\t\t\t\t<\/div>\n\t\t<\/div>\n\t\t\t\t\t\t<\/div>\n\t\t\t\t<\/div>\n\t\t\t\t<div class=\"elementor-element elementor-element-eac8eb2 elementor-widget elementor-widget-global elementor-global-630 elementor-widget-spacer\" data-id=\"eac8eb2\" data-element_type=\"widget\" data-e-type=\"widget\" data-widget_type=\"spacer.default\">\n\t\t\t\t<div class=\"elementor-widget-container\">\n\t\t\t\t\t\t\t<div class=\"elementor-spacer\">\n\t\t\t<div class=\"elementor-spacer-inner\"><\/div>\n\t\t<\/div>\n\t\t\t\t\t\t<\/div>\n\t\t\t\t<\/div>\n\t\t\t\t\t<\/div>\n\t\t\t\t<\/div>\n\t\t\t\t<\/div>\n\t\t<div class=\"elementor-element elementor-element-c08c22d e-con-full e-flex e-con e-child\" data-id=\"c08c22d\" data-element_type=\"container\" data-e-type=\"container\">\n\t\t<div class=\"elementor-element elementor-element-2dc3b43 e-con-full e-flex e-con e-child\" data-id=\"2dc3b43\" data-element_type=\"container\" data-e-type=\"container\">\n\t\t\t\t<div class=\"elementor-element elementor-element-8012412 elementor-widget elementor-widget-heading\" data-id=\"8012412\" data-element_type=\"widget\" data-e-type=\"widget\" data-widget_type=\"heading.default\">\n\t\t\t\t<div class=\"elementor-widget-container\">\n\t\t\t\t\t<h2 class=\"elementor-heading-title elementor-size-default\">Suppliers<\/h2>\t\t\t\t<\/div>\n\t\t\t\t<\/div>\n\t\t\t\t<div class=\"elementor-element elementor-element-f30a38b elementor-widget elementor-widget-text-editor\" data-id=\"f30a38b\" data-element_type=\"widget\" data-e-type=\"widget\" data-widget_type=\"text-editor.default\">\n\t\t\t\t<div class=\"elementor-widget-container\">\n\t\t\t\t\t\t\t\t\t<p>We maintain intensive and personal contacts with our global suppliers - synergies and reliability are very important to us.<\/p>\t\t\t\t\t\t\t\t<\/div>\n\t\t\t\t<\/div>\n\t\t\t\t<div class=\"elementor-element elementor-element-be9a7f9 elementor-widget elementor-widget-image\" data-id=\"be9a7f9\" data-element_type=\"widget\" data-e-type=\"widget\" data-widget_type=\"image.default\">\n\t\t\t\t<div class=\"elementor-widget-container\">\n\t\t\t\t\t\t\t\t\t\t\t\t\t\t\t<img decoding=\"async\" width=\"525\" height=\"183\" src=\"https:\/\/vipur.at\/wp-content\/uploads\/2026\/03\/cobetterLOGO.svg\" class=\"attachment-large size-large wp-image-8469\" alt=\"Das Logo von Cobetter, Lieferant von vipur, vienna purification.\" \/>\t\t\t\t\t\t\t\t\t\t\t\t\t\t\t<\/div>\n\t\t\t\t<\/div>\n\t\t\t\t<\/div>\n\t\t<div class=\"elementor-element elementor-element-fb4bbe9 e-con-full e-flex e-con e-child\" data-id=\"fb4bbe9\" data-element_type=\"container\" data-e-type=\"container\" data-settings=\"{&quot;background_background&quot;:&quot;classic&quot;}\">\n\t\t\t\t<div class=\"elementor-element elementor-element-504c4de elementor-widget elementor-widget-heading\" data-id=\"504c4de\" data-element_type=\"widget\" data-e-type=\"widget\" data-widget_type=\"heading.default\">\n\t\t\t\t<div class=\"elementor-widget-container\">\n\t\t\t\t\t<h3 class=\"elementor-heading-title elementor-size-default\">Contact us here.<\/h3>\t\t\t\t<\/div>\n\t\t\t\t<\/div>\n\t\t\t\t<div class=\"elementor-element elementor-element-fdb2236 elementor-align-center elementor-widget elementor-widget-button\" data-id=\"fdb2236\" data-element_type=\"widget\" data-e-type=\"widget\" data-widget_type=\"button.default\">\n\t\t\t\t<div class=\"elementor-widget-container\">\n\t\t\t\t\t\t\t\t\t<div class=\"elementor-button-wrapper\">\n\t\t\t\t\t<a class=\"elementor-button elementor-button-link elementor-size-sm\" href=\"https:\/\/vipur.at\/en\/contact\/\">\n\t\t\t\t\t\t<span class=\"elementor-button-content-wrapper\">\n\t\t\t\t\t\t\t\t\t<span class=\"elementor-button-text\">Contact<\/span>\n\t\t\t\t\t<\/span>\n\t\t\t\t\t<\/a>\n\t\t\t\t<\/div>\n\t\t\t\t\t\t\t\t<\/div>\n\t\t\t\t<\/div>\n\t\t\t\t<\/div>\n\t\t\t\t<\/div>\n\t\t\t\t<div class=\"elementor-element elementor-element-2c19aa4 elementor-widget elementor-widget-global elementor-global-640 elementor-widget-spacer\" data-id=\"2c19aa4\" data-element_type=\"widget\" data-e-type=\"widget\" data-widget_type=\"spacer.default\">\n\t\t\t\t<div class=\"elementor-widget-container\">\n\t\t\t\t\t\t\t<div class=\"elementor-spacer\">\n\t\t\t<div class=\"elementor-spacer-inner\"><\/div>\n\t\t<\/div>\n\t\t\t\t\t\t<\/div>\n\t\t\t\t<\/div>\n\t\t\t\t\t<\/div>\n\t\t\t\t<\/div>\n\t\t\t\t<\/div>","protected":false},"excerpt":{"rendered":"<p>Vorfilter Details Abh\u00e4ngig vom Anwendungsfall werden Vorfilter aus Polypropylen (PP) oder Glasfaser (GF) eingesetzt. Die unterschiedliche Funktionalit\u00e4t dieser beiden Materialien auf das Filtrat sollte in Laborversuchen bestimmt werden.\u00a0 Polypropylen &#8211; Vorfilter Glasfaser &#8211; Vorfilter Polypropylen &#8211; Vorfilter vipur greift auf ein umfangreiches Sortiment an unterschiedlichsten Polypropylen (PP)-Filtermedien zur\u00fcck. Wir bieten PP in folgenden Ausf\u00fchrungen an: [&hellip;]<\/p>\n","protected":false},"author":2,"featured_media":0,"parent":0,"menu_order":0,"comment_status":"closed","ping_status":"closed","template":"","meta":{"_seopress_robots_primary_cat":"","_seopress_titles_title":"Vorfilter aus Polypropylen, Vorfilter aus Glasfaser | vipur","_seopress_titles_desc":"vipur bietet Vorfilter aus Polypropylen oder Glasfaser. Verf\u00fcgbarkeit in Filterkerzen und Capsulen. technischen Datenbl\u00e4ttern und Validation Guides f\u00fcr PP.","_seopress_robots_index":"","footnotes":""},"class_list":["post-4790","page","type-page","status-publish","hentry"],"_links":{"self":[{"href":"https:\/\/vipur.at\/en\/wp-json\/wp\/v2\/pages\/4790","targetHints":{"allow":["GET"]}}],"collection":[{"href":"https:\/\/vipur.at\/en\/wp-json\/wp\/v2\/pages"}],"about":[{"href":"https:\/\/vipur.at\/en\/wp-json\/wp\/v2\/types\/page"}],"author":[{"embeddable":true,"href":"https:\/\/vipur.at\/en\/wp-json\/wp\/v2\/users\/2"}],"replies":[{"embeddable":true,"href":"https:\/\/vipur.at\/en\/wp-json\/wp\/v2\/comments?post=4790"}],"version-history":[{"count":116,"href":"https:\/\/vipur.at\/en\/wp-json\/wp\/v2\/pages\/4790\/revisions"}],"predecessor-version":[{"id":8674,"href":"https:\/\/vipur.at\/en\/wp-json\/wp\/v2\/pages\/4790\/revisions\/8674"}],"wp:attachment":[{"href":"https:\/\/vipur.at\/en\/wp-json\/wp\/v2\/media?parent=4790"}],"curies":[{"name":"wp","href":"https:\/\/api.w.org\/{rel}","templated":true}]}}