{"id":4812,"date":"2024-02-21T20:24:28","date_gmt":"2024-02-21T20:24:28","guid":{"rendered":"https:\/\/vipur.at\/?page_id=4812"},"modified":"2026-04-01T17:01:10","modified_gmt":"2026-04-01T17:01:10","slug":"sterile-filters","status":"publish","type":"page","link":"https:\/\/vipur.at\/en\/sterilfilter\/","title":{"rendered":"Sterile Filters"},"content":{"rendered":"<div data-elementor-type=\"wp-page\" data-elementor-id=\"4812\" class=\"elementor elementor-4812\" data-elementor-post-type=\"page\">\n\t\t\t\t<div class=\"elementor-element elementor-element-90b08a0 e-flex e-con-boxed e-con e-parent\" data-id=\"90b08a0\" data-element_type=\"container\" data-e-type=\"container\" data-settings=\"{&quot;background_background&quot;:&quot;classic&quot;}\">\n\t\t\t\t\t<div class=\"e-con-inner\">\n\t\t\t\t<div class=\"elementor-element elementor-element-55812e4 elementor-widget elementor-widget-heading\" data-id=\"55812e4\" data-element_type=\"widget\" data-e-type=\"widget\" data-widget_type=\"heading.default\">\n\t\t\t\t<div class=\"elementor-widget-container\">\n\t\t\t\t\t<h1 class=\"elementor-heading-title elementor-size-default\">Sterile Filters<\/h1>\t\t\t\t<\/div>\n\t\t\t\t<\/div>\n\t\t\t\t\t<\/div>\n\t\t\t\t<\/div>\n\t\t<div class=\"elementor-element elementor-element-78f0baa e-flex e-con-boxed e-con e-parent\" data-id=\"78f0baa\" data-element_type=\"container\" data-e-type=\"container\">\n\t\t\t\t\t<div class=\"e-con-inner\">\n\t\t\t\t<div class=\"elementor-element elementor-element-3f50f1a elementor-widget elementor-widget-global elementor-global-630 elementor-widget-spacer\" data-id=\"3f50f1a\" data-element_type=\"widget\" data-e-type=\"widget\" data-widget_type=\"spacer.default\">\n\t\t\t\t<div class=\"elementor-widget-container\">\n\t\t\t\t\t\t\t<div class=\"elementor-spacer\">\n\t\t\t<div class=\"elementor-spacer-inner\"><\/div>\n\t\t<\/div>\n\t\t\t\t\t\t<\/div>\n\t\t\t\t<\/div>\n\t\t\t\t\t<\/div>\n\t\t\t\t<\/div>\n\t\t<div class=\"elementor-element elementor-element-a353c3d e-flex e-con-boxed e-con e-parent\" data-id=\"a353c3d\" data-element_type=\"container\" data-e-type=\"container\">\n\t\t\t\t\t<div class=\"e-con-inner\">\n\t\t<div class=\"elementor-element elementor-element-d442ef5 e-con-full e-flex e-con e-child\" data-id=\"d442ef5\" data-element_type=\"container\" data-e-type=\"container\">\n\t\t\t\t<div class=\"elementor-element elementor-element-35c9d5a elementor-widget elementor-widget-heading\" data-id=\"35c9d5a\" data-element_type=\"widget\" data-e-type=\"widget\" data-widget_type=\"heading.default\">\n\t\t\t\t<div class=\"elementor-widget-container\">\n\t\t\t\t\t<h2 class=\"elementor-heading-title elementor-size-default\">Details<\/h2>\t\t\t\t<\/div>\n\t\t\t\t<\/div>\n\t\t\t\t<div class=\"elementor-element elementor-element-be17712 elementor-widget elementor-widget-text-editor\" data-id=\"be17712\" data-element_type=\"widget\" data-e-type=\"widget\" data-widget_type=\"text-editor.default\">\n\t\t\t\t<div class=\"elementor-widget-container\">\n\t\t\t\t\t\t\t\t\t<p class=\"p1\"><span class=\"s1\">We offer different membrane types and their possible combinations depending on the customer's requirements, for example whether only an existing membrane type can be replaced, or an open evaluation of a sterile filter is to be carried out.<\/span><\/p>\t\t\t\t\t\t\t\t<\/div>\n\t\t\t\t<\/div>\n\t\t\t\t<\/div>\n\t\t<div class=\"elementor-element elementor-element-fb61831 e-con-full e-flex e-con e-child\" data-id=\"fb61831\" data-element_type=\"container\" data-e-type=\"container\">\n\t\t\t\t<div class=\"elementor-element elementor-element-5994e9a elementor-widget elementor-widget-image\" data-id=\"5994e9a\" data-element_type=\"widget\" data-e-type=\"widget\" data-widget_type=\"image.default\">\n\t\t\t\t<div class=\"elementor-widget-container\">\n\t\t\t\t\t\t\t\t\t\t\t\t\t\t\t<img fetchpriority=\"high\" decoding=\"async\" width=\"800\" height=\"600\" src=\"https:\/\/vipur.at\/wp-content\/uploads\/2026\/03\/Sterilfilter-vipur-1024x768.jpg\" class=\"attachment-large size-large wp-image-8575\" alt=\"\" srcset=\"https:\/\/vipur.at\/wp-content\/uploads\/2026\/03\/Sterilfilter-vipur-1024x768.jpg 1024w, https:\/\/vipur.at\/wp-content\/uploads\/2026\/03\/Sterilfilter-vipur-300x225.jpg 300w, https:\/\/vipur.at\/wp-content\/uploads\/2026\/03\/Sterilfilter-vipur-768x576.jpg 768w, https:\/\/vipur.at\/wp-content\/uploads\/2026\/03\/Sterilfilter-vipur-16x12.jpg 16w, https:\/\/vipur.at\/wp-content\/uploads\/2026\/03\/Sterilfilter-vipur.jpg 1080w\" sizes=\"(max-width: 800px) 100vw, 800px\" \/>\t\t\t\t\t\t\t\t\t\t\t\t\t\t\t<\/div>\n\t\t\t\t<\/div>\n\t\t\t\t<\/div>\n\t\t\t\t\t<\/div>\n\t\t\t\t<\/div>\n\t\t<div class=\"elementor-element elementor-element-3f4605e e-flex e-con-boxed e-con e-parent\" data-id=\"3f4605e\" data-element_type=\"container\" data-e-type=\"container\">\n\t\t\t\t\t<div class=\"e-con-inner\">\n\t\t<div class=\"elementor-element elementor-element-ef82162 e-con-full e-flex e-con e-child\" data-id=\"ef82162\" data-element_type=\"container\" data-e-type=\"container\">\n\t\t<div class=\"elementor-element elementor-element-fd9fed3 e-flex e-con-boxed e-con e-child\" data-id=\"fd9fed3\" data-element_type=\"container\" data-e-type=\"container\">\n\t\t\t\t\t<div class=\"e-con-inner\">\n\t\t\t\t<div class=\"elementor-element elementor-element-bdf5e95 elementor-widget elementor-widget-global elementor-global-640 elementor-widget-spacer\" data-id=\"bdf5e95\" data-element_type=\"widget\" data-e-type=\"widget\" data-widget_type=\"spacer.default\">\n\t\t\t\t<div class=\"elementor-widget-container\">\n\t\t\t\t\t\t\t<div class=\"elementor-spacer\">\n\t\t\t<div class=\"elementor-spacer-inner\"><\/div>\n\t\t<\/div>\n\t\t\t\t\t\t<\/div>\n\t\t\t\t<\/div>\n\t\t\t\t<div class=\"elementor-element elementor-element-0803969 elementor-tabs-view-horizontal elementor-widget elementor-widget-tabs\" data-id=\"0803969\" data-element_type=\"widget\" data-e-type=\"widget\" data-widget_type=\"tabs.default\">\n\t\t\t\t<div class=\"elementor-widget-container\">\n\t\t\t\t\t\t\t<div class=\"elementor-tabs\">\n\t\t\t<div class=\"elementor-tabs-wrapper\" role=\"tablist\" >\n\t\t\t\t\t\t\t\t\t<div id=\"elementor-tab-title-8401\" class=\"elementor-tab-title elementor-tab-desktop-title\" aria-selected=\"true\" data-tab=\"1\" role=\"tab\" tabindex=\"0\" aria-controls=\"elementor-tab-content-8401\" aria-expanded=\"false\">PES - Sterile Filters<\/div>\n\t\t\t\t\t\t\t\t\t<div id=\"elementor-tab-title-8402\" class=\"elementor-tab-title elementor-tab-desktop-title\" aria-selected=\"false\" data-tab=\"2\" role=\"tab\" tabindex=\"-1\" aria-controls=\"elementor-tab-content-8402\" aria-expanded=\"false\">PVDF - Sterile Filters<\/div>\n\t\t\t\t\t\t\t\t\t<div id=\"elementor-tab-title-8403\" class=\"elementor-tab-title elementor-tab-desktop-title\" aria-selected=\"false\" data-tab=\"3\" role=\"tab\" tabindex=\"-1\" aria-controls=\"elementor-tab-content-8403\" aria-expanded=\"false\">PTFE - Sterile Filters<\/div>\n\t\t\t\t\t\t\t<\/div>\n\t\t\t<div class=\"elementor-tabs-content-wrapper\" role=\"tablist\" aria-orientation=\"vertical\">\n\t\t\t\t\t\t\t\t\t<div class=\"elementor-tab-title elementor-tab-mobile-title\" aria-selected=\"true\" data-tab=\"1\" role=\"tab\" tabindex=\"0\" aria-controls=\"elementor-tab-content-8401\" aria-expanded=\"false\">PES - Sterile Filters<\/div>\n\t\t\t\t\t<div id=\"elementor-tab-content-8401\" class=\"elementor-tab-content elementor-clearfix\" data-tab=\"1\" role=\"tabpanel\" aria-labelledby=\"elementor-tab-title-8401\" tabindex=\"0\" hidden=\"false\"><p class=\"p1\"><span class=\"s1\">vipur has access to an extensive range of different polyethersulfone (PES) membranes.<\/span><\/p><p class=\"p1\" style=\"margin-bottom: 0.3em;\"><span class=\"s1\">We offer PES in the following versions:<\/span><\/p><ul><li class=\"p1\"><span class=\"s1\">single- or double-layered <\/span><span class=\"s1\">oder doppellagig<\/span><\/li><li class=\"li1\"><span class=\"s1\">as bioburden or sterile filters<\/span><\/li><li class=\"li1\"><span class=\"s1\">in capsule design with different TC or hose barb connection sizes<span class=\"Apple-converted-space\">\u00a0<\/span><\/span><\/li><li class=\"li1\"><span class=\"s1\">all possible filter cartridge adapter designs from mini to 40\"<\/span><\/li><\/ul><p style=\"margin-top: 1em;\">vipur covers all possibilities with these product ranges.<\/p><p class=\"p1 translation-block\">Technical data sheets and qualified validation guides are of course available for all products.\nDue to our extensive stock, it is possible to carry out tests with the same membrane or membrane combination, starting with 3,4cm\u00b2 syringe filters up to 180cm\u00b2 capsules.<\/p><\/div>\n\t\t\t\t\t\t\t\t\t<div class=\"elementor-tab-title elementor-tab-mobile-title\" aria-selected=\"false\" data-tab=\"2\" role=\"tab\" tabindex=\"-1\" aria-controls=\"elementor-tab-content-8402\" aria-expanded=\"false\">PVDF - Sterile Filters<\/div>\n\t\t\t\t\t<div id=\"elementor-tab-content-8402\" class=\"elementor-tab-content elementor-clearfix\" data-tab=\"2\" role=\"tabpanel\" aria-labelledby=\"elementor-tab-title-8402\" tabindex=\"0\" hidden=\"hidden\"><p class=\"p1\"><span class=\"s1\">vipur has access to an extensive range of different polyvinylidene fluoride (PVDF) membranes.<\/span><\/p><p class=\"p1\" style=\"margin-bottom: 0.3em;\"><span class=\"s1\">We offer PVDF in the following versions:<\/span><\/p><ul class=\"ul1\"><li class=\"li2\"><span class=\"s2\">single- or double-layered<\/span><\/li><li class=\"li2\"><span class=\"s2\">as bioburden or sterile filters<\/span><\/li><li class=\"li2\"><span class=\"s2\">in capsule design with different TC or hose barb connection sizes<span class=\"Apple-converted-space\">\u00a0<\/span><\/span><\/li><li class=\"li2\"><span class=\"s2\">all possible filter cartridge adapter designs from mini to 40\"<\/span><\/li><\/ul><p class=\"p1\" style=\"margin-top: 1em;\"><span class=\"s1\">vipur covers all possibilities with these product ranges.<\/span><\/p><p class=\"p1\"><span class=\"s1\">Technical data sheets and qualified validation guides are of course available for all products.<br \/><\/span><span class=\"s1\">Due to our extensive stock, it is possible to carry out tests with the same membrane or membrane combination, starting with 3,4cm\u00b2 syringe filters up to 180cm\u00b2 capsules.<\/span><\/p><\/div>\n\t\t\t\t\t\t\t\t\t<div class=\"elementor-tab-title elementor-tab-mobile-title\" aria-selected=\"false\" data-tab=\"3\" role=\"tab\" tabindex=\"-1\" aria-controls=\"elementor-tab-content-8403\" aria-expanded=\"false\">PTFE - Sterile Filters<\/div>\n\t\t\t\t\t<div id=\"elementor-tab-content-8403\" class=\"elementor-tab-content elementor-clearfix\" data-tab=\"3\" role=\"tabpanel\" aria-labelledby=\"elementor-tab-title-8403\" tabindex=\"0\" hidden=\"hidden\"><p class=\"p1\"><span class=\"s1\">vipur has access to an extensive range of different polytetrafluoroethylene (PTFE) membranes.<\/span><\/p><p class=\"p1\" style=\"margin-bottom: 0.3em;\"><span class=\"s1\">We offer PTFE in the following versions:<\/span><\/p><ul class=\"ul1\"><li class=\"li2\"><span class=\"s2\">single- or double-layered<\/span><\/li><li class=\"li2\"><span class=\"s2\">as bioburden or sterile filters for air or liquids<\/span><\/li><li class=\"li2\"><span class=\"s2\">with PP or PFA support body<\/span><\/li><li class=\"li2\"><span class=\"s2\">in capsule design with different TC or hose barb connection sizes<span class=\"Apple-converted-space\">\u00a0<\/span><\/span><\/li><li class=\"li2\"><span class=\"s2\">all possible filter cartridge adapter designs from mini to 40\"<\/span><\/li><\/ul><p style=\"margin-top: 1em;\">vipur covers all possibilities with these product ranges.<\/p><p class=\"translation-block\">Technical data sheets and qualified validation guides are of course available for all products.\nDue to our extensive stock, it is possible to carry out tests with the same membrane or membrane combination, starting with 3,4cm\u00b2 syringe filters up to 180cm\u00b2 capsules.<\/p><\/div>\n\t\t\t\t\t\t\t<\/div>\n\t\t<\/div>\n\t\t\t\t\t\t<\/div>\n\t\t\t\t<\/div>\n\t\t\t\t<div class=\"elementor-element elementor-element-4c16f3f elementor-widget elementor-widget-global elementor-global-630 elementor-widget-spacer\" data-id=\"4c16f3f\" data-element_type=\"widget\" data-e-type=\"widget\" data-widget_type=\"spacer.default\">\n\t\t\t\t<div class=\"elementor-widget-container\">\n\t\t\t\t\t\t\t<div class=\"elementor-spacer\">\n\t\t\t<div class=\"elementor-spacer-inner\"><\/div>\n\t\t<\/div>\n\t\t\t\t\t\t<\/div>\n\t\t\t\t<\/div>\n\t\t<div class=\"elementor-element elementor-element-a5381d3 e-con-full e-flex e-con e-child\" data-id=\"a5381d3\" data-element_type=\"container\" data-e-type=\"container\">\n\t\t<div class=\"elementor-element elementor-element-59f89fb e-con-full e-flex e-con e-child\" data-id=\"59f89fb\" data-element_type=\"container\" data-e-type=\"container\">\n\t\t\t\t<div class=\"elementor-element elementor-element-3040b30 elementor-widget elementor-widget-heading\" data-id=\"3040b30\" data-element_type=\"widget\" data-e-type=\"widget\" data-widget_type=\"heading.default\">\n\t\t\t\t<div class=\"elementor-widget-container\">\n\t\t\t\t\t<h2 class=\"elementor-heading-title elementor-size-default\">Suppliers<\/h2>\t\t\t\t<\/div>\n\t\t\t\t<\/div>\n\t\t\t\t<div class=\"elementor-element elementor-element-b97927f elementor-widget elementor-widget-text-editor\" data-id=\"b97927f\" data-element_type=\"widget\" data-e-type=\"widget\" data-widget_type=\"text-editor.default\">\n\t\t\t\t<div class=\"elementor-widget-container\">\n\t\t\t\t\t\t\t\t\t<p>We maintain intensive and personal contacts with our global suppliers - synergies and reliability are very important to us.<\/p>\t\t\t\t\t\t\t\t<\/div>\n\t\t\t\t<\/div>\n\t\t\t\t<div class=\"elementor-element elementor-element-bac631a elementor-widget elementor-widget-image\" data-id=\"bac631a\" data-element_type=\"widget\" data-e-type=\"widget\" data-widget_type=\"image.default\">\n\t\t\t\t<div class=\"elementor-widget-container\">\n\t\t\t\t\t\t\t\t\t\t\t\t\t\t\t<img decoding=\"async\" width=\"525\" height=\"183\" src=\"https:\/\/vipur.at\/wp-content\/uploads\/2026\/03\/cobetterLOGO.svg\" class=\"attachment-large size-large wp-image-8469\" alt=\"Das Logo von Cobetter, Lieferant von vipur, vienna purification.\" \/>\t\t\t\t\t\t\t\t\t\t\t\t\t\t\t<\/div>\n\t\t\t\t<\/div>\n\t\t\t\t<\/div>\n\t\t<div class=\"elementor-element elementor-element-61e40c4 e-con-full e-flex e-con e-child\" data-id=\"61e40c4\" data-element_type=\"container\" data-e-type=\"container\" data-settings=\"{&quot;background_background&quot;:&quot;classic&quot;}\">\n\t\t\t\t<div class=\"elementor-element elementor-element-611bef8 elementor-widget elementor-widget-heading\" data-id=\"611bef8\" data-element_type=\"widget\" data-e-type=\"widget\" data-widget_type=\"heading.default\">\n\t\t\t\t<div class=\"elementor-widget-container\">\n\t\t\t\t\t<h3 class=\"elementor-heading-title elementor-size-default\">Contact us here.<\/h3>\t\t\t\t<\/div>\n\t\t\t\t<\/div>\n\t\t\t\t<div class=\"elementor-element elementor-element-9817e0c elementor-align-center elementor-widget elementor-widget-button\" data-id=\"9817e0c\" data-element_type=\"widget\" data-e-type=\"widget\" data-widget_type=\"button.default\">\n\t\t\t\t<div class=\"elementor-widget-container\">\n\t\t\t\t\t\t\t\t\t<div class=\"elementor-button-wrapper\">\n\t\t\t\t\t<a class=\"elementor-button elementor-button-link elementor-size-sm\" href=\"https:\/\/vipur.at\/en\/contact\/\">\n\t\t\t\t\t\t<span class=\"elementor-button-content-wrapper\">\n\t\t\t\t\t\t\t\t\t<span class=\"elementor-button-text\">Contact<\/span>\n\t\t\t\t\t<\/span>\n\t\t\t\t\t<\/a>\n\t\t\t\t<\/div>\n\t\t\t\t\t\t\t\t<\/div>\n\t\t\t\t<\/div>\n\t\t\t\t<\/div>\n\t\t\t\t<\/div>\n\t\t\t\t<div class=\"elementor-element elementor-element-c154f79 elementor-widget elementor-widget-global elementor-global-640 elementor-widget-spacer\" data-id=\"c154f79\" data-element_type=\"widget\" data-e-type=\"widget\" data-widget_type=\"spacer.default\">\n\t\t\t\t<div class=\"elementor-widget-container\">\n\t\t\t\t\t\t\t<div class=\"elementor-spacer\">\n\t\t\t<div class=\"elementor-spacer-inner\"><\/div>\n\t\t<\/div>\n\t\t\t\t\t\t<\/div>\n\t\t\t\t<\/div>\n\t\t\t\t\t<\/div>\n\t\t\t\t<\/div>\n\t\t\t\t<\/div>\n\t\t\t\t\t<\/div>\n\t\t\t\t<\/div>\n\t\t\t\t<\/div>","protected":false},"excerpt":{"rendered":"<p>Sterilfilter Details Entsprechend der vorgegebenen Kundenanforderung, ob zum Beispiel ausschlie\u00dflich eine bestehende Membrantype ersetzt werden kann, oder eine offene Evaluierung eines Sterilfilters durchzuf\u00fchren ist, bieten wir unterschiedliche Membranarten und deren Kombinationsm\u00f6glichkeiten an. PES &#8211; Sterilfilter PVDF &#8211; Sterilfilter PTFE &#8211; Sterilfilter PES &#8211; Sterilfilter vipur greift auf ein umfangreiches Sortiment an unterschiedlichster Polyethersulfon (PES)-Membranen zur\u00fcck. [&hellip;]<\/p>\n","protected":false},"author":2,"featured_media":0,"parent":0,"menu_order":0,"comment_status":"closed","ping_status":"closed","template":"","meta":{"_seopress_robots_primary_cat":"","_seopress_titles_title":"Sterilfilter, Bioburden - PES, PVDF, PTFE | vipur","_seopress_titles_desc":"vipur bietet Bioburden und Sterilfilter aus unterschiedlichen Membranarten PES, PVDF, PTFE verf\u00fcgbar in Filterkerzen und Capsulen inkl. Validation Guides.","_seopress_robots_index":"","footnotes":""},"class_list":["post-4812","page","type-page","status-publish","hentry"],"_links":{"self":[{"href":"https:\/\/vipur.at\/en\/wp-json\/wp\/v2\/pages\/4812","targetHints":{"allow":["GET"]}}],"collection":[{"href":"https:\/\/vipur.at\/en\/wp-json\/wp\/v2\/pages"}],"about":[{"href":"https:\/\/vipur.at\/en\/wp-json\/wp\/v2\/types\/page"}],"author":[{"embeddable":true,"href":"https:\/\/vipur.at\/en\/wp-json\/wp\/v2\/users\/2"}],"replies":[{"embeddable":true,"href":"https:\/\/vipur.at\/en\/wp-json\/wp\/v2\/comments?post=4812"}],"version-history":[{"count":82,"href":"https:\/\/vipur.at\/en\/wp-json\/wp\/v2\/pages\/4812\/revisions"}],"predecessor-version":[{"id":8677,"href":"https:\/\/vipur.at\/en\/wp-json\/wp\/v2\/pages\/4812\/revisions\/8677"}],"wp:attachment":[{"href":"https:\/\/vipur.at\/en\/wp-json\/wp\/v2\/media?parent=4812"}],"curies":[{"name":"wp","href":"https:\/\/api.w.org\/{rel}","templated":true}]}}