{"id":4847,"date":"2024-02-21T20:36:48","date_gmt":"2024-02-21T20:36:48","guid":{"rendered":"https:\/\/vipur.at\/?page_id=4847"},"modified":"2026-03-18T09:25:42","modified_gmt":"2026-03-18T09:25:42","slug":"hollow-fiber","status":"publish","type":"page","link":"https:\/\/vipur.at\/en\/hollow-fiber\/","title":{"rendered":"Hollow Fiber"},"content":{"rendered":"<div data-elementor-type=\"wp-page\" data-elementor-id=\"4847\" class=\"elementor elementor-4847\" data-elementor-post-type=\"page\">\n\t\t\t\t<div class=\"elementor-element elementor-element-90b08a0 e-flex e-con-boxed e-con e-parent\" data-id=\"90b08a0\" data-element_type=\"container\" data-e-type=\"container\" data-settings=\"{&quot;background_background&quot;:&quot;classic&quot;}\">\n\t\t\t\t\t<div class=\"e-con-inner\">\n\t\t\t\t<div class=\"elementor-element elementor-element-55812e4 elementor-widget elementor-widget-heading\" data-id=\"55812e4\" data-element_type=\"widget\" data-e-type=\"widget\" data-widget_type=\"heading.default\">\n\t\t\t\t<div class=\"elementor-widget-container\">\n\t\t\t\t\t<h1 class=\"elementor-heading-title elementor-size-default\">Hollow Fiber<\/h1>\t\t\t\t<\/div>\n\t\t\t\t<\/div>\n\t\t\t\t\t<\/div>\n\t\t\t\t<\/div>\n\t\t<div class=\"elementor-element elementor-element-78f0baa e-flex e-con-boxed e-con e-parent\" data-id=\"78f0baa\" data-element_type=\"container\" data-e-type=\"container\">\n\t\t\t\t\t<div class=\"e-con-inner\">\n\t\t\t\t<div class=\"elementor-element elementor-element-3f50f1a elementor-widget elementor-widget-global elementor-global-630 elementor-widget-spacer\" data-id=\"3f50f1a\" data-element_type=\"widget\" data-e-type=\"widget\" data-widget_type=\"spacer.default\">\n\t\t\t\t<div class=\"elementor-widget-container\">\n\t\t\t\t\t\t\t<div class=\"elementor-spacer\">\n\t\t\t<div class=\"elementor-spacer-inner\"><\/div>\n\t\t<\/div>\n\t\t\t\t\t\t<\/div>\n\t\t\t\t<\/div>\n\t\t\t\t\t<\/div>\n\t\t\t\t<\/div>\n\t\t<div class=\"elementor-element elementor-element-a353c3d e-flex e-con-boxed e-con e-parent\" data-id=\"a353c3d\" data-element_type=\"container\" data-e-type=\"container\">\n\t\t\t\t\t<div class=\"e-con-inner\">\n\t\t<div class=\"elementor-element elementor-element-d442ef5 e-con-full e-flex e-con e-child\" data-id=\"d442ef5\" data-element_type=\"container\" data-e-type=\"container\">\n\t\t\t\t<div class=\"elementor-element elementor-element-35c9d5a elementor-widget elementor-widget-heading\" data-id=\"35c9d5a\" data-element_type=\"widget\" data-e-type=\"widget\" data-widget_type=\"heading.default\">\n\t\t\t\t<div class=\"elementor-widget-container\">\n\t\t\t\t\t<h2 class=\"elementor-heading-title elementor-size-default\">Details<\/h2>\t\t\t\t<\/div>\n\t\t\t\t<\/div>\n\t\t\t\t<div class=\"elementor-element elementor-element-be17712 elementor-widget elementor-widget-text-editor\" data-id=\"be17712\" data-element_type=\"widget\" data-e-type=\"widget\" data-widget_type=\"text-editor.default\">\n\t\t\t\t<div class=\"elementor-widget-container\">\n\t\t\t\t\t\t\t\t\t<p class=\"p1 translation-block\">vipur has an extensive range of hollow fiber modules made of modified polyethersulfone (mPES).<br>\nHollow fiber modules are available with an EFA (Effective Filtration Area) of 28cm\u00b2 to 9,07m\u00b2.\nThe cut-offs are between 100kD and 750kD.\nA total of three different lengths of HF modules are available: 30cm, 60cm, 110cm.<br>\nDepending on the length, the connections are either Luer, \u00bd\" TC or 1 \u00bd\" TC.<\/p>\t\t\t\t\t\t\t\t<\/div>\n\t\t\t\t<\/div>\n\t\t\t\t<div class=\"elementor-element elementor-element-86800d2 elementor-widget elementor-widget-text-editor\" data-id=\"86800d2\" data-element_type=\"widget\" data-e-type=\"widget\" data-widget_type=\"text-editor.default\">\n\t\t\t\t<div class=\"elementor-widget-container\">\n\t\t\t\t\t\t\t\t\t<p class=\"p1 translation-block\">vipur has an extensive range of hollow fiber modules made of modified polyethersulfone (mPES).<br>\nHollow fiber modules are available with an EFA (Effective Filtration Area) of 28cm\u00b2 to 9,07m\u00b2.\nThe cut-offs are between 100kD and 750kD.\nA total of three different lengths of HF modules are available: 30cm, 60cm, 110cm.<br>\nDepending on the length, the connections are either Luer, \u00bd\" TC or 1 \u00bd\" TC.<\/p>\t\t\t\t\t\t\t\t<\/div>\n\t\t\t\t<\/div>\n\t\t\t\t<div class=\"elementor-element elementor-element-f0f7c4e elementor-align-left elementor-widget elementor-widget-button\" data-id=\"f0f7c4e\" data-element_type=\"widget\" data-e-type=\"widget\" data-widget_type=\"button.default\">\n\t\t\t\t<div class=\"elementor-widget-container\">\n\t\t\t\t\t\t\t\t\t<div class=\"elementor-button-wrapper\">\n\t\t\t\t\t<a class=\"elementor-button elementor-button-link elementor-size-sm\" href=\"https:\/\/vipur.at\/wp-content\/uploads\/2026\/03\/Biophsep-Hollow-Fiber-2506.pdf\" target=\"_blank\">\n\t\t\t\t\t\t<span class=\"elementor-button-content-wrapper\">\n\t\t\t\t\t\t\t\t\t<span class=\"elementor-button-text\">Download technical data sheet<\/span>\n\t\t\t\t\t<\/span>\n\t\t\t\t\t<\/a>\n\t\t\t\t<\/div>\n\t\t\t\t\t\t\t\t<\/div>\n\t\t\t\t<\/div>\n\t\t\t\t<\/div>\n\t\t<div class=\"elementor-element elementor-element-fb61831 e-con-full e-flex e-con e-child\" data-id=\"fb61831\" data-element_type=\"container\" data-e-type=\"container\">\n\t\t\t\t<div class=\"elementor-element elementor-element-6ce0f82 elementor-widget elementor-widget-image\" data-id=\"6ce0f82\" data-element_type=\"widget\" data-e-type=\"widget\" data-widget_type=\"image.default\">\n\t\t\t\t<div class=\"elementor-widget-container\">\n\t\t\t\t\t\t\t\t\t\t\t\t\t\t\t<img fetchpriority=\"high\" decoding=\"async\" width=\"800\" height=\"600\" src=\"https:\/\/vipur.at\/wp-content\/uploads\/2026\/03\/HollowFiber-vipur-1024x768.jpg\" class=\"attachment-large size-large wp-image-8579\" alt=\"\" srcset=\"https:\/\/vipur.at\/wp-content\/uploads\/2026\/03\/HollowFiber-vipur-1024x768.jpg 1024w, https:\/\/vipur.at\/wp-content\/uploads\/2026\/03\/HollowFiber-vipur-300x225.jpg 300w, https:\/\/vipur.at\/wp-content\/uploads\/2026\/03\/HollowFiber-vipur-768x576.jpg 768w, https:\/\/vipur.at\/wp-content\/uploads\/2026\/03\/HollowFiber-vipur-16x12.jpg 16w, https:\/\/vipur.at\/wp-content\/uploads\/2026\/03\/HollowFiber-vipur.jpg 1080w\" sizes=\"(max-width: 800px) 100vw, 800px\" \/>\t\t\t\t\t\t\t\t\t\t\t\t\t\t\t<\/div>\n\t\t\t\t<\/div>\n\t\t\t\t<\/div>\n\t\t\t\t\t<\/div>\n\t\t\t\t<\/div>\n\t\t<div class=\"elementor-element elementor-element-c5748bc e-flex e-con-boxed e-con e-parent\" data-id=\"c5748bc\" data-element_type=\"container\" data-e-type=\"container\">\n\t\t\t\t\t<div class=\"e-con-inner\">\n\t\t\t\t<div class=\"elementor-element elementor-element-ed51227 elementor-widget elementor-widget-global elementor-global-630 elementor-widget-spacer\" data-id=\"ed51227\" data-element_type=\"widget\" data-e-type=\"widget\" data-widget_type=\"spacer.default\">\n\t\t\t\t<div class=\"elementor-widget-container\">\n\t\t\t\t\t\t\t<div class=\"elementor-spacer\">\n\t\t\t<div class=\"elementor-spacer-inner\"><\/div>\n\t\t<\/div>\n\t\t\t\t\t\t<\/div>\n\t\t\t\t<\/div>\n\t\t<div class=\"elementor-element elementor-element-421c7f7 e-con-full e-flex e-con e-child\" data-id=\"421c7f7\" data-element_type=\"container\" data-e-type=\"container\">\n\t\t<div class=\"elementor-element elementor-element-383e660 e-con-full e-flex e-con e-child\" data-id=\"383e660\" data-element_type=\"container\" data-e-type=\"container\">\n\t\t\t\t<div class=\"elementor-element elementor-element-c03e6d8 elementor-widget elementor-widget-heading\" data-id=\"c03e6d8\" data-element_type=\"widget\" data-e-type=\"widget\" data-widget_type=\"heading.default\">\n\t\t\t\t<div class=\"elementor-widget-container\">\n\t\t\t\t\t<h2 class=\"elementor-heading-title elementor-size-default\">Suppliers<\/h2>\t\t\t\t<\/div>\n\t\t\t\t<\/div>\n\t\t\t\t<div class=\"elementor-element elementor-element-f1e5842 elementor-widget elementor-widget-text-editor\" data-id=\"f1e5842\" data-element_type=\"widget\" data-e-type=\"widget\" data-widget_type=\"text-editor.default\">\n\t\t\t\t<div class=\"elementor-widget-container\">\n\t\t\t\t\t\t\t\t\t<p>We maintain intensive and personal contacts with our global suppliers - synergies and reliability are very important to us.<\/p>\t\t\t\t\t\t\t\t<\/div>\n\t\t\t\t<\/div>\n\t\t\t\t<div class=\"elementor-element elementor-element-6e4c21c elementor-widget elementor-widget-image\" data-id=\"6e4c21c\" data-element_type=\"widget\" data-e-type=\"widget\" data-widget_type=\"image.default\">\n\t\t\t\t<div class=\"elementor-widget-container\">\n\t\t\t\t\t\t\t\t\t\t\t\t\t\t\t<img decoding=\"async\" width=\"525\" height=\"183\" src=\"https:\/\/vipur.at\/wp-content\/uploads\/2026\/03\/cobetterLOGO.svg\" class=\"attachment-large size-large wp-image-8469\" alt=\"Das Logo von Cobetter, Lieferant von vipur, vienna purification.\" \/>\t\t\t\t\t\t\t\t\t\t\t\t\t\t\t<\/div>\n\t\t\t\t<\/div>\n\t\t\t\t<\/div>\n\t\t<div class=\"elementor-element elementor-element-08f4ab5 e-con-full e-flex e-con e-child\" data-id=\"08f4ab5\" data-element_type=\"container\" data-e-type=\"container\" data-settings=\"{&quot;background_background&quot;:&quot;classic&quot;}\">\n\t\t\t\t<div class=\"elementor-element elementor-element-8f3cd21 elementor-widget elementor-widget-heading\" data-id=\"8f3cd21\" data-element_type=\"widget\" data-e-type=\"widget\" data-widget_type=\"heading.default\">\n\t\t\t\t<div class=\"elementor-widget-container\">\n\t\t\t\t\t<h3 class=\"elementor-heading-title elementor-size-default\">Contact us here.<\/h3>\t\t\t\t<\/div>\n\t\t\t\t<\/div>\n\t\t\t\t<div class=\"elementor-element elementor-element-49f2037 elementor-align-center elementor-widget elementor-widget-button\" data-id=\"49f2037\" data-element_type=\"widget\" data-e-type=\"widget\" data-widget_type=\"button.default\">\n\t\t\t\t<div class=\"elementor-widget-container\">\n\t\t\t\t\t\t\t\t\t<div class=\"elementor-button-wrapper\">\n\t\t\t\t\t<a class=\"elementor-button elementor-button-link elementor-size-sm\" href=\"https:\/\/vipur.at\/en\/contact\/\">\n\t\t\t\t\t\t<span class=\"elementor-button-content-wrapper\">\n\t\t\t\t\t\t\t\t\t<span class=\"elementor-button-text\">Contact<\/span>\n\t\t\t\t\t<\/span>\n\t\t\t\t\t<\/a>\n\t\t\t\t<\/div>\n\t\t\t\t\t\t\t\t<\/div>\n\t\t\t\t<\/div>\n\t\t\t\t<\/div>\n\t\t\t\t<\/div>\n\t\t\t\t<div class=\"elementor-element elementor-element-3b9a4e0 elementor-widget elementor-widget-global elementor-global-640 elementor-widget-spacer\" data-id=\"3b9a4e0\" data-element_type=\"widget\" data-e-type=\"widget\" data-widget_type=\"spacer.default\">\n\t\t\t\t<div class=\"elementor-widget-container\">\n\t\t\t\t\t\t\t<div class=\"elementor-spacer\">\n\t\t\t<div class=\"elementor-spacer-inner\"><\/div>\n\t\t<\/div>\n\t\t\t\t\t\t<\/div>\n\t\t\t\t<\/div>\n\t\t\t\t\t<\/div>\n\t\t\t\t<\/div>\n\t\t\t\t<\/div>","protected":false},"excerpt":{"rendered":"<p>Hollow Fiber Details vipur greift auf ein umfangreiches Sortiment an Hohlfasermodulen aus modifizierter Polyethersulfon (mPES) zur\u00fcck.Hohlfasermodule sind mit einer EFA (Effektive Filtration Area) von 28cm\u00b2 bis 9,07m\u00b2 verf\u00fcgbar.Die cut-offs liegen zwischen 100kD und 750kD.Insgesamt stehen drei unterschiedliche L\u00e4ngen von HF-Modulen zur Auswahl: 30cm, 60cm, 110cm.Die Anschl\u00fcsse sind abh\u00e4ngig von der L\u00e4nge entweder Luer, \u00bd\u201c TC [&hellip;]<\/p>\n","protected":false},"author":2,"featured_media":0,"parent":0,"menu_order":0,"comment_status":"closed","ping_status":"closed","template":"","meta":{"_seopress_robots_primary_cat":"","_seopress_titles_title":"Hollow Fiber, Hohlfasermodule | vipur","_seopress_titles_desc":"vipur bietet Hollow Fiber \u2013 Hohlfasermodule in einem umfangreichen Sortiment an. mPES \u2714 cut-offs zwischen 100kD und 750kD \u2714 EFA von 28cm\u00b2 bis 9,07m\u00b2 \u2714","_seopress_robots_index":"","footnotes":""},"class_list":["post-4847","page","type-page","status-publish","hentry"],"_links":{"self":[{"href":"https:\/\/vipur.at\/en\/wp-json\/wp\/v2\/pages\/4847","targetHints":{"allow":["GET"]}}],"collection":[{"href":"https:\/\/vipur.at\/en\/wp-json\/wp\/v2\/pages"}],"about":[{"href":"https:\/\/vipur.at\/en\/wp-json\/wp\/v2\/types\/page"}],"author":[{"embeddable":true,"href":"https:\/\/vipur.at\/en\/wp-json\/wp\/v2\/users\/2"}],"replies":[{"embeddable":true,"href":"https:\/\/vipur.at\/en\/wp-json\/wp\/v2\/comments?post=4847"}],"version-history":[{"count":59,"href":"https:\/\/vipur.at\/en\/wp-json\/wp\/v2\/pages\/4847\/revisions"}],"predecessor-version":[{"id":8664,"href":"https:\/\/vipur.at\/en\/wp-json\/wp\/v2\/pages\/4847\/revisions\/8664"}],"wp:attachment":[{"href":"https:\/\/vipur.at\/en\/wp-json\/wp\/v2\/media?parent=4847"}],"curies":[{"name":"wp","href":"https:\/\/api.w.org\/{rel}","templated":true}]}}