{"id":4991,"date":"2024-02-21T21:31:14","date_gmt":"2024-02-21T21:31:14","guid":{"rendered":"https:\/\/vipur.at\/?page_id=4991"},"modified":"2026-04-01T17:03:17","modified_gmt":"2026-04-01T17:03:17","slug":"ultrafiltration-holder","status":"publish","type":"page","link":"https:\/\/vipur.at\/en\/ultrafiltrationshalter\/","title":{"rendered":"Ultrafiltration Holder"},"content":{"rendered":"<div data-elementor-type=\"wp-page\" data-elementor-id=\"4991\" class=\"elementor elementor-4991\" data-elementor-post-type=\"page\">\n\t\t\t\t<div class=\"elementor-element elementor-element-90b08a0 e-flex e-con-boxed e-con e-parent\" data-id=\"90b08a0\" data-element_type=\"container\" data-e-type=\"container\" data-settings=\"{&quot;background_background&quot;:&quot;classic&quot;}\">\n\t\t\t\t\t<div class=\"e-con-inner\">\n\t\t\t\t<div class=\"elementor-element elementor-element-55812e4 elementor-widget elementor-widget-heading\" data-id=\"55812e4\" data-element_type=\"widget\" data-e-type=\"widget\" data-widget_type=\"heading.default\">\n\t\t\t\t<div class=\"elementor-widget-container\">\n\t\t\t\t\t<h1 class=\"elementor-heading-title elementor-size-default\">Ultrafiltration Holder<\/h1>\t\t\t\t<\/div>\n\t\t\t\t<\/div>\n\t\t\t\t\t<\/div>\n\t\t\t\t<\/div>\n\t\t<div class=\"elementor-element elementor-element-78f0baa e-flex e-con-boxed e-con e-parent\" data-id=\"78f0baa\" data-element_type=\"container\" data-e-type=\"container\">\n\t\t\t\t\t<div class=\"e-con-inner\">\n\t\t\t\t<div class=\"elementor-element elementor-element-3f50f1a elementor-widget elementor-widget-global elementor-global-630 elementor-widget-spacer\" data-id=\"3f50f1a\" data-element_type=\"widget\" data-e-type=\"widget\" data-widget_type=\"spacer.default\">\n\t\t\t\t<div class=\"elementor-widget-container\">\n\t\t\t\t\t\t\t<div class=\"elementor-spacer\">\n\t\t\t<div class=\"elementor-spacer-inner\"><\/div>\n\t\t<\/div>\n\t\t\t\t\t\t<\/div>\n\t\t\t\t<\/div>\n\t\t\t\t\t<\/div>\n\t\t\t\t<\/div>\n\t\t<div class=\"elementor-element elementor-element-a353c3d e-flex e-con-boxed e-con e-parent\" data-id=\"a353c3d\" data-element_type=\"container\" data-e-type=\"container\">\n\t\t\t\t\t<div class=\"e-con-inner\">\n\t\t<div class=\"elementor-element elementor-element-d442ef5 e-con-full e-flex e-con e-child\" data-id=\"d442ef5\" data-element_type=\"container\" data-e-type=\"container\">\n\t\t\t\t<div class=\"elementor-element elementor-element-35c9d5a elementor-widget elementor-widget-heading\" data-id=\"35c9d5a\" data-element_type=\"widget\" data-e-type=\"widget\" data-widget_type=\"heading.default\">\n\t\t\t\t<div class=\"elementor-widget-container\">\n\t\t\t\t\t<h2 class=\"elementor-heading-title elementor-size-default\">Details<\/h2>\t\t\t\t<\/div>\n\t\t\t\t<\/div>\n\t\t\t\t<div class=\"elementor-element elementor-element-be17712 elementor-widget elementor-widget-text-editor\" data-id=\"be17712\" data-element_type=\"widget\" data-e-type=\"widget\" data-widget_type=\"text-editor.default\">\n\t\t\t\t<div class=\"elementor-widget-container\">\n\t\t\t\t\t\t\t\t\t<p class=\"p1 translation-block\">vipur offers ultrafiltration holders for lab, pilot plant and production scale.<br>\nAll required surfaces can be mapped with two different holders.<br>\nThe material is 316L stainless steel.\nAll outlets are available in DN15, DN20 or DN38.\nThe maximum design pressure is 6bar.<br>\nThe ultrafiltration holders are suitable for holding ultrafiltration cassettes from different manufacturers.<\/p>\t\t\t\t\t\t\t\t<\/div>\n\t\t\t\t<\/div>\n\t\t\t\t<\/div>\n\t\t<div class=\"elementor-element elementor-element-fb61831 e-con-full e-flex e-con e-child\" data-id=\"fb61831\" data-element_type=\"container\" data-e-type=\"container\">\n\t\t\t\t<div class=\"elementor-element elementor-element-7f0007c elementor-widget elementor-widget-image\" data-id=\"7f0007c\" data-element_type=\"widget\" data-e-type=\"widget\" data-widget_type=\"image.default\">\n\t\t\t\t<div class=\"elementor-widget-container\">\n\t\t\t\t\t\t\t\t\t\t\t\t\t\t\t<img fetchpriority=\"high\" decoding=\"async\" width=\"800\" height=\"600\" src=\"https:\/\/vipur.at\/wp-content\/uploads\/2024\/03\/Ultrafiltrationshalter-1024x768.jpg\" class=\"attachment-large size-large wp-image-6211\" alt=\"ultrafiltration holders by vipur\" srcset=\"https:\/\/vipur.at\/wp-content\/uploads\/2024\/03\/Ultrafiltrationshalter-1024x768.jpg 1024w, https:\/\/vipur.at\/wp-content\/uploads\/2024\/03\/Ultrafiltrationshalter-300x225.jpg 300w, https:\/\/vipur.at\/wp-content\/uploads\/2024\/03\/Ultrafiltrationshalter-768x576.jpg 768w, https:\/\/vipur.at\/wp-content\/uploads\/2024\/03\/Ultrafiltrationshalter-16x12.jpg 16w, https:\/\/vipur.at\/wp-content\/uploads\/2024\/03\/Ultrafiltrationshalter.jpg 1080w\" sizes=\"(max-width: 800px) 100vw, 800px\" \/>\t\t\t\t\t\t\t\t\t\t\t\t\t\t\t<\/div>\n\t\t\t\t<\/div>\n\t\t\t\t<\/div>\n\t\t\t\t\t<\/div>\n\t\t\t\t<\/div>\n\t\t<div class=\"elementor-element elementor-element-c5748bc e-flex e-con-boxed e-con e-parent\" data-id=\"c5748bc\" data-element_type=\"container\" data-e-type=\"container\">\n\t\t\t\t\t<div class=\"e-con-inner\">\n\t\t\t\t<div class=\"elementor-element elementor-element-ed51227 elementor-widget elementor-widget-global elementor-global-630 elementor-widget-spacer\" data-id=\"ed51227\" data-element_type=\"widget\" data-e-type=\"widget\" data-widget_type=\"spacer.default\">\n\t\t\t\t<div class=\"elementor-widget-container\">\n\t\t\t\t\t\t\t<div class=\"elementor-spacer\">\n\t\t\t<div class=\"elementor-spacer-inner\"><\/div>\n\t\t<\/div>\n\t\t\t\t\t\t<\/div>\n\t\t\t\t<\/div>\n\t\t\t\t\t<\/div>\n\t\t\t\t<\/div>\n\t\t<div class=\"elementor-element elementor-element-7816879 e-flex e-con-boxed e-con e-parent\" data-id=\"7816879\" data-element_type=\"container\" data-e-type=\"container\" data-settings=\"{&quot;background_background&quot;:&quot;classic&quot;}\">\n\t\t\t\t\t<div class=\"e-con-inner\">\n\t\t<div class=\"elementor-element elementor-element-f2aeb6b e-flex e-con-boxed e-con e-child\" data-id=\"f2aeb6b\" data-element_type=\"container\" data-e-type=\"container\" data-settings=\"{&quot;background_background&quot;:&quot;classic&quot;}\">\n\t\t\t\t\t<div class=\"e-con-inner\">\n\t\t\t\t<div class=\"elementor-element elementor-element-bfe1c86 elementor-widget elementor-widget-heading\" data-id=\"bfe1c86\" data-element_type=\"widget\" data-e-type=\"widget\" data-widget_type=\"heading.default\">\n\t\t\t\t<div class=\"elementor-widget-container\">\n\t\t\t\t\t<h2 class=\"elementor-heading-title elementor-size-default\">Contact us here.<\/h2>\t\t\t\t<\/div>\n\t\t\t\t<\/div>\n\t\t\t\t<div class=\"elementor-element elementor-element-aff98dc elementor-align-center elementor-widget elementor-widget-button\" data-id=\"aff98dc\" data-element_type=\"widget\" data-e-type=\"widget\" data-widget_type=\"button.default\">\n\t\t\t\t<div class=\"elementor-widget-container\">\n\t\t\t\t\t\t\t\t\t<div class=\"elementor-button-wrapper\">\n\t\t\t\t\t<a class=\"elementor-button elementor-button-link elementor-size-sm\" href=\"https:\/\/vipur.at\/en\/contact\/\">\n\t\t\t\t\t\t<span class=\"elementor-button-content-wrapper\">\n\t\t\t\t\t\t\t\t\t<span class=\"elementor-button-text\">Contact<\/span>\n\t\t\t\t\t<\/span>\n\t\t\t\t\t<\/a>\n\t\t\t\t<\/div>\n\t\t\t\t\t\t\t\t<\/div>\n\t\t\t\t<\/div>\n\t\t\t\t\t<\/div>\n\t\t\t\t<\/div>\n\t\t\t\t<div class=\"elementor-element elementor-element-d276b78 elementor-widget elementor-widget-global elementor-global-630 elementor-widget-spacer\" data-id=\"d276b78\" data-element_type=\"widget\" data-e-type=\"widget\" data-widget_type=\"spacer.default\">\n\t\t\t\t<div class=\"elementor-widget-container\">\n\t\t\t\t\t\t\t<div class=\"elementor-spacer\">\n\t\t\t<div class=\"elementor-spacer-inner\"><\/div>\n\t\t<\/div>\n\t\t\t\t\t\t<\/div>\n\t\t\t\t<\/div>\n\t\t\t\t\t<\/div>\n\t\t\t\t<\/div>\n\t\t\t\t<\/div>","protected":false},"excerpt":{"rendered":"<p>Ultrafiltrationshalter Details vipur bietet Ultrafiltrationshalter f\u00fcr den Lab-, Pilot- und Produktionsma\u00dfstab an.Mit zwei unterschiedlichen Aufnahmen lassen sich alle erforderlichen Fl\u00e4chen abbilden.Das Material besteht aus Edelstahl 316L.\u00a0Alle Ausl\u00e4sse sind w\u00e4hlbar unter DN15, DN20 oder DN38.Der maximale Designdruck betr\u00e4gt 6bar.\u00a0Die Ultrafiltrationshalter sind f\u00fcr die Aufnahme von Ultrafiltrationskassetten unterschiedlicher Hersteller geeignet. Kontaktieren Sie uns hier. Kontakt<\/p>","protected":false},"author":2,"featured_media":0,"parent":0,"menu_order":0,"comment_status":"closed","ping_status":"closed","template":"","meta":{"_seopress_robots_primary_cat":"","_seopress_titles_title":"Ultrafiltrationshalter Lab-Pilot-Produktionsma\u00dfstab | vipur","_seopress_titles_desc":"vipur bietet Ultrafiltrationshalter f\u00fcr Lab-, Pilot- und Produktionsma\u00dfstab an. Geeignet f\u00fcr die Aufnahme von unterschiedlichen Ultrafiltrationskassetten.","_seopress_robots_index":"","footnotes":""},"class_list":["post-4991","page","type-page","status-publish","hentry"],"_links":{"self":[{"href":"https:\/\/vipur.at\/en\/wp-json\/wp\/v2\/pages\/4991","targetHints":{"allow":["GET"]}}],"collection":[{"href":"https:\/\/vipur.at\/en\/wp-json\/wp\/v2\/pages"}],"about":[{"href":"https:\/\/vipur.at\/en\/wp-json\/wp\/v2\/types\/page"}],"author":[{"embeddable":true,"href":"https:\/\/vipur.at\/en\/wp-json\/wp\/v2\/users\/2"}],"replies":[{"embeddable":true,"href":"https:\/\/vipur.at\/en\/wp-json\/wp\/v2\/comments?post=4991"}],"version-history":[{"count":36,"href":"https:\/\/vipur.at\/en\/wp-json\/wp\/v2\/pages\/4991\/revisions"}],"predecessor-version":[{"id":8686,"href":"https:\/\/vipur.at\/en\/wp-json\/wp\/v2\/pages\/4991\/revisions\/8686"}],"wp:attachment":[{"href":"https:\/\/vipur.at\/en\/wp-json\/wp\/v2\/media?parent=4991"}],"curies":[{"name":"wp","href":"https:\/\/api.w.org\/{rel}","templated":true}]}}