{"id":5001,"date":"2024-02-21T21:32:57","date_gmt":"2024-02-21T21:32:57","guid":{"rendered":"https:\/\/vipur.at\/?page_id=5001"},"modified":"2026-04-01T17:03:25","modified_gmt":"2026-04-01T17:03:25","slug":"filter-housings","status":"publish","type":"page","link":"https:\/\/vipur.at\/en\/filtergehaeuse\/","title":{"rendered":"Filter Housings"},"content":{"rendered":"<div data-elementor-type=\"wp-page\" data-elementor-id=\"5001\" class=\"elementor elementor-5001\" data-elementor-post-type=\"page\">\n\t\t\t\t<div class=\"elementor-element elementor-element-90b08a0 e-flex e-con-boxed e-con e-parent\" data-id=\"90b08a0\" data-element_type=\"container\" data-e-type=\"container\" data-settings=\"{&quot;background_background&quot;:&quot;classic&quot;}\">\n\t\t\t\t\t<div class=\"e-con-inner\">\n\t\t\t\t<div class=\"elementor-element elementor-element-55812e4 elementor-widget elementor-widget-heading\" data-id=\"55812e4\" data-element_type=\"widget\" data-e-type=\"widget\" data-widget_type=\"heading.default\">\n\t\t\t\t<div class=\"elementor-widget-container\">\n\t\t\t\t\t<h1 class=\"elementor-heading-title elementor-size-default\">Filter Housings<\/h1>\t\t\t\t<\/div>\n\t\t\t\t<\/div>\n\t\t\t\t\t<\/div>\n\t\t\t\t<\/div>\n\t\t<div class=\"elementor-element elementor-element-78f0baa e-flex e-con-boxed e-con e-parent\" data-id=\"78f0baa\" data-element_type=\"container\" data-e-type=\"container\">\n\t\t\t\t\t<div class=\"e-con-inner\">\n\t\t\t\t<div class=\"elementor-element elementor-element-3f50f1a elementor-widget elementor-widget-global elementor-global-630 elementor-widget-spacer\" data-id=\"3f50f1a\" data-element_type=\"widget\" data-e-type=\"widget\" data-widget_type=\"spacer.default\">\n\t\t\t\t<div class=\"elementor-widget-container\">\n\t\t\t\t\t\t\t<div class=\"elementor-spacer\">\n\t\t\t<div class=\"elementor-spacer-inner\"><\/div>\n\t\t<\/div>\n\t\t\t\t\t\t<\/div>\n\t\t\t\t<\/div>\n\t\t\t\t\t<\/div>\n\t\t\t\t<\/div>\n\t\t<div class=\"elementor-element elementor-element-a353c3d e-flex e-con-boxed e-con e-parent\" data-id=\"a353c3d\" data-element_type=\"container\" data-e-type=\"container\">\n\t\t\t\t\t<div class=\"e-con-inner\">\n\t\t<div class=\"elementor-element elementor-element-d442ef5 e-con-full e-flex e-con e-child\" data-id=\"d442ef5\" data-element_type=\"container\" data-e-type=\"container\">\n\t\t\t\t<div class=\"elementor-element elementor-element-35c9d5a elementor-widget elementor-widget-heading\" data-id=\"35c9d5a\" data-element_type=\"widget\" data-e-type=\"widget\" data-widget_type=\"heading.default\">\n\t\t\t\t<div class=\"elementor-widget-container\">\n\t\t\t\t\t<h2 class=\"elementor-heading-title elementor-size-default\">Details<\/h2>\t\t\t\t<\/div>\n\t\t\t\t<\/div>\n\t\t\t\t<div class=\"elementor-element elementor-element-be17712 elementor-widget elementor-widget-text-editor\" data-id=\"be17712\" data-element_type=\"widget\" data-e-type=\"widget\" data-widget_type=\"text-editor.default\">\n\t\t\t\t<div class=\"elementor-widget-container\">\n\t\t\t\t\t\t\t\t\t<p class=\"p1 translation-block\">vipur offers filter housings for all standard filter elements.<br>\nFor us, standard filter elements are the common adapter designs for liquid and air filter elements (e.g. Code 7\/226) and of course depth filter modules in 12\"\/16\" design.<br>\nOur engineering department can adapt standard to special housings in accordance with our filter housing specification sheet.<\/p><p class=\"p1 translation-block\">All customer requirements such as special materials, surfaces, connections, etc. can be fulfilled.<br>\n The handling process from housing definition to drawing approval and customer handover is defined internally at vipur.<\/p>\t\t\t\t\t\t\t\t<\/div>\n\t\t\t\t<\/div>\n\t\t\t\t<\/div>\n\t\t<div class=\"elementor-element elementor-element-fb61831 e-con-full e-flex e-con e-child\" data-id=\"fb61831\" data-element_type=\"container\" data-e-type=\"container\">\n\t\t\t\t<div class=\"elementor-element elementor-element-eb0a039 elementor-widget elementor-widget-image\" data-id=\"eb0a039\" data-element_type=\"widget\" data-e-type=\"widget\" data-widget_type=\"image.default\">\n\t\t\t\t<div class=\"elementor-widget-container\">\n\t\t\t\t\t\t\t\t\t\t\t\t\t\t\t<img fetchpriority=\"high\" decoding=\"async\" width=\"800\" height=\"600\" src=\"https:\/\/vipur.at\/wp-content\/uploads\/2024\/03\/Pak_Disc_Housing_Group_ErtelAlsop-vipur-1024x768.jpg\" class=\"attachment-large size-large wp-image-6146\" alt=\"filter housings for all standard filter elements by vipur\" srcset=\"https:\/\/vipur.at\/wp-content\/uploads\/2024\/03\/Pak_Disc_Housing_Group_ErtelAlsop-vipur-1024x768.jpg 1024w, https:\/\/vipur.at\/wp-content\/uploads\/2024\/03\/Pak_Disc_Housing_Group_ErtelAlsop-vipur-300x225.jpg 300w, https:\/\/vipur.at\/wp-content\/uploads\/2024\/03\/Pak_Disc_Housing_Group_ErtelAlsop-vipur-768x576.jpg 768w, https:\/\/vipur.at\/wp-content\/uploads\/2024\/03\/Pak_Disc_Housing_Group_ErtelAlsop-vipur-16x12.jpg 16w, https:\/\/vipur.at\/wp-content\/uploads\/2024\/03\/Pak_Disc_Housing_Group_ErtelAlsop-vipur.jpg 1080w\" sizes=\"(max-width: 800px) 100vw, 800px\" \/>\t\t\t\t\t\t\t\t\t\t\t\t\t\t\t<\/div>\n\t\t\t\t<\/div>\n\t\t\t\t<\/div>\n\t\t\t\t\t<\/div>\n\t\t\t\t<\/div>\n\t\t<div class=\"elementor-element elementor-element-c5748bc e-flex e-con-boxed e-con e-parent\" data-id=\"c5748bc\" data-element_type=\"container\" data-e-type=\"container\">\n\t\t\t\t\t<div class=\"e-con-inner\">\n\t\t\t\t<div class=\"elementor-element elementor-element-ed51227 elementor-widget elementor-widget-global elementor-global-630 elementor-widget-spacer\" data-id=\"ed51227\" data-element_type=\"widget\" data-e-type=\"widget\" data-widget_type=\"spacer.default\">\n\t\t\t\t<div class=\"elementor-widget-container\">\n\t\t\t\t\t\t\t<div class=\"elementor-spacer\">\n\t\t\t<div class=\"elementor-spacer-inner\"><\/div>\n\t\t<\/div>\n\t\t\t\t\t\t<\/div>\n\t\t\t\t<\/div>\n\t\t\t\t\t<\/div>\n\t\t\t\t<\/div>\n\t\t<div class=\"elementor-element elementor-element-951edfd e-flex e-con-boxed e-con e-parent\" data-id=\"951edfd\" data-element_type=\"container\" data-e-type=\"container\" data-settings=\"{&quot;background_background&quot;:&quot;classic&quot;}\">\n\t\t\t\t\t<div class=\"e-con-inner\">\n\t\t<div class=\"elementor-element elementor-element-7f0ad61 e-flex e-con-boxed e-con e-child\" data-id=\"7f0ad61\" data-element_type=\"container\" data-e-type=\"container\" data-settings=\"{&quot;background_background&quot;:&quot;classic&quot;}\">\n\t\t\t\t\t<div class=\"e-con-inner\">\n\t\t\t\t<div class=\"elementor-element elementor-element-f527003 elementor-widget elementor-widget-heading\" data-id=\"f527003\" data-element_type=\"widget\" data-e-type=\"widget\" data-widget_type=\"heading.default\">\n\t\t\t\t<div class=\"elementor-widget-container\">\n\t\t\t\t\t<h2 class=\"elementor-heading-title elementor-size-default\">Contact us here.<\/h2>\t\t\t\t<\/div>\n\t\t\t\t<\/div>\n\t\t\t\t<div class=\"elementor-element elementor-element-17d86b3 elementor-align-center elementor-widget elementor-widget-button\" data-id=\"17d86b3\" data-element_type=\"widget\" data-e-type=\"widget\" data-widget_type=\"button.default\">\n\t\t\t\t<div class=\"elementor-widget-container\">\n\t\t\t\t\t\t\t\t\t<div class=\"elementor-button-wrapper\">\n\t\t\t\t\t<a class=\"elementor-button elementor-button-link elementor-size-sm\" href=\"https:\/\/vipur.at\/en\/contact\/\">\n\t\t\t\t\t\t<span class=\"elementor-button-content-wrapper\">\n\t\t\t\t\t\t\t\t\t<span class=\"elementor-button-text\">Contact<\/span>\n\t\t\t\t\t<\/span>\n\t\t\t\t\t<\/a>\n\t\t\t\t<\/div>\n\t\t\t\t\t\t\t\t<\/div>\n\t\t\t\t<\/div>\n\t\t\t\t\t<\/div>\n\t\t\t\t<\/div>\n\t\t\t\t<div class=\"elementor-element elementor-element-fdd3cc3 elementor-widget elementor-widget-global elementor-global-630 elementor-widget-spacer\" data-id=\"fdd3cc3\" data-element_type=\"widget\" data-e-type=\"widget\" data-widget_type=\"spacer.default\">\n\t\t\t\t<div class=\"elementor-widget-container\">\n\t\t\t\t\t\t\t<div class=\"elementor-spacer\">\n\t\t\t<div class=\"elementor-spacer-inner\"><\/div>\n\t\t<\/div>\n\t\t\t\t\t\t<\/div>\n\t\t\t\t<\/div>\n\t\t\t\t\t<\/div>\n\t\t\t\t<\/div>\n\t\t\t\t<\/div>","protected":false},"excerpt":{"rendered":"<p>Filtergeh\u00e4use Details vipur bietet Filtergeh\u00e4use f\u00fcr s\u00e4mtliche Standardfilterelemente an.Standardfilterelemente sind f\u00fcr uns die g\u00e4ngige Adapterbauformen f\u00fcr Fl\u00fcssigkeits- und Luftfilterelemente (z.B. Code 7\/226) und nat\u00fcrlich Tiefenfiltermodule in 12\u201c\/16\u201c Bauform.\u00dcber unser Engineering bieten wir eine Adaptierung von Standard zu Spezialgeh\u00e4usen entsprechend unserem Filtergeh\u00e4use-Spezifikationsblattes an.\u00a0 S\u00e4mtliche Kundenw\u00fcnsche wie spezielle Materialien, Oberfl\u00e4chen, Anschl\u00fcsse, etc. k\u00f6nnen erf\u00fcllt werden.Der Abwicklungsprozess von [&hellip;]<\/p>\n","protected":false},"author":2,"featured_media":0,"parent":0,"menu_order":0,"comment_status":"closed","ping_status":"closed","template":"","meta":{"_seopress_robots_primary_cat":"","_seopress_titles_title":"Filtergeh\u00e4use f\u00fcr Standardfilterelemente | vipur","_seopress_titles_desc":"vipur bietet Filtergeh\u00e4use f\u00fcr s\u00e4mtliche Standardfilterelemente: Fl\u00fcssigkeitselemente \u2714 Luftfilterelemente \u2714 Tiefenfiltermodule \u2714 spezielle Kundenw\u00fcnsche \u2714","_seopress_robots_index":"","footnotes":""},"class_list":["post-5001","page","type-page","status-publish","hentry"],"_links":{"self":[{"href":"https:\/\/vipur.at\/en\/wp-json\/wp\/v2\/pages\/5001","targetHints":{"allow":["GET"]}}],"collection":[{"href":"https:\/\/vipur.at\/en\/wp-json\/wp\/v2\/pages"}],"about":[{"href":"https:\/\/vipur.at\/en\/wp-json\/wp\/v2\/types\/page"}],"author":[{"embeddable":true,"href":"https:\/\/vipur.at\/en\/wp-json\/wp\/v2\/users\/2"}],"replies":[{"embeddable":true,"href":"https:\/\/vipur.at\/en\/wp-json\/wp\/v2\/comments?post=5001"}],"version-history":[{"count":27,"href":"https:\/\/vipur.at\/en\/wp-json\/wp\/v2\/pages\/5001\/revisions"}],"predecessor-version":[{"id":8689,"href":"https:\/\/vipur.at\/en\/wp-json\/wp\/v2\/pages\/5001\/revisions\/8689"}],"wp:attachment":[{"href":"https:\/\/vipur.at\/en\/wp-json\/wp\/v2\/media?parent=5001"}],"curies":[{"name":"wp","href":"https:\/\/api.w.org\/{rel}","templated":true}]}}