{"id":71,"date":"2023-11-21T11:36:53","date_gmt":"2023-11-21T11:36:53","guid":{"rendered":"https:\/\/vipur.at\/?page_id=71"},"modified":"2024-03-10T20:47:51","modified_gmt":"2024-03-10T20:47:51","slug":"impressum","status":"publish","type":"page","link":"https:\/\/vipur.at\/en\/impressum\/","title":{"rendered":"Legal Notice"},"content":{"rendered":"<div data-elementor-type=\"wp-page\" data-elementor-id=\"71\" class=\"elementor elementor-71\" data-elementor-post-type=\"page\">\n\t\t\t\t<div class=\"elementor-element elementor-element-d1eeacd e-con-full e-flex e-con e-parent\" data-id=\"d1eeacd\" data-element_type=\"container\" data-e-type=\"container\">\n\t\t<div class=\"elementor-element elementor-element-4cef72c e-flex e-con-boxed e-con e-child\" data-id=\"4cef72c\" data-element_type=\"container\" data-e-type=\"container\" data-settings=\"{&quot;background_background&quot;:&quot;classic&quot;}\">\n\t\t\t\t\t<div class=\"e-con-inner\">\n\t\t\t\t<div class=\"elementor-element elementor-element-2687987 elementor-widget elementor-widget-heading\" data-id=\"2687987\" data-element_type=\"widget\" data-e-type=\"widget\" data-widget_type=\"heading.default\">\n\t\t\t\t<div class=\"elementor-widget-container\">\n\t\t\t\t\t<h1 class=\"elementor-heading-title elementor-size-default\">Legal Notice<\/h1>\t\t\t\t<\/div>\n\t\t\t\t<\/div>\n\t\t\t\t\t<\/div>\n\t\t\t\t<\/div>\n\t\t\t\t<\/div>\n\t\t<div class=\"elementor-element elementor-element-e044123 e-flex e-con-boxed e-con e-parent\" data-id=\"e044123\" data-element_type=\"container\" data-e-type=\"container\">\n\t\t\t\t\t<div class=\"e-con-inner\">\n\t\t\t\t<div class=\"elementor-element elementor-element-b2dc960 elementor-widget elementor-widget-global elementor-global-630 elementor-widget-spacer\" data-id=\"b2dc960\" data-element_type=\"widget\" data-e-type=\"widget\" data-widget_type=\"spacer.default\">\n\t\t\t\t<div class=\"elementor-widget-container\">\n\t\t\t\t\t\t\t<div class=\"elementor-spacer\">\n\t\t\t<div class=\"elementor-spacer-inner\"><\/div>\n\t\t<\/div>\n\t\t\t\t\t\t<\/div>\n\t\t\t\t<\/div>\n\t\t\t\t<div class=\"elementor-element elementor-element-93c5a69 elementor-widget elementor-widget-text-editor\" data-id=\"93c5a69\" data-element_type=\"widget\" data-e-type=\"widget\" data-widget_type=\"text-editor.default\">\n\t\t\t\t<div class=\"elementor-widget-container\">\n\t\t\t\t\t\t\t\t\t<p class=\"adsimple-122692571\">Information in accordance with the information obligation pursuant to \u00a75 E-Commerce Act, \u00a714 Austrian Commercial Code, \u00a763 Industrial Code and disclosure obligation pursuant to \u00a725 Media Act.<\/p><p class=\"adsimple-122692571\">vipur GmbH<br \/>Mariahilfer Stra\u00dfe 113\/18<br \/>1060 Vienna<br \/>Austria<\/p><p class=\"adsimple-122692571\"><strong>Business purpose:<\/strong>\u00a0Trade in filtration products for pharmaceutical and biotech companies<br \/><strong>UID number:<\/strong>\u00a0ATU74485158<br \/><strong>Company register number:<\/strong>\u00a0514043x<br \/><strong>Commercial register court:<\/strong>\u00a0Handelsgericht Wien<br \/><strong>Registered office:<\/strong>\u00a0Austria, 1060 Vienna<\/p><p class=\"adsimple-122692571\"><strong>Tel.:<\/strong>\u00a0+43\u00a01 99 74 281<br \/><strong>E-Mail:<\/strong>\u00a0<a href=\"mailto:office@vipur.at\">office@vipur.at<\/a><\/p><p class=\"adsimple-122692571\"><strong>Member of:<\/strong>\u00a0Wirtschaftskammer Wien<br \/><strong>Professional law:<\/strong>\u00a0Trade regulations: <a href=\"http:\/\/www.ris.bka.gv.at\">www.ris.bka.gv.at<\/a><br \/><strong>Supervisory authority\/trade authority: <\/strong>Bezirkshauptmannschaft Wien<br \/><strong>Managing Director: <\/strong>Wolfgang Steindl-Kratochvil<br \/><strong>Shareholding structure: <\/strong>Wolfgang Steindl-Kratochvil - Owner<br \/><strong>Our concern:<\/strong> Information about the company's goods and services<\/p>\t\t\t\t\t\t\t\t<\/div>\n\t\t\t\t<\/div>\n\t\t\t\t<div class=\"elementor-element elementor-element-414cfbc elementor-widget elementor-widget-global elementor-global-640 elementor-widget-spacer\" data-id=\"414cfbc\" data-element_type=\"widget\" data-e-type=\"widget\" data-widget_type=\"spacer.default\">\n\t\t\t\t<div class=\"elementor-widget-container\">\n\t\t\t\t\t\t\t<div class=\"elementor-spacer\">\n\t\t\t<div class=\"elementor-spacer-inner\"><\/div>\n\t\t<\/div>\n\t\t\t\t\t\t<\/div>\n\t\t\t\t<\/div>\n\t\t\t\t<div class=\"elementor-element elementor-element-e265772 elementor-widget elementor-widget-heading\" data-id=\"e265772\" data-element_type=\"widget\" data-e-type=\"widget\" data-widget_type=\"heading.default\">\n\t\t\t\t<div class=\"elementor-widget-container\">\n\t\t\t\t\t<h2 class=\"elementor-heading-title elementor-size-default\">EU dispute resolution<\/h2>\t\t\t\t<\/div>\n\t\t\t\t<\/div>\n\t\t\t\t<div class=\"elementor-element elementor-element-664fb37 elementor-widget elementor-widget-text-editor\" data-id=\"664fb37\" data-element_type=\"widget\" data-e-type=\"widget\" data-widget_type=\"text-editor.default\">\n\t\t\t\t<div class=\"elementor-widget-container\">\n\t\t\t\t\t\t\t\t\t<p>In accordance with the Regulation on Online Dispute Resolution in Consumer Matters (ODR Regulation), we would like to inform you about the online dispute resolution platform (ODR platform).<br \/>Consumers have the opportunity to submit complaints to the European Commission's online dispute resolution platform at\u00a0<a class=\"adsimple-122692571\" href=\"https:\/\/ec.europa.eu\/consumers\/odr\/main\/index.cfm?event=main.home2.show&amp;lng=DE\" target=\"_blank\" rel=\"follow noopener\">https:\/\/ec.europa.eu\/<\/a>\u00a0. You will find the necessary contact details above in our legal notice.<\/p><p>However, we would like to point out that we are not willing or obliged to participate in dispute resolution proceedings before a consumer arbitration board.<\/p>\t\t\t\t\t\t\t\t<\/div>\n\t\t\t\t<\/div>\n\t\t\t\t<div class=\"elementor-element elementor-element-b45c868 elementor-widget elementor-widget-global elementor-global-640 elementor-widget-spacer\" data-id=\"b45c868\" data-element_type=\"widget\" data-e-type=\"widget\" data-widget_type=\"spacer.default\">\n\t\t\t\t<div class=\"elementor-widget-container\">\n\t\t\t\t\t\t\t<div class=\"elementor-spacer\">\n\t\t\t<div class=\"elementor-spacer-inner\"><\/div>\n\t\t<\/div>\n\t\t\t\t\t\t<\/div>\n\t\t\t\t<\/div>\n\t\t\t\t<div class=\"elementor-element elementor-element-a8c9d7f elementor-widget elementor-widget-heading\" data-id=\"a8c9d7f\" data-element_type=\"widget\" data-e-type=\"widget\" data-widget_type=\"heading.default\">\n\t\t\t\t<div class=\"elementor-widget-container\">\n\t\t\t\t\t<h2 class=\"elementor-heading-title elementor-size-default\">Liability for the content of this website<\/h2>\t\t\t\t<\/div>\n\t\t\t\t<\/div>\n\t\t\t\t<div class=\"elementor-element elementor-element-eea0b9f elementor-widget elementor-widget-text-editor\" data-id=\"eea0b9f\" data-element_type=\"widget\" data-e-type=\"widget\" data-widget_type=\"text-editor.default\">\n\t\t\t\t<div class=\"elementor-widget-container\">\n\t\t\t\t\t\t\t\t\t<p>We are constantly developing the content of this website and endeavor to provide correct and up-to-date information. Unfortunately, we cannot accept any liability for the accuracy of all content on this website, especially that provided by third parties. As a service provider, we are not obliged to monitor the information transmitted or stored by you or to investigate circumstances that indicate illegal activity.<\/p><p>Our obligations to remove information or to block the use of information in accordance with the general laws due to court or official orders remain unaffected, even in the case of our non-responsibility.<\/p><p>If you notice any problematic or illegal content, please contact us immediately so that we can remove the illegal content. You will find the contact details in the imprint.<\/p>\t\t\t\t\t\t\t\t<\/div>\n\t\t\t\t<\/div>\n\t\t\t\t<div class=\"elementor-element elementor-element-a33f405 elementor-widget elementor-widget-global elementor-global-640 elementor-widget-spacer\" data-id=\"a33f405\" data-element_type=\"widget\" data-e-type=\"widget\" data-widget_type=\"spacer.default\">\n\t\t\t\t<div class=\"elementor-widget-container\">\n\t\t\t\t\t\t\t<div class=\"elementor-spacer\">\n\t\t\t<div class=\"elementor-spacer-inner\"><\/div>\n\t\t<\/div>\n\t\t\t\t\t\t<\/div>\n\t\t\t\t<\/div>\n\t\t\t\t<div class=\"elementor-element elementor-element-b05314b elementor-widget elementor-widget-heading\" data-id=\"b05314b\" data-element_type=\"widget\" data-e-type=\"widget\" data-widget_type=\"heading.default\">\n\t\t\t\t<div class=\"elementor-widget-container\">\n\t\t\t\t\t<h2 class=\"elementor-heading-title elementor-size-default\">Liability for links on this website<\/h2>\t\t\t\t<\/div>\n\t\t\t\t<\/div>\n\t\t\t\t<div class=\"elementor-element elementor-element-c615ddb elementor-widget elementor-widget-text-editor\" data-id=\"c615ddb\" data-element_type=\"widget\" data-e-type=\"widget\" data-widget_type=\"text-editor.default\">\n\t\t\t\t<div class=\"elementor-widget-container\">\n\t\t\t\t\t\t\t\t\t<p>Our website contains links to other websites for whose content we are not responsible. We are not liable for linked websites, as we had and have no knowledge of illegal activities, we have not noticed any such illegal activities and we would remove links immediately if we became aware of any illegal activities.<\/p><p>If you notice any illegal links on our website, please contact us. You will find the contact details in the imprint.<\/p>\t\t\t\t\t\t\t\t<\/div>\n\t\t\t\t<\/div>\n\t\t\t\t<div class=\"elementor-element elementor-element-813d409 elementor-widget elementor-widget-global elementor-global-640 elementor-widget-spacer\" data-id=\"813d409\" data-element_type=\"widget\" data-e-type=\"widget\" data-widget_type=\"spacer.default\">\n\t\t\t\t<div class=\"elementor-widget-container\">\n\t\t\t\t\t\t\t<div class=\"elementor-spacer\">\n\t\t\t<div class=\"elementor-spacer-inner\"><\/div>\n\t\t<\/div>\n\t\t\t\t\t\t<\/div>\n\t\t\t\t<\/div>\n\t\t\t\t<div class=\"elementor-element elementor-element-d43ffb2 elementor-widget elementor-widget-heading\" data-id=\"d43ffb2\" data-element_type=\"widget\" data-e-type=\"widget\" data-widget_type=\"heading.default\">\n\t\t\t\t<div class=\"elementor-widget-container\">\n\t\t\t\t\t<h2 class=\"elementor-heading-title elementor-size-default\">Copyright notice<\/h2>\t\t\t\t<\/div>\n\t\t\t\t<\/div>\n\t\t\t\t<div class=\"elementor-element elementor-element-008a839 elementor-widget elementor-widget-text-editor\" data-id=\"008a839\" data-element_type=\"widget\" data-e-type=\"widget\" data-widget_type=\"text-editor.default\">\n\t\t\t\t<div class=\"elementor-widget-container\">\n\t\t\t\t\t\t\t\t\t<p>All contents of this website (images, photos, texts, videos) are subject to copyright. Please ask us before distributing, reproducing or exploiting the content of this website, for example by republishing it on other websites. If necessary, we will take legal action against the unauthorized use of parts of the content of our website.<\/p><p>If you find any content on this website that violates copyright law, please contact us.<\/p><p>All texts are protected by copyright.<\/p>\t\t\t\t\t\t\t\t<\/div>\n\t\t\t\t<\/div>\n\t\t\t\t<div class=\"elementor-element elementor-element-7476814 elementor-widget elementor-widget-text-editor\" data-id=\"7476814\" data-element_type=\"widget\" data-e-type=\"widget\" data-widget_type=\"text-editor.default\">\n\t\t\t\t<div class=\"elementor-widget-container\">\n\t\t\t\t\t\t\t\t\t<p>Website created by Stefanie Hubmer.<\/p>\t\t\t\t\t\t\t\t<\/div>\n\t\t\t\t<\/div>\n\t\t\t\t<div class=\"elementor-element elementor-element-0c19266 elementor-widget elementor-widget-global elementor-global-630 elementor-widget-spacer\" data-id=\"0c19266\" data-element_type=\"widget\" data-e-type=\"widget\" data-widget_type=\"spacer.default\">\n\t\t\t\t<div class=\"elementor-widget-container\">\n\t\t\t\t\t\t\t<div class=\"elementor-spacer\">\n\t\t\t<div class=\"elementor-spacer-inner\"><\/div>\n\t\t<\/div>\n\t\t\t\t\t\t<\/div>\n\t\t\t\t<\/div>\n\t\t\t\t\t<\/div>\n\t\t\t\t<\/div>\n\t\t\t\t<\/div>","protected":false},"excerpt":{"rendered":"<p>Impressum Angaben gem\u00e4\u00df Informationspflicht laut \u00a75 E-Commerce Gesetz, \u00a714 Unternehmensgesetzbuch, \u00a763 Gewerbeordnung und Offenlegungspflicht laut \u00a725 Mediengesetz. vipur GmbHMariahilfer Stra\u00dfe 113\/181060 Wien\u00d6sterreich Unternehmensgegenstand:\u00a0Handel mit Filtrationsprodukten f\u00fcr Pharma- und Biotech-UnternehmenUID-Nummer:\u00a0ATU74485158Firmenbuchnummer:\u00a0514043xFirmenbuchgericht:\u00a0Handelsgericht WienFirmensitz:\u00a0\u00d6sterreich, 1060 Wien Tel.:\u00a0+43\u00a01 99 74 281E-Mail:\u00a0office@vipur.at Mitglied bei:\u00a0Wirtschaftskammer WienBerufsrecht:\u00a0Gewerbeordnung: www.ris.bka.gv.atAufsichtsbeh\u00f6rde\/Gewerbebeh\u00f6rde: Bezirkshauptmannschaft WienGesch\u00e4ftsf\u00fchrer: Wolfgang Steindl-KratochvilBeteiligungsverh\u00e4ltnisse: Wolfgang Steindl-Kratochvil &#8211; Eigent\u00fcmerUnser Anliegen: Information \u00fcber Waren und Dienstleistungen des [&hellip;]<\/p>\n","protected":false},"author":2,"featured_media":0,"parent":0,"menu_order":0,"comment_status":"closed","ping_status":"closed","template":"","meta":{"_seopress_robots_primary_cat":"","_seopress_titles_title":"","_seopress_titles_desc":"","_seopress_robots_index":"","footnotes":""},"class_list":["post-71","page","type-page","status-publish","hentry"],"_links":{"self":[{"href":"https:\/\/vipur.at\/en\/wp-json\/wp\/v2\/pages\/71","targetHints":{"allow":["GET"]}}],"collection":[{"href":"https:\/\/vipur.at\/en\/wp-json\/wp\/v2\/pages"}],"about":[{"href":"https:\/\/vipur.at\/en\/wp-json\/wp\/v2\/types\/page"}],"author":[{"embeddable":true,"href":"https:\/\/vipur.at\/en\/wp-json\/wp\/v2\/users\/2"}],"replies":[{"embeddable":true,"href":"https:\/\/vipur.at\/en\/wp-json\/wp\/v2\/comments?post=71"}],"version-history":[{"count":52,"href":"https:\/\/vipur.at\/en\/wp-json\/wp\/v2\/pages\/71\/revisions"}],"predecessor-version":[{"id":7455,"href":"https:\/\/vipur.at\/en\/wp-json\/wp\/v2\/pages\/71\/revisions\/7455"}],"wp:attachment":[{"href":"https:\/\/vipur.at\/en\/wp-json\/wp\/v2\/media?parent=71"}],"curies":[{"name":"wp","href":"https:\/\/api.w.org\/{rel}","templated":true}]}}